{"id":68167,"date":"2024-12-03T09:02:14","date_gmt":"2024-12-03T08:02:14","guid":{"rendered":"https:\/\/smania.store\/cz\/vyrobek\/vodotesna-butylova-paska-herculebind\/"},"modified":"2026-04-14T17:29:27","modified_gmt":"2026-04-14T15:29:27","slug":"vodotesna-butylova-paska-herculebind","status":"publish","type":"product","link":"https:\/\/smania.store\/cz\/vyrobek\/vodotesna-butylova-paska-herculebind\/","title":{"rendered":"Vodot\u011bsn\u00e1 butylov\u00e1 p\u00e1ska HerculeBind\u2122"},"content":{"rendered":"<div class=\"smania_landing_description_title\">Nov\u00e1 a super siln\u00e1! Pro opravdov\u00e9 mistry dom\u00e1c\u00edch oprav!<\/div>\n<div class=\"smania_landing_description_txt\">Opravte a ut\u011bsn\u011bte ka\u017edou net\u011bsnost!<\/div>\n<div class=\"smania_landing_description_subtitle\">Sbohem net\u011bsnostem a prasklin\u00e1m! Lepic\u00ed p\u00e1ska HerculeBind\u2122 je dokonal\u00fdm rychl\u00fdm a \u00fa\u010dinn\u00fdm \u0159e\u0161en\u00edm pro ka\u017edou opravu. Snadno se p\u0159ipevn\u00ed a okam\u017eit\u011b ut\u011bsn\u00ed jak\u00fdkoli povrch, mokr\u00fd i such\u00fd, studen\u00fd i tepl\u00fd. Zvolte bezpe\u010dnost a odolnost pro ka\u017edou nouzovou situaci!<\/div>\n<div class=\"smania_landing_description_list\">\n<ul>\n<li>Super siln\u00e1 p\u0159ilnavost na jak\u00e9mkoli povrchu<\/li>\n<li>Odolnost v\u016f\u010di vod\u011b a extr\u00e9mn\u00edm podm\u00ednk\u00e1m<\/li>\n<li>Okam\u017eit\u00e9 a trval\u00e9 ut\u011bsn\u011bn\u00ed<\/li>\n<li>Vhodn\u00e9 i pro mokr\u00e9 povrchy<\/li>\n<li>Snadn\u00e9 pou\u017eit\u00ed, rychl\u00e1 aplikace<\/li>\n<li>Ide\u00e1ln\u00ed velikost: 300 cm x 10 cm x 1,2 mm<\/li>\n<\/ul><\/div>\n","protected":false},"excerpt":{"rendered":"<p>Okam\u017eit\u011b oprav\u00ed jakoukoli net\u011bsnost|Ide\u00e1ln\u00ed pro potrub\u00ed a st\u0159echy|Vhodn\u00e9 i pro mokr\u00e9 povrchy|Ide\u00e1ln\u00ed pro jak\u00fdkoli tvar a povrch|Ut\u011bs\u0148uje vodu, vlhkost, p\u00e1ru, korozivn\u00ed chemik\u00e1lie a dal\u0161\u00ed \u00faniky|Okam\u017eit\u00e9 a bezpe\u010dn\u00e9 ut\u011bsn\u011bn\u00ed|Vhodn\u00e9 pro r\u016fzn\u00e9 opravy dom\u016f|Neuv\u011b\u0159iteln\u011b trvanliv\u00fd: odoln\u00fd v\u016f\u010di vysok\u00e9mu tlaku, vod\u011b a extr\u00e9mn\u00edm teplot\u00e1m|Materi\u00e1l: hlin\u00edk a guma|Velikost: 300 cm x 10 cm x 1,2 mm<\/p>\n","protected":false},"featured_media":68156,"template":"","meta":[],"product_cat":[16,222],"product_tag":[1503],"acf":[],"_links":{"self":[{"href":"https:\/\/smania.store\/cz\/wp-json\/wp\/v2\/product\/68167"}],"collection":[{"href":"https:\/\/smania.store\/cz\/wp-json\/wp\/v2\/product"}],"about":[{"href":"https:\/\/smania.store\/cz\/wp-json\/wp\/v2\/types\/product"}],"wp:featuredmedia":[{"embeddable":true,"href":"https:\/\/smania.store\/cz\/wp-json\/wp\/v2\/media\/68156"}],"wp:attachment":[{"href":"https:\/\/smania.store\/cz\/wp-json\/wp\/v2\/media?parent=68167"}],"wp:term":[{"taxonomy":"product_cat","embeddable":true,"href":"https:\/\/smania.store\/cz\/wp-json\/wp\/v2\/product_cat?post=68167"},{"taxonomy":"product_tag","embeddable":true,"href":"https:\/\/smania.store\/cz\/wp-json\/wp\/v2\/product_tag?post=68167"}],"curies":[{"name":"wp","href":"https:\/\/api.w.org\/{rel}","templated":true}]}}