{"id":65950,"date":"2024-11-19T07:24:04","date_gmt":"2024-11-19T06:24:04","guid":{"rendered":"https:\/\/smania.store\/cz\/vyrobek\/odstranovac-rzi-ve-spreji-rust-cleaner\/"},"modified":"2026-04-14T17:29:25","modified_gmt":"2026-04-14T15:29:25","slug":"odstranovac-rzi-ve-spreji-rust-cleaner","status":"publish","type":"product","link":"https:\/\/smania.store\/cz\/vyrobek\/odstranovac-rzi-ve-spreji-rust-cleaner\/","title":{"rendered":"Odstra\u0148ova\u010d rzi ve spreji Rust Cleaner"},"content":{"rendered":"<div class=\"smania_landing_description_title\">Zcela nov\u00e1 \u00farove\u0148 odstra\u0148ov\u00e1n\u00ed rzi!<\/div>\n<div class=\"smania_landing_description_txt\">Odstra\u0148uje tvrdou rez b\u011bhem n\u011bkolika minut!<\/div>\n<div class=\"smania_landing_description_subtitle\">Nast\u0159\u00edkejte, vydrhn\u011bte a dokon\u010dete! Rust Cleaner snadno obnov\u00ed zreziv\u011bl\u00e9 povrchy. Rychle rozpou\u0161t\u00ed odolnou rez, obnovuje \u010dist\u00fd, hladk\u00fd povrch, vytv\u00e1\u0159\u00ed ochrann\u00fd film p\u0159i odstra\u0148ov\u00e1n\u00ed skvrn od rzi a zabra\u0148uje op\u011btovn\u00e9mu zreziv\u011bn\u00ed kovu, tak\u017ee va\u0161e p\u0159edm\u011bty vydr\u017e\u00ed d\u00e9le.<\/div>\n<div class=\"smania_landing_description_list\">\n<ul>\n<li>5x s\u00edla odstra\u0148ov\u00e1n\u00ed rzi: Tato vysoce odoln\u00e1 tekut\u00e1 receptura p\u0159ilne, aby zcela rozpustila skvrny od rzi bez drhnut\u00ed<\/li>\n<li>Okam\u017eit\u011b rozpou\u0161t\u00ed tvrdou rez: Snadno odstra\u0148uje tvrdou rez ze v\u0161ech kovov\u00fdch a chromov\u00fdch povrch\u016f b\u011bhem 3 minut!<\/li>\n<li>Dlouhotrvaj\u00edc\u00ed 3let\u00e1 ochrana: Odstra\u0148uje rez a dod\u00e1v\u00e1 kov z\u00e1kladn\u00ed n\u00e1t\u011br, aby se zabr\u00e1nilo korozi po dobu 3 let<\/li>\n<li>Snadno se st\u0159\u00edk\u00e1, bez oplachov\u00e1n\u00ed: Jednodu\u0161e nast\u0159\u00edkejte a aplikujte na zreziv\u011bl\u00fd povrch, bez dotyku nebo ochrann\u00fdch pom\u016fcek!<\/li>\n<li>V\u00edce\u00fa\u010delov\u00e9: Skv\u011bl\u00e9 pro koupelny, toalety, kuchy\u0148sk\u00e9 n\u00e1\u010din\u00ed a kovov\u00e9 povrchy v autech<\/li>\n<\/ul><\/div>\n","protected":false},"excerpt":{"rendered":"<p>Snadno a okam\u017eit\u011b odstra\u0148uje rez a obnovuje lesk|Chr\u00e1n\u00ed povrch p\u0159ed oxidac\u00ed pro dlouhodob\u00fd efekt|Bezpe\u010dn\u00e9 pou\u017eit\u00ed na t\u00e9m\u011b\u0159 v\u0161echny povrchy|Objem: 400 ml|Doba pou\u017eitelnosti: 3 roky|Skladov\u00e1n\u00ed: Skladujte na chladn\u00e9m, stinn\u00e9m m\u00edst\u011b<\/p>\n","protected":false},"featured_media":91307,"template":"","meta":[],"product_cat":[16,18,2715],"product_tag":[2460,1500],"acf":[],"_links":{"self":[{"href":"https:\/\/smania.store\/cz\/wp-json\/wp\/v2\/product\/65950"}],"collection":[{"href":"https:\/\/smania.store\/cz\/wp-json\/wp\/v2\/product"}],"about":[{"href":"https:\/\/smania.store\/cz\/wp-json\/wp\/v2\/types\/product"}],"wp:featuredmedia":[{"embeddable":true,"href":"https:\/\/smania.store\/cz\/wp-json\/wp\/v2\/media\/91307"}],"wp:attachment":[{"href":"https:\/\/smania.store\/cz\/wp-json\/wp\/v2\/media?parent=65950"}],"wp:term":[{"taxonomy":"product_cat","embeddable":true,"href":"https:\/\/smania.store\/cz\/wp-json\/wp\/v2\/product_cat?post=65950"},{"taxonomy":"product_tag","embeddable":true,"href":"https:\/\/smania.store\/cz\/wp-json\/wp\/v2\/product_tag?post=65950"}],"curies":[{"name":"wp","href":"https:\/\/api.w.org\/{rel}","templated":true}]}}