{"id":65247,"date":"2024-11-14T12:15:12","date_gmt":"2024-11-14T11:15:12","guid":{"rendered":"https:\/\/smania.store\/cz\/vyrobek\/paintstripper-sprej-na-odstranovani-nateru-kovu\/"},"modified":"2026-04-10T21:55:18","modified_gmt":"2026-04-10T19:55:18","slug":"paintstripper-sprej-na-odstranovani-nateru-kovu","status":"publish","type":"product","link":"https:\/\/smania.store\/cz\/vyrobek\/paintstripper-sprej-na-odstranovani-nateru-kovu\/","title":{"rendered":"PAINTSTRIPPER\u2122 Sprej na odstra\u0148ov\u00e1n\u00ed n\u00e1t\u011br\u016f kov\u016f"},"content":{"rendered":"<div class=\"smania_landing_description_title\">NOVINKA: Odstra\u0148ova\u010d barev a lak\u016f<\/div>\n<div class=\"smania_landing_description_txt\">Prom\u011b\u0148te povrchy b\u011bhem n\u011bkolika sekund!<\/div>\n<div class=\"smania_landing_description_subtitle\">U\u017e m\u00e1te dost star\u00fdch nat\u0159en\u00fdch povrch\u016f, kter\u00e9 ni\u010d\u00ed v\u00e1\u0161 prostor? S odstra\u0148ova\u010dem n\u00e1t\u011br\u016f ve spreji PAINTSTRIPPER\u2122 m\u016f\u017eete prom\u011bnit kov, d\u0159evo a cihly pouh\u00fdmi n\u011bkolika tahy. Rozlu\u010dte se s chaosem tradi\u010dn\u00edho odstra\u0148ov\u00e1n\u00ed n\u00e1t\u011br\u016f d\u00edky na\u0161emu gelov\u00e9mu slo\u017een\u00ed odoln\u00e9mu proti kap\u00e1n\u00ed. Z\u00edskejte bezchybn\u00e9 v\u00fdsledky bez n\u00e1mahy s na\u0161\u00edm v\u00fdkonn\u00fdm pr\u016fmyslov\u00fdm aerosolem. Ne\u010dekejte a prove\u010fte revoluci ve sv\u00fdch prostor\u00e1ch je\u0161t\u011b dnes!<\/div>\n<div class=\"smania_landing_description_list\">\n<ul>\n<li>Vysok\u00e1 pr\u016fmyslov\u00e1 s\u00edla pro rychl\u00e9 v\u00fdsledky<\/li>\n<li>Vhodn\u00fd na kovy, funguje tak\u00e9 na d\u0159evo a cihly<\/li>\n<li>Gelov\u00e9 slo\u017een\u00ed, kter\u00e9 se nerozl\u00e9v\u00e1<\/li>\n<li>Snadn\u00e1 aplikace pomoc\u00ed aerosolov\u00e9ho spreje<\/li>\n<li>Odstra\u0148uje barvy, laky a lepidla<\/li>\n<li>Kompatibiln\u00ed i se svisl\u00fdmi povrchy<\/li>\n<\/ul><\/div>\n","protected":false},"excerpt":{"rendered":"<p>Odstra\u0148uje barvu b\u011bhem n\u011bkolika hodin|Ide\u00e1ln\u00ed na odoln\u00e9 n\u00e1t\u011bry|Ide\u00e1ln\u00ed na kov, funguje tak\u00e9 na beton, dla\u017edice a d\u0159evo|Bezprobl\u00e9mov\u00e9 v\u00fdsledky|Rychl\u00fd a \u00fa\u010dinn\u00fd efekt|Zm\u011b\u0148te vzhled sv\u00fdch m\u00edstnost\u00ed|Vytv\u00e1\u0159\u00ed \u010dist\u00fd povrch|Univerz\u00e1ln\u00ed na mnoha povr\u0161\u00edch|Objem: 450 ml<\/p>\n","protected":false},"featured_media":68749,"template":"","meta":[],"product_cat":[16,2715],"product_tag":[2730,2716,2729],"acf":[],"_links":{"self":[{"href":"https:\/\/smania.store\/cz\/wp-json\/wp\/v2\/product\/65247"}],"collection":[{"href":"https:\/\/smania.store\/cz\/wp-json\/wp\/v2\/product"}],"about":[{"href":"https:\/\/smania.store\/cz\/wp-json\/wp\/v2\/types\/product"}],"wp:featuredmedia":[{"embeddable":true,"href":"https:\/\/smania.store\/cz\/wp-json\/wp\/v2\/media\/68749"}],"wp:attachment":[{"href":"https:\/\/smania.store\/cz\/wp-json\/wp\/v2\/media?parent=65247"}],"wp:term":[{"taxonomy":"product_cat","embeddable":true,"href":"https:\/\/smania.store\/cz\/wp-json\/wp\/v2\/product_cat?post=65247"},{"taxonomy":"product_tag","embeddable":true,"href":"https:\/\/smania.store\/cz\/wp-json\/wp\/v2\/product_tag?post=65247"}],"curies":[{"name":"wp","href":"https:\/\/api.w.org\/{rel}","templated":true}]}}