{"id":64261,"date":"2024-11-07T11:57:02","date_gmt":"2024-11-07T10:57:02","guid":{"rendered":"https:\/\/smania.store\/cz\/vyrobek\/vykonny-viceucelovy-cistici-prasek-powderwipe\/"},"modified":"2026-04-10T09:28:59","modified_gmt":"2026-04-10T07:28:59","slug":"vykonny-viceucelovy-cistici-prasek-powderwipe","status":"publish","type":"product","link":"https:\/\/smania.store\/cz\/vyrobek\/vykonny-viceucelovy-cistici-prasek-powderwipe\/","title":{"rendered":"V\u00fdkonn\u00fd v\u00edce\u00fa\u010delov\u00fd \u010distic\u00ed pr\u00e1\u0161ek PowderWipe"},"content":{"rendered":"<div class=\"smania_landing_description_title\">Novinka! V\u00edce\u00fa\u010delov\u00fd \u010distic\u00ed pr\u00e1\u0161ek PowderWipe<\/div>\n<div class=\"smania_landing_description_txt\">S ut\u011brkou Powderwipe bude va\u0161e trouba, baterie, n\u00e1dob\u00ed a spor\u00e1k op\u011bt z\u00e1\u0159it!<\/div>\n<div class=\"smania_landing_description_subtitle\">M\u00e1te u\u017e dost odoln\u00fdch skvrn, mastnoty a p\u0159ip\u00e1len\u00e9 \u0161p\u00edny? \u010cistic\u00ed pr\u00e1\u0161ek PowderWipe \u00fa\u010dinn\u011b rozb\u00edj\u00ed lepkav\u00e9 skvrny a obnovuje sv\u011b\u017e\u00ed, leskl\u00fd vzhled va\u0161eho kuchy\u0148sk\u00e9ho n\u00e1\u010din\u00ed, n\u00e1dob\u00ed a dal\u0161\u00edch povrch\u016f &#8211; bez n\u00e1mahy!<\/div>\n<div class=\"smania_landing_description_list\">\n<ul>\n<li>\u00da\u010dinn\u011b odstra\u0148uje odoln\u00e9 skvrny &#8211; u\u017e \u017e\u00e1dn\u00e9 nekone\u010dn\u00e9 drhnut\u00ed<\/li>\n<li>Vhodn\u00fd pro v\u0161echny typy povrch\u016f: n\u00e1dob\u00ed, desky, spor\u00e1k a dal\u0161\u00ed!<\/li>\n<li>\u0160etrn\u00e9 a bezpe\u010dn\u00e9 slo\u017een\u00ed, bez \u0161kodliv\u00fdch chemik\u00e1li\u00ed<\/li>\n<li>\u0160et\u0159\u00ed \u010das &#8211; pracuje rychle a efektivn\u011b<\/li>\n<\/ul><\/div>\n","protected":false},"excerpt":{"rendered":"<p>Snadno odstra\u0148uje roky starou mastnotu z trouby|Prodlu\u017euje \u017eivotnost va\u0161eho n\u00e1dob\u00ed|Bezpe\u010dn\u00e9 pou\u017eit\u00ed na r\u016fzn\u00fdch povr\u0161\u00edch bez po\u0161kozen\u00ed|Baleno ve vodot\u011bsn\u00e9m obalu|Pe\u010dliv\u011b vytvo\u0159en\u00e9, netoxick\u00e9, nedr\u00e1\u017ediv\u00e9 a nekorozivn\u00ed slo\u017een\u00ed|Jednoduch\u00e9 pou\u017eit\u00ed: Naberte \u010dajovou l\u017ei\u010dku pr\u00e1\u0161ku, p\u0159idejte vodu, nechte 10 minut p\u016fsobit, ot\u0159ete a opl\u00e1chn\u011bte vodou.|Objem: 200 g<\/p>\n","protected":false},"featured_media":88032,"template":"","meta":[],"product_cat":[16,2715,223],"product_tag":[2716],"acf":[],"_links":{"self":[{"href":"https:\/\/smania.store\/cz\/wp-json\/wp\/v2\/product\/64261"}],"collection":[{"href":"https:\/\/smania.store\/cz\/wp-json\/wp\/v2\/product"}],"about":[{"href":"https:\/\/smania.store\/cz\/wp-json\/wp\/v2\/types\/product"}],"wp:featuredmedia":[{"embeddable":true,"href":"https:\/\/smania.store\/cz\/wp-json\/wp\/v2\/media\/88032"}],"wp:attachment":[{"href":"https:\/\/smania.store\/cz\/wp-json\/wp\/v2\/media?parent=64261"}],"wp:term":[{"taxonomy":"product_cat","embeddable":true,"href":"https:\/\/smania.store\/cz\/wp-json\/wp\/v2\/product_cat?post=64261"},{"taxonomy":"product_tag","embeddable":true,"href":"https:\/\/smania.store\/cz\/wp-json\/wp\/v2\/product_tag?post=64261"}],"curies":[{"name":"wp","href":"https:\/\/api.w.org\/{rel}","templated":true}]}}