{"id":63987,"date":"2024-11-05T10:51:34","date_gmt":"2024-11-05T09:51:34","guid":{"rendered":"https:\/\/smania.store\/cz\/vyrobek\/lestidlo-na-svetlomety-carlight-pro\/"},"modified":"2026-03-21T17:12:21","modified_gmt":"2026-03-21T16:12:21","slug":"lestidlo-na-svetlomety-carlight-pro","status":"publish","type":"product","link":"https:\/\/smania.store\/cz\/vyrobek\/lestidlo-na-svetlomety-carlight-pro\/","title":{"rendered":"Le\u0161tidlo na sv\u011btlomety CarLight Pro"},"content":{"rendered":"<div class=\"smania_landing_description_title\">Novinka! CarLight Pro: obnovte vzhled sv\u00fdch sv\u011btlomet\u016f a z\u00edskejte zcela nov\u00fd vzhled.<\/div>\n<div class=\"smania_landing_description_txt\">Zajist\u011bte si vynikaj\u00edc\u00ed viditelnost &#8211; bez nutnosti v\u00fdm\u011bny sv\u011btlomet\u016f!<\/div>\n<div class=\"smania_landing_description_subtitle\">Pokud jsou va\u0161e sv\u011btlomety zaml\u017een\u00e9 a za\u017eloutl\u00e9, m\u016f\u017ee b\u00fdt va\u0161e viditelnost na silnici v noci sn\u00ed\u017eena a\u017e o 80 %! To v\u0161ak neznamen\u00e1, \u017ee je mus\u00edte vym\u011bnit. Pou\u017eijte p\u0159\u00edpravek CarLight Pro a obnovte lesk sv\u00fdch sv\u011btlomet\u016f.<\/div>\n<div class=\"smania_landing_description_list\">\n<ul>\n<li>\u00da\u010dinn\u011b odstra\u0148uje za\u017eloutnut\u00ed sv\u011btlomet\u016f<\/li>\n<li>Obnovuje p\u016fvodn\u00ed lesk sv\u011btlomet\u016f<\/li>\n<li>Zvy\u0161uje bezpe\u010dnost d\u00edky jasn\u011bj\u0161\u00edm a viditeln\u011bj\u0161\u00edm sv\u011btl\u016fm<\/li>\n<li>Udr\u017euje vzhled sv\u011btlomet\u016f jako nov\u00fdch po del\u0161\u00ed dobu<\/li>\n<\/ul><\/div>\n","protected":false},"excerpt":{"rendered":"<p>\u0160et\u0159\u00ed n\u00e1klady na v\u00fdm\u011bnu sv\u011btlomet\u016f|Obnovuje jasnost sv\u011btlomet\u016f|Zabra\u0148uje dal\u0161\u00edmu \u017eloutnut\u00ed|\u00da\u010dinn\u00e9 slo\u017een\u00ed pro odstran\u011bn\u00ed \u017elut\u00fdch skvrn|Vhodn\u00e9 pro v\u0161echny typy sv\u011btlomet\u016f bez ohledu na zna\u010dku nebo model vozidla|Jednoduch\u00e9 pou\u017eit\u00ed: vy\u010dist\u011bte povrch, rovnom\u011brn\u011b nast\u0159\u00edkejte, rozet\u0159ete had\u0159\u00edkem a po\u010dkejte, a\u017e zaschne.|Objem: 30 ml<\/p>\n","protected":false},"featured_media":68188,"template":"","meta":[],"product_cat":[18,2715],"product_tag":[2717,2716,1500],"acf":[],"_links":{"self":[{"href":"https:\/\/smania.store\/cz\/wp-json\/wp\/v2\/product\/63987"}],"collection":[{"href":"https:\/\/smania.store\/cz\/wp-json\/wp\/v2\/product"}],"about":[{"href":"https:\/\/smania.store\/cz\/wp-json\/wp\/v2\/types\/product"}],"wp:featuredmedia":[{"embeddable":true,"href":"https:\/\/smania.store\/cz\/wp-json\/wp\/v2\/media\/68188"}],"wp:attachment":[{"href":"https:\/\/smania.store\/cz\/wp-json\/wp\/v2\/media?parent=63987"}],"wp:term":[{"taxonomy":"product_cat","embeddable":true,"href":"https:\/\/smania.store\/cz\/wp-json\/wp\/v2\/product_cat?post=63987"},{"taxonomy":"product_tag","embeddable":true,"href":"https:\/\/smania.store\/cz\/wp-json\/wp\/v2\/product_tag?post=63987"}],"curies":[{"name":"wp","href":"https:\/\/api.w.org\/{rel}","templated":true}]}}