{"id":61470,"date":"2024-09-04T13:10:02","date_gmt":"2024-09-04T11:10:02","guid":{"rendered":"https:\/\/smania.store\/cz\/vyrobek\/produkt-na-obnovu-interieru-auta-ultra-shine\/"},"modified":"2026-03-17T07:45:34","modified_gmt":"2026-03-17T06:45:34","slug":"produkt-na-obnovu-interieru-auta-ultra-shine","status":"publish","type":"product","link":"https:\/\/smania.store\/cz\/vyrobek\/produkt-na-obnovu-interieru-auta-ultra-shine\/","title":{"rendered":"Produkt na obnovu interi\u00e9ru auta Ultra Shine"},"content":{"rendered":"<div class=\"smania_landing_description_title\">NOVINKA! Ultra Shine \u2013 Obnovte lesk sv\u00e9ho auta a chra\u0148te ho cel\u00fd rok<\/div>\n<div class=\"smania_landing_description_txt\">Dejte sv\u00e9mu vozidlu lesk, kter\u00fd si zaslou\u017e\u00ed.<\/div>\n<div class=\"smania_landing_description_subtitle\">Hled\u00e1te zp\u016fsob, jak o\u017eivit interi\u00e9rov\u00e9 a exteri\u00e9rov\u00e9 plastov\u00e9 \u010d\u00e1sti va\u0161eho auta? Ultra Shine je ide\u00e1ln\u00ed \u0159e\u0161en\u00ed pro obnovu interi\u00e9ru i exteri\u00e9ru va\u0161eho vozidla. Tento \u00fa\u010dinn\u00fd produkt obnov\u00ed lesk v\u0161ech plastov\u00fdch \u010d\u00e1st\u00ed a ochr\u00e1n\u00ed je p\u0159ed vn\u011bj\u0161\u00edmi vlivy. A\u0165 u\u017e se jedn\u00e1 o vnit\u0159n\u00ed nebo vn\u011bj\u0161\u00ed komponenty, Ultra Shine ud\u011bl\u00e1 z va\u0161eho vozidla nov\u00fd kousek.<\/div>\n<div class=\"smania_landing_description_list\">\n<ul>\n<li>Dlouhodob\u00e1 ochrana: Jedna aplikace zajist\u00ed lesk a ochranu plastov\u00fdch \u010d\u00e1st\u00ed va\u0161eho auta na cel\u00fd rok<\/li>\n<li>Univerz\u00e1ln\u00ed pou\u017eit\u00ed: Produkt lze pou\u017e\u00edt na interi\u00e9rov\u00e9 i exteri\u00e9rov\u00e9 plastov\u00e9 \u010d\u00e1sti vozidla<\/li>\n<li>Obnova lesku: Obnovuje p\u016fvodn\u00ed lesk plastov\u00fdch povrch\u016f a chr\u00e1n\u00ed je p\u0159ed \u0161kodliv\u00fdmi \u00fa\u010dinky, jako je oxidace a UV z\u00e1\u0159en\u00ed<\/li>\n<li>Snadn\u00e1 aplikace: Sta\u010d\u00ed aplikovat produkt na po\u017eadovan\u00e9 \u010d\u00e1sti a rychle a jednodu\u0161e obnovit jejich vzhled<\/li>\n<\/ul><\/div>\n","protected":false},"excerpt":{"rendered":"<p>Rychl\u00e1 obnova: Rychle a efektivn\u011b o\u017eivuje vzhled plastov\u00fdch \u010d\u00e1st\u00ed va\u0161eho auta|Dlouhodob\u00e1 ochrana: Chr\u00e1n\u00ed plast p\u0159ed st\u00e1rnut\u00edm, blednut\u00edm a po\u0161kozen\u00edm prost\u0159ed\u00edm a\u017e 12 m\u011bs\u00edc\u016f|Univerz\u00e1ln\u00ed pou\u017eit\u00ed: Vhodn\u00e9 pro v\u0161echny plastov\u00e9 \u010d\u00e1sti vozidla, v\u010detn\u011b interi\u00e9ru i exteri\u00e9ru|Snadn\u00e9 pou\u017eit\u00ed: Jednoduch\u00e1 aplikace bez komplikovan\u00fdch postup\u016f|Objem: 100 ml, dostate\u010dn\u00fd pro o\u0161et\u0159en\u00ed cel\u00e9ho vozidla|UV ochrana: Chr\u00e1n\u00ed plastov\u00e9 \u010d\u00e1sti p\u0159ed \u0161kodliv\u00fdmi \u00fa\u010dinky slune\u010dn\u00edho z\u00e1\u0159en\u00ed|Vhodn\u00e9 pro interi\u00e9r i exteri\u00e9r: Ide\u00e1ln\u00ed pro pou\u017eit\u00ed uvnit\u0159 i vn\u011b vozidla|Bezpe\u010dn\u00e9 pou\u017eit\u00ed: Neobsahuje \u0161kodliv\u00e9 chemik\u00e1lie a je \u0161etrn\u00fd k materi\u00e1l\u016fm<\/p>\n","protected":false},"featured_media":68719,"template":"","meta":[],"product_cat":[18,2715],"product_tag":[1500],"acf":[],"_links":{"self":[{"href":"https:\/\/smania.store\/cz\/wp-json\/wp\/v2\/product\/61470"}],"collection":[{"href":"https:\/\/smania.store\/cz\/wp-json\/wp\/v2\/product"}],"about":[{"href":"https:\/\/smania.store\/cz\/wp-json\/wp\/v2\/types\/product"}],"wp:featuredmedia":[{"embeddable":true,"href":"https:\/\/smania.store\/cz\/wp-json\/wp\/v2\/media\/68719"}],"wp:attachment":[{"href":"https:\/\/smania.store\/cz\/wp-json\/wp\/v2\/media?parent=61470"}],"wp:term":[{"taxonomy":"product_cat","embeddable":true,"href":"https:\/\/smania.store\/cz\/wp-json\/wp\/v2\/product_cat?post=61470"},{"taxonomy":"product_tag","embeddable":true,"href":"https:\/\/smania.store\/cz\/wp-json\/wp\/v2\/product_tag?post=61470"}],"curies":[{"name":"wp","href":"https:\/\/api.w.org\/{rel}","templated":true}]}}