{"id":61437,"date":"2024-09-04T13:07:47","date_gmt":"2024-09-04T11:07:47","guid":{"rendered":"https:\/\/smania.store\/cz\/vyrobek\/odstranovac-skrabancu-nano-polish\/"},"modified":"2026-04-24T14:57:25","modified_gmt":"2026-04-24T12:57:25","slug":"odstranovac-skrabancu-nano-polish","status":"publish","type":"product","link":"https:\/\/smania.store\/cz\/vyrobek\/odstranovac-skrabancu-nano-polish\/","title":{"rendered":"Odstra\u0148ova\u010d \u0161kr\u00e1banc\u016f Nano Polish"},"content":{"rendered":"<div class=\"smania_landing_description_title\">NOVINKA! Nano Polish \u2013 Va\u0161e auto bude op\u011bt jako nov\u00e9<\/div>\n<div class=\"smania_landing_description_txt\">Snadn\u00e9 odstran\u011bn\u00ed \u0161kr\u00e1banc\u016f s kouzelnou formul\u00ed.<\/div>\n<div class=\"smania_landing_description_subtitle\">Zaznamenali jste \u0161kr\u00e1bance na va\u0161em aut\u011b, kter\u00e9 kaz\u00ed jeho vzhled? Nano Polish je tu, aby v\u00e1m pomohl! Tento revolu\u010dn\u00ed produkt v\u00e1m umo\u017en\u00ed odstranit \u0161kr\u00e1bance sami a obnovit lesk va\u0161eho auta. \u017d\u00e1dn\u00e9 drah\u00e9 n\u00e1v\u0161t\u011bvy v autolakovn\u011b \u2013 jednodu\u0161e naneste Nano Polish a sledujte, jak \u0161kr\u00e1bance zmiz\u00ed b\u011bhem n\u011bkolika sekund.<\/div>\n<div class=\"smania_landing_description_list\">\n<ul>\n<li>Rychl\u00e9 odstran\u011bn\u00ed \u0161kr\u00e1banc\u016f: S Nano Polish odstran\u00edte \u0161kr\u00e1bance b\u011bhem n\u011bkolika sekund a vr\u00e1t\u00edte autu lesk<\/li>\n<li>Snadn\u00e9 pou\u017eit\u00ed: Bez slo\u017eit\u00fdch postup\u016f \u2013 sta\u010d\u00ed nan\u00e9st a set\u0159\u00edt<\/li>\n<li>Dlouhotrvaj\u00edc\u00ed ochrana: Po odstran\u011bn\u00ed \u0161kr\u00e1banc\u016f chr\u00e1n\u00ed va\u0161e auto p\u0159ed dal\u0161\u00edm po\u0161kozen\u00edm<\/li>\n<li>\u0160et\u0159\u00ed \u010das a pen\u00edze: Zapome\u0148te na drah\u00e9 opravy \u2013 Nano Polish je rychl\u00e9 a cenov\u011b dostupn\u00e9 \u0159e\u0161en\u00ed<\/li>\n<li>Bezpe\u010dn\u00fd pro va\u0161e auto: Neobsahuje \u0161kodliv\u00e9 chemik\u00e1lie, kter\u00e9 by mohly po\u0161kodit karoserii va\u0161eho vozidla<\/li>\n<\/ul><\/div>\n","protected":false},"excerpt":{"rendered":"<p>Rychl\u00fd \u00fa\u010dinek: \u0160kr\u00e1bance jsou odstran\u011bny b\u011bhem n\u011bkolika sekund a va\u0161e auto op\u011bt z\u00e1\u0159\u00ed jako nov\u00e9|Pohodln\u00e9 a \u00fa\u010dinn\u00e9: Ide\u00e1ln\u00ed \u0159e\u0161en\u00ed, kdy\u017e nem\u00e1te \u010das nebo prost\u0159edky na n\u00e1v\u0161t\u011bvu autolakovny|Dlouhotrvaj\u00edc\u00ed ochrana: Nejen \u017ee obnov\u00ed va\u0161e auto, ale tak\u00e9 ho chr\u00e1n\u00ed p\u0159ed budouc\u00edm po\u0161kozen\u00edm|Snadn\u00e9 pou\u017eit\u00ed: Navr\u017eeno pro dom\u00e1c\u00ed pou\u017eit\u00ed, bez pot\u0159eby speci\u00e1ln\u00edch n\u00e1stroj\u016f|Objem: 30 ml, dostate\u010dn\u00fd pro v\u00edce aplikac\u00ed|Univerz\u00e1lnost: Vhodn\u00fd pro v\u0161echny typy automobilov\u00fdch povrch\u016f|\u0160etrn\u00fd k \u017eivotn\u00edmu prost\u0159ed\u00ed: Bez agresivn\u00edch chemik\u00e1li\u00ed, bezpe\u010dn\u00fd pro pou\u017eit\u00ed doma|Vysok\u00e1 \u00fa\u010dinnost: Zaru\u010den\u00e9 v\u00fdsledky, kter\u00e9 v\u00e1s nezklamou<\/p>\n","protected":false},"featured_media":82031,"template":"","meta":[],"product_cat":[18,2715],"product_tag":[2717,1500],"acf":[],"_links":{"self":[{"href":"https:\/\/smania.store\/cz\/wp-json\/wp\/v2\/product\/61437"}],"collection":[{"href":"https:\/\/smania.store\/cz\/wp-json\/wp\/v2\/product"}],"about":[{"href":"https:\/\/smania.store\/cz\/wp-json\/wp\/v2\/types\/product"}],"wp:featuredmedia":[{"embeddable":true,"href":"https:\/\/smania.store\/cz\/wp-json\/wp\/v2\/media\/82031"}],"wp:attachment":[{"href":"https:\/\/smania.store\/cz\/wp-json\/wp\/v2\/media?parent=61437"}],"wp:term":[{"taxonomy":"product_cat","embeddable":true,"href":"https:\/\/smania.store\/cz\/wp-json\/wp\/v2\/product_cat?post=61437"},{"taxonomy":"product_tag","embeddable":true,"href":"https:\/\/smania.store\/cz\/wp-json\/wp\/v2\/product_tag?post=61437"}],"curies":[{"name":"wp","href":"https:\/\/api.w.org\/{rel}","templated":true}]}}