{"id":61387,"date":"2024-09-04T12:47:44","date_gmt":"2024-09-04T10:47:44","guid":{"rendered":"https:\/\/smania.store\/cz\/vyrobek\/vceli-vosk-na-drevo-bee-wax\/"},"modified":"2026-04-24T14:57:26","modified_gmt":"2026-04-24T12:57:26","slug":"vceli-vosk-na-drevo-bee-wax","status":"publish","type":"product","link":"https:\/\/smania.store\/cz\/vyrobek\/vceli-vosk-na-drevo-bee-wax\/","title":{"rendered":"V\u010del\u00ed vosk na d\u0159evo Bee Wax"},"content":{"rendered":"<div class=\"smania_landing_description_title\">NOVINKA! Bee Wax \u2013 Obnovte lesk sv\u00e9ho d\u0159ev\u011bn\u00e9ho n\u00e1bytku<\/div>\n<div class=\"smania_landing_description_txt\">Vra\u0165te \u017eivot sv\u00e9mu d\u0159ev\u011bn\u00e9mu n\u00e1bytku!<\/div>\n<div class=\"smania_landing_description_subtitle\">Jste unaveni z nudn\u00e9ho a opot\u0159ebovan\u00e9ho vzhledu sv\u00e9ho star\u00e9ho d\u0159ev\u011bn\u00e9ho n\u00e1bytku? Bee Wax je skv\u011bl\u00fd le\u0161t\u00edc\u00ed prost\u0159edek, kter\u00fd obnov\u00ed lesk a p\u0159irozenou kr\u00e1su va\u0161eho n\u00e1bytku. Nemus\u00edte se zbavovat star\u00e9ho n\u00e1bytku \u2013 s t\u00edmto voskem bude vypadat jako nov\u00fd. Objem 150 ml je dostate\u010dn\u00fd na a\u017e 8 m\u00b2 d\u0159ev\u011bn\u00fdch povrch\u016f, co\u017e ho \u010din\u00ed ide\u00e1ln\u00edm pro revitalizaci va\u0161ich obl\u00edben\u00fdch kousk\u016f.<\/div>\n<div class=\"smania_landing_description_list\">\n<ul>\n<li>Obnovuje lesk: O\u017eivuje d\u0159ev\u011bn\u00e9 povrchy a obnovuje jejich p\u0159irozen\u00fd lesk, d\u00edky \u010demu\u017e n\u00e1bytek vypad\u00e1 jako nov\u00fd<\/li>\n<li>Jednoduch\u00e9 pou\u017eit\u00ed: Rychl\u00e1 a snadn\u00e1 aplikace, kter\u00e1 va\u0161emu n\u00e1bytku poskytne dlouhotrvaj\u00edc\u00ed lesk a ochranu<\/li>\n<li>Ochrana proti po\u0161kr\u00e1b\u00e1n\u00ed: Chr\u00e1n\u00ed d\u0159evo p\u0159ed po\u0161kozen\u00edm a zabra\u0148uje po\u0161kr\u00e1b\u00e1n\u00ed<\/li>\n<li>Vod\u011bodoln\u00e1 ochrana: Vytv\u00e1\u0159\u00ed vod\u011bodolnou bari\u00e9ru, kter\u00e1 chr\u00e1n\u00ed v\u00e1\u0161 n\u00e1bytek p\u0159ed vlhkost\u00ed<\/li>\n<li>Netoxick\u00fd a bezpe\u010dn\u00fd: Obsahuje v\u010del\u00ed vosk, kter\u00fd je bezpe\u010dn\u00fd pro pou\u017eit\u00ed, netoxick\u00fd a \u0161etrn\u00fd k poko\u017ece<\/li>\n<\/ul><\/div>\n","protected":false},"excerpt":{"rendered":"<p>Obnova d\u0159eva: Obnovuje d\u0159ev\u011bn\u00fd n\u00e1bytek do jeho p\u0159irozen\u00e9ho stavu se zrcadlov\u00fdm leskem a ochranou|Dlouhotrvaj\u00edc\u00ed ochrana: Zabra\u0148uje po\u0161kozen\u00ed a chr\u00e1n\u00ed d\u0159ev\u011bn\u00e9 povrchy p\u0159ed vlhkost\u00ed a po\u0161kr\u00e1b\u00e1n\u00edm|Univerz\u00e1ln\u00ed pou\u017eit\u00ed: Ide\u00e1ln\u00ed pro d\u0159ev\u011bn\u00e9 podlahy, stoly, \u017eidle, dve\u0159e a dal\u0161\u00ed d\u0159ev\u011bn\u00fd n\u00e1bytek|Bezpe\u010dn\u00fd pro pou\u017eit\u00ed: Netoxick\u00e1 formule s v\u010del\u00edm voskem, vhodn\u00e1 pro dom\u00e1cnosti s d\u011btmi a dom\u00e1c\u00edmi mazl\u00ed\u010dky|Objem: 150 ml, dostate\u010dn\u00fd na a\u017e 8 m\u00b2 d\u0159ev\u011bn\u00fdch povrch\u016f|Formule s v\u010del\u00edm voskem: P\u0159\u00edrodn\u00ed slo\u017een\u00ed, kter\u00e9 vy\u017eivuje a chr\u00e1n\u00ed d\u0159evo|Jednoduch\u00e9 pou\u017eit\u00ed: Sta\u010d\u00ed nan\u00e9st m\u011bkkou had\u0159\u00edkem a u\u017e\u00edvat si obnoven\u00fd lesk|Netoxick\u00fd: Vosk je bezpe\u010dn\u00fd pro vnit\u0159n\u00ed pou\u017eit\u00ed, bez \u0161kodliv\u00fdch chemik\u00e1li\u00ed<\/p>\n","protected":false},"featured_media":68906,"template":"","meta":[],"product_cat":[16,2715],"product_tag":[2460],"acf":[],"_links":{"self":[{"href":"https:\/\/smania.store\/cz\/wp-json\/wp\/v2\/product\/61387"}],"collection":[{"href":"https:\/\/smania.store\/cz\/wp-json\/wp\/v2\/product"}],"about":[{"href":"https:\/\/smania.store\/cz\/wp-json\/wp\/v2\/types\/product"}],"wp:featuredmedia":[{"embeddable":true,"href":"https:\/\/smania.store\/cz\/wp-json\/wp\/v2\/media\/68906"}],"wp:attachment":[{"href":"https:\/\/smania.store\/cz\/wp-json\/wp\/v2\/media?parent=61387"}],"wp:term":[{"taxonomy":"product_cat","embeddable":true,"href":"https:\/\/smania.store\/cz\/wp-json\/wp\/v2\/product_cat?post=61387"},{"taxonomy":"product_tag","embeddable":true,"href":"https:\/\/smania.store\/cz\/wp-json\/wp\/v2\/product_tag?post=61387"}],"curies":[{"name":"wp","href":"https:\/\/api.w.org\/{rel}","templated":true}]}}