{"id":61376,"date":"2024-09-04T12:47:11","date_gmt":"2024-09-04T10:47:11","guid":{"rendered":"https:\/\/smania.store\/cz\/vyrobek\/pasta-na-opravu-keramiky-ultra-paste\/"},"modified":"2026-04-14T09:07:48","modified_gmt":"2026-04-14T07:07:48","slug":"pasta-na-opravu-keramiky-ultra-paste","status":"publish","type":"product","link":"https:\/\/smania.store\/cz\/vyrobek\/pasta-na-opravu-keramiky-ultra-paste\/","title":{"rendered":"Pasta na opravu keramiky Ultra Paste"},"content":{"rendered":"<div class=\"smania_landing_description_title\">NOVINKA! Ultra Paste \u2013 Jednoduch\u00e9 \u0159e\u0161en\u00ed na opravu keramiky<\/div>\n<div class=\"smania_landing_description_txt\">Opravte po\u0161kozenou keramiku b\u011bhem okam\u017eiku!<\/div>\n<div class=\"smania_landing_description_subtitle\">Jste unaveni z prasklin a po\u0161kozen\u00ed na va\u0161ich obl\u00edben\u00fdch keramick\u00fdch p\u0159edm\u011btech? S Ultra Paste bude v\u00e1\u0161 probl\u00e9m vy\u0159e\u0161en rychleji, ne\u017e si mysl\u00edte. Tato mimo\u0159\u00e1dn\u011b \u00fa\u010dinn\u00e1 pasta je navr\u017eena pro opravu od\u0161t\u00edpnut\u00fdch dla\u017edic, zlomen\u00fdch okraj\u016f a praskl\u00e9 keramiky, p\u0159i\u010dem\u017e poskytuje dokonal\u00fd v\u00fdsledek ji\u017e po jedn\u00e9 aplikaci.<\/div>\n<div class=\"smania_landing_description_list\">\n<ul>\n<li>Rychl\u00e1 a snadn\u00e1 oprava: Obnovte po\u0161kozenou keramiku b\u011bhem n\u011bkolika minut jednou jednoduchou aplikac\u00ed<\/li>\n<li>Dokonal\u00e9 spojen\u00ed: Pasta se bezchybn\u011b spojuje s barvou a texturou va\u0161\u00ed keramiky, tak\u017ee opravy budou neviditeln\u00e9<\/li>\n<li>Univerz\u00e1ln\u00ed pou\u017eit\u00ed: Ide\u00e1ln\u00ed pro v\u0161echny typy keramick\u00fdch povrch\u016f \u2013 od dla\u017edic po \u0161\u00e1lky a v\u00e1zy<\/li>\n<li>\u0160et\u0159\u00ed \u010das a pen\u00edze: Vyhn\u011bte se drah\u00fdm v\u00fdm\u011bn\u00e1m a zdlouhav\u00fdm oprav\u00e1m s jednoduchou a \u00fa\u010dinnou Ultra Paste<\/li>\n<li>Trval\u00e9 \u0159e\u0161en\u00ed: Po zaschnut\u00ed je oprava pevn\u00e1 a odoln\u00e1 v\u016f\u010di ka\u017edodenn\u00edmu pou\u017e\u00edv\u00e1n\u00ed<\/li>\n<\/ul><\/div>\n","protected":false},"excerpt":{"rendered":"<p>Dokonal\u00e9 vypln\u011bn\u00ed: Pasta \u00fa\u010dinn\u011b vypl\u0148uje v\u0161echny praskliny, od\u0161t\u00edpnut\u00e9 okraje a d\u00edrky|Rychl\u00e9 schnut\u00ed: Opravy jsou pevn\u00e9 ji\u017e za 10 minut|Vodot\u011bsn\u00e1: Po oprav\u011b bude povrch odoln\u00fd v\u016f\u010di vod\u011b a jin\u00fdm tekutin\u00e1m|Neviditeln\u00e9 opravy: Pasta se dokonale spoj\u00ed s va\u0161\u00ed keramikou, bez viditeln\u00fdch stop|Objem: 100 g, dostate\u010dn\u00fd pro n\u011bkolik oprav|Vysoce kvalitn\u00ed slo\u017een\u00ed: Navr\u017eeno pro trvanlivost a pevnost|Snadn\u00e9 pou\u017eit\u00ed: Sta\u010d\u00ed sm\u00edchat, nan\u00e9st a vyhladit|Univerz\u00e1ln\u00ed: Vhodn\u00e1 pro dla\u017edice, porcel\u00e1n, sklen\u011bn\u00e9 p\u0159edm\u011bty a mnoho dal\u0161\u00edho|POZN\u00c1MKA: v\u00fdrobek je vhodn\u00fd pouze pro b\u00edlou keramiku<\/p>\n","protected":false},"featured_media":82181,"template":"","meta":[],"product_cat":[16,2715],"product_tag":[2460,1535,2729],"acf":[],"_links":{"self":[{"href":"https:\/\/smania.store\/cz\/wp-json\/wp\/v2\/product\/61376"}],"collection":[{"href":"https:\/\/smania.store\/cz\/wp-json\/wp\/v2\/product"}],"about":[{"href":"https:\/\/smania.store\/cz\/wp-json\/wp\/v2\/types\/product"}],"wp:featuredmedia":[{"embeddable":true,"href":"https:\/\/smania.store\/cz\/wp-json\/wp\/v2\/media\/82181"}],"wp:attachment":[{"href":"https:\/\/smania.store\/cz\/wp-json\/wp\/v2\/media?parent=61376"}],"wp:term":[{"taxonomy":"product_cat","embeddable":true,"href":"https:\/\/smania.store\/cz\/wp-json\/wp\/v2\/product_cat?post=61376"},{"taxonomy":"product_tag","embeddable":true,"href":"https:\/\/smania.store\/cz\/wp-json\/wp\/v2\/product_tag?post=61376"}],"curies":[{"name":"wp","href":"https:\/\/api.w.org\/{rel}","templated":true}]}}