{"id":61333,"date":"2024-09-04T12:41:16","date_gmt":"2024-09-04T10:41:16","guid":{"rendered":"https:\/\/smania.store\/cz\/vyrobek\/tesnici-sprej-leak-proof\/"},"modified":"2026-04-25T22:37:32","modified_gmt":"2026-04-25T20:37:32","slug":"tesnici-sprej-leak-proof","status":"publish","type":"product","link":"https:\/\/smania.store\/cz\/vyrobek\/tesnici-sprej-leak-proof\/","title":{"rendered":"T\u011bsn\u00edc\u00ed sprej Leak Proof"},"content":{"rendered":"<div class=\"smania_landing_description_title\">NOVINKA! Leak Proof \u2013 Perfektn\u00ed \u0159e\u0161en\u00ed pro v\u0161echny va\u0161e \u00faniky<\/div>\n<div class=\"smania_landing_description_txt\">Efektivn\u011b ut\u011bsn\u011bte \u00faniky a praskliny okam\u017eit\u011b<\/div>\n<div class=\"smania_landing_description_subtitle\">Jste unaveni z neust\u00e1l\u00e9ho \u0159e\u0161en\u00ed \u00fanik\u016f, prasklin a mezer ve va\u0161em dom\u011b nebo vozidle? Tento v\u00fdjime\u010dn\u00fd t\u011bsn\u00edc\u00ed sprej nab\u00edz\u00ed \u0161pi\u010dkovou ochranu a v\u0161estrann\u00e9 pou\u017eit\u00ed. Jednoduch\u00e9, rychl\u00e9 a \u00fa\u010dinn\u00e9 \u2013 opravte \u00faniky b\u011bhem n\u011bkolika sekund bez pot\u0159eby drah\u00fdch profesion\u00e1ln\u00edch slu\u017eeb.<\/div>\n<div class=\"smania_landing_description_list\">\n<ul>\n<li>Vynikaj\u00edc\u00ed odolnost v\u016f\u010di pov\u011btrnostn\u00edm vliv\u016fm: T\u011bsn\u00edc\u00ed sprej Leak Proof je navr\u017een tak, aby odolal v\u0161em pov\u011btrnostn\u00edm podm\u00ednk\u00e1m, od hork\u00fdch let po mraziv\u00e9 zimy, bez prask\u00e1n\u00ed nebo loup\u00e1n\u00ed<\/li>\n<li>Zcela vodot\u011bsn\u00fd: Vytv\u00e1\u0159\u00ed nepropustnou bari\u00e9ru, kter\u00e1 zcela odpuzuje vodu a zabra\u0148uje pronik\u00e1n\u00ed vlhkosti<\/li>\n<li>Nep\u0159ekonateln\u00e1 v\u0161estrannost: Pou\u017eijte jej k vypln\u011bn\u00ed mezer u oken, prasklin v koupelnov\u00fdch dla\u017edic\u00edch nebo \u00fanik\u016f ve va\u0161em vozidle<\/li>\n<li>Snadn\u00e9 pou\u017eit\u00ed: Jednodu\u0161e naneste sprej, vytvarujte t\u011bsn\u011bn\u00ed a nechte zaschnout \u2013 bez komplikac\u00ed, bez nepo\u0159\u00e1dku<\/li>\n<li>Dlouhotrvaj\u00edc\u00ed ochrana: Vytv\u00e1\u0159\u00ed trvanliv\u00e9, flexibiln\u00ed t\u011bsn\u011bn\u00ed, kter\u00e9 vydr\u017e\u00ed i v nejt\u011b\u017e\u0161\u00edch podm\u00ednk\u00e1ch<\/li>\n<\/ul><\/div>\n","protected":false},"excerpt":{"rendered":"<p>Trval\u00e1 ochrana: T\u011bsn\u00edc\u00ed sprej poskytuje dlouhotrvaj\u00edc\u00ed ochranu, odol\u00e1v\u00e1 zm\u011bknut\u00ed v letn\u00edm horku a prask\u00e1n\u00ed nebo loup\u00e1n\u00ed v zimn\u00edm mrazu|V\u0161estrann\u00e9 pou\u017eit\u00ed: Vhodn\u00e9 pro d\u0159evo, kov, dla\u017edice, textilie, sklo, plast, hlin\u00edk, porcel\u00e1n, s\u00e1drokarton, cement a mnoho dal\u0161\u00edho|P\u0159esn\u00e1 aplikace: P\u0159esn\u00e1 tryska umo\u017e\u0148uje kontrolovanou aplikaci bez p\u0159ebyte\u010dn\u00e9ho materi\u00e1lu|Pr\u016fmyslov\u00e1 kvalita: D\u016fv\u011b\u0159uj\u00ed mu jak dom\u00e1c\u00ed kutilov\u00e9, tak profesion\u00e1lov\u00e9, co\u017e z n\u011bj \u010din\u00ed p\u0159edn\u00ed volbu v pr\u016fmyslu|Objem: 375 ml, dostate\u010dn\u00e9 mno\u017estv\u00ed pro v\u00edce projekt\u016f|Rychl\u00e9 schnut\u00ed: Efektivn\u00ed ut\u011bsn\u011bn\u00ed b\u011bhem n\u011bkolika minut, bez pot\u0159eby dal\u0161\u00edch n\u00e1stroj\u016f|Nepor\u00e9zn\u00ed ochrana: Odolnost v\u016f\u010di pov\u011btrnostn\u00edm vliv\u016fm a zcela vodot\u011bsn\u00e9 pro dlouhotrvaj\u00edc\u00ed ochranu|Pou\u017eit\u00ed: Ide\u00e1ln\u00ed pro domy, vozidla, lod\u011b a dal\u0161\u00ed aplikace, kde je pot\u0159eba spolehliv\u00e9 t\u011bsn\u011bn\u00ed<\/p>\n","protected":false},"featured_media":90285,"template":"","meta":[],"product_cat":[16,2715],"product_tag":[2460,2729],"acf":[],"_links":{"self":[{"href":"https:\/\/smania.store\/cz\/wp-json\/wp\/v2\/product\/61333"}],"collection":[{"href":"https:\/\/smania.store\/cz\/wp-json\/wp\/v2\/product"}],"about":[{"href":"https:\/\/smania.store\/cz\/wp-json\/wp\/v2\/types\/product"}],"wp:featuredmedia":[{"embeddable":true,"href":"https:\/\/smania.store\/cz\/wp-json\/wp\/v2\/media\/90285"}],"wp:attachment":[{"href":"https:\/\/smania.store\/cz\/wp-json\/wp\/v2\/media?parent=61333"}],"wp:term":[{"taxonomy":"product_cat","embeddable":true,"href":"https:\/\/smania.store\/cz\/wp-json\/wp\/v2\/product_cat?post=61333"},{"taxonomy":"product_tag","embeddable":true,"href":"https:\/\/smania.store\/cz\/wp-json\/wp\/v2\/product_tag?post=61333"}],"curies":[{"name":"wp","href":"https:\/\/api.w.org\/{rel}","templated":true}]}}