{"id":61303,"date":"2024-09-04T12:39:31","date_gmt":"2024-09-04T10:39:31","guid":{"rendered":"https:\/\/smania.store\/cz\/vyrobek\/hnojivo-na-rostliny-floravita\/"},"modified":"2026-04-17T13:28:11","modified_gmt":"2026-04-17T11:28:11","slug":"hnojivo-na-rostliny-floravita","status":"publish","type":"product","link":"https:\/\/smania.store\/cz\/vyrobek\/hnojivo-na-rostliny-floravita\/","title":{"rendered":"Hnojivo na rostliny Floravita"},"content":{"rendered":"<div class=\"smania_landing_description_title\">NOVINKA! Floravita \u2013 Vdechn\u011bte \u017eivot sv\u00fdm rostlin\u00e1m<\/div>\n<div class=\"smania_landing_description_txt\">Revolu\u010dn\u00ed hnojivo pro siln\u011bj\u0161\u00ed a zdrav\u011bj\u0161\u00ed rostliny<\/div>\n<div class=\"smania_landing_description_subtitle\">Chcete, aby va\u0161e rostliny rostly rychleji, byly zdrav\u011bj\u0161\u00ed a kvetly jako nikdy p\u0159edt\u00edm? Floravita je inovativn\u00ed hnojivo navr\u017een\u00e9 p\u0159edn\u00edmi odborn\u00edky, kter\u00e9 va\u0161im rostlin\u00e1m poskytne \u0161pi\u010dkovou p\u00e9\u010di a podpo\u0159\u00ed rychlej\u0161\u00ed r\u016fst.<\/div>\n<div class=\"smania_landing_description_list\">\n<ul>\n<li>Zrychlen\u00fd r\u016fst: Floravita umo\u017e\u0148uje rostlin\u00e1m r\u016fst a\u017e 2x rychleji ne\u017e s jin\u00fdmi hnojivy na trhu<\/li>\n<li>Zlep\u0161en\u00e1 absorpce: Podporuje ko\u0159eny, aby l\u00e9pe vst\u0159eb\u00e1valy vodu a \u017eiviny, \u010d\u00edm\u017e zvy\u0161uje efektivitu r\u016fstu<\/li>\n<li>Ochrana proti \u0161k\u016fdc\u016fm: Vytv\u00e1\u0159\u00ed p\u0159irozenou bari\u00e9ru, kter\u00e1 odpuzuje \u0161k\u016fdce, tak\u017ee rostliny mohou r\u016fst neru\u0161en\u011b<\/li>\n<li>Jednoduch\u00e9 pou\u017eit\u00ed: Sta\u010d\u00ed sm\u00edchat doporu\u010denou d\u00e1vku s vodou a aplikovat kolem rostlin \u2013 bez komplikac\u00ed<\/li>\n<li>Bezpe\u010dn\u00e9 pro \u017eivotn\u00ed prost\u0159ed\u00ed: Neobsahuje \u0161kodliv\u00e9 chemik\u00e1lie ani syntetick\u00e9 p\u0159\u00edsady, kter\u00e9 by mohly po\u0161kodit \u017eivotn\u00ed prost\u0159ed\u00ed<\/li>\n<\/ul>\n<\/div>\n","protected":false},"excerpt":{"rendered":"<p>Rychl\u00fd a zdrav\u00fd r\u016fst: Va\u0161e rostliny porostou rychleji, budou siln\u011bj\u0161\u00ed a odoln\u011bj\u0161\u00ed|Dlouhotrvaj\u00edc\u00ed ochrana: \u00da\u010dinn\u011b odpuzuje \u0161k\u016fdce a udr\u017euje va\u0161e rostliny v bezpe\u010d\u00ed|Vhodn\u00e9 pro v\u0161echny rostliny: U\u017eite\u010dn\u00e9 pro vnit\u0159n\u00ed i venkovn\u00ed rostliny a kv\u011btiny|Ekologick\u00e9: Formula bez \u0161kodliv\u00fdch chemik\u00e1li\u00ed, bezpe\u010dn\u00e1 pro \u017eivotn\u00ed prost\u0159ed\u00ed i v\u00e1\u0161 domov|Objem: 200 ml koncentr\u00e1tu na v\u00edcen\u00e1sobn\u00e9 pou\u017eit\u00ed|Jednoduch\u00e1 aplikace: Sm\u00edchejte s vodou a aplikujte na p\u016fdu kolem rostlin|Vhodn\u00e9 pro vnit\u0159n\u00ed i venkovn\u00ed rostliny: Ide\u00e1ln\u00ed pro ka\u017ed\u00fd zahradn\u00ed projekt|\u0160pi\u010dkov\u00e1 p\u00e9\u010de: Formula, kter\u00e1 zajist\u00ed, \u017ee va\u0161e rostliny budou z\u00e1\u0159it v pln\u00e9 kr\u00e1se<\/p>\n","protected":false},"featured_media":61293,"template":"","meta":[],"product_cat":[16],"product_tag":[1504],"acf":[],"_links":{"self":[{"href":"https:\/\/smania.store\/cz\/wp-json\/wp\/v2\/product\/61303"}],"collection":[{"href":"https:\/\/smania.store\/cz\/wp-json\/wp\/v2\/product"}],"about":[{"href":"https:\/\/smania.store\/cz\/wp-json\/wp\/v2\/types\/product"}],"wp:featuredmedia":[{"embeddable":true,"href":"https:\/\/smania.store\/cz\/wp-json\/wp\/v2\/media\/61293"}],"wp:attachment":[{"href":"https:\/\/smania.store\/cz\/wp-json\/wp\/v2\/media?parent=61303"}],"wp:term":[{"taxonomy":"product_cat","embeddable":true,"href":"https:\/\/smania.store\/cz\/wp-json\/wp\/v2\/product_cat?post=61303"},{"taxonomy":"product_tag","embeddable":true,"href":"https:\/\/smania.store\/cz\/wp-json\/wp\/v2\/product_tag?post=61303"}],"curies":[{"name":"wp","href":"https:\/\/api.w.org\/{rel}","templated":true}]}}