{"id":61292,"date":"2024-09-04T12:38:55","date_gmt":"2024-09-04T10:38:55","guid":{"rendered":"https:\/\/smania.store\/cz\/vyrobek\/cistic-na-podlahy-floor-max\/"},"modified":"2026-04-16T22:28:38","modified_gmt":"2026-04-16T20:28:38","slug":"cistic-na-podlahy-floor-max","status":"publish","type":"product","link":"https:\/\/smania.store\/cz\/vyrobek\/cistic-na-podlahy-floor-max\/","title":{"rendered":"Podlahov\u00e1 emulze Floor Max"},"content":{"rendered":"<div class=\"smania_landing_description_title\">NOVINKA! Floor Max &#8211; Dokonal\u00e1 \u010distota pro v\u0161echny podlahov\u00e9 povrchy<\/div>\n<div class=\"smania_landing_description_txt\">Dlouhotrvaj\u00edc\u00ed \u010distota a ochrana pro v\u0161echny podlahov\u00e9 povrchy<\/div>\n<div class=\"smania_landing_description_subtitle\">Chcete, aby va\u0161e podlahy z\u00e1\u0159ily v pln\u00e9 kr\u00e1se, bez ohledu na typ povrchu? Floor Max je mimo\u0159\u00e1dn\u011b \u00fa\u010dinn\u00fd \u010distic\u00ed prost\u0159edek, navr\u017een\u00fd pro hloubkov\u00e9 \u010di\u0161t\u011bn\u00ed a obnovu v\u0161ech druh\u016f podlahov\u00fdch povrch\u016f. Odstra\u0148uje odoln\u00e9 skvrny, ne\u010distoty a mastnotu, p\u0159i\u010dem\u017e va\u0161e podlahy z\u016fst\u00e1vaj\u00ed leskl\u00e9 a sv\u011b\u017e\u00ed. Floor Max je ide\u00e1ln\u00ed volbou pro dom\u00e1cnosti i komer\u010dn\u00ed prostory, poskytuje dlouhotrvaj\u00edc\u00ed \u010distotu a ochranu.<\/div>\n<div class=\"smania_landing_description_list\">\n<ul>\n<li>Univerz\u00e1ln\u00ed pou\u017eit\u00ed: Vhodn\u00e9 pro v\u011bt\u0161inu typ\u016f podlah, jako jsou d\u0159ev\u011bn\u00e9, vinylov\u00e9, syntetick\u00e9, kamenn\u00e9 a korkov\u00e9 podlahy<\/li>\n<li>Vynikaj\u00edc\u00ed \u010distic\u00ed s\u00edla: Rychle odstra\u0148uje skvrny a ne\u010distoty, ani\u017e by po\u0161kodil povrch<\/li>\n<li>Snadn\u00e9 pou\u017eit\u00ed: Sta\u010d\u00ed nan\u00e9st a set\u0159\u00edt \u2013 va\u0161e podlahy budou vypadat jako nov\u00e9<\/li>\n<li>Sv\u011b\u017e\u00ed v\u016fn\u011b: Zanech\u00e1v\u00e1 p\u0159\u00edjemnou a dlouhotrvaj\u00edc\u00ed sv\u011b\u017e\u00ed v\u016fni<\/li>\n<li>Dlouhotrvaj\u00edc\u00ed ochrana: Vytv\u00e1\u0159\u00ed ochrannou vrstvu, kter\u00e1 pom\u00e1h\u00e1 zabr\u00e1nit op\u011btovn\u00e9mu zne\u010di\u0161t\u011bn\u00ed<\/li>\n<\/ul><\/div>\n","protected":false},"excerpt":{"rendered":"<p>Hloubkov\u00e9 \u010di\u0161t\u011bn\u00ed: \u00da\u010dinn\u011b odstra\u0148uje ne\u010distoty a skvrny z podlahov\u00fdch povrch\u016f|Dlouhotrvaj\u00edc\u00ed sv\u011b\u017eest: Zanech\u00e1v\u00e1 dlouhotrvaj\u00edc\u00ed sv\u011b\u017e\u00ed v\u016fni a lesk|Ide\u00e1ln\u00ed pro v\u0161echny typy podlahov\u00fdch povrch\u016f, v\u010detn\u011b citliv\u00fdch materi\u00e1l\u016f|Rychl\u00e9 a snadn\u00e9 pou\u017eit\u00ed bez pot\u0159eby oplachov\u00e1n\u00ed|Objem: 500 ml, posta\u010d\u00ed na v\u00edce pou\u017eit\u00ed|Ekologick\u00fd: Formula bez \u0161kodliv\u00fdch chemik\u00e1li\u00ed|Vhodn\u00e9 pro v\u011bt\u0161inu typ\u016f podlah, jako jsou d\u0159ev\u011bn\u00e9, vinylov\u00e9, syntetick\u00e9, kamenn\u00e9 a korkov\u00e9 podlahy|Rychl\u00e9 schnut\u00ed: Povrchy rychle schnou po \u010di\u0161t\u011bn\u00ed a jsou bezpe\u010dn\u00e9 na pou\u017eit\u00ed<\/p>\n","protected":false},"featured_media":90306,"template":"","meta":[],"product_cat":[16,2715],"product_tag":[2716,2460],"acf":[],"_links":{"self":[{"href":"https:\/\/smania.store\/cz\/wp-json\/wp\/v2\/product\/61292"}],"collection":[{"href":"https:\/\/smania.store\/cz\/wp-json\/wp\/v2\/product"}],"about":[{"href":"https:\/\/smania.store\/cz\/wp-json\/wp\/v2\/types\/product"}],"wp:featuredmedia":[{"embeddable":true,"href":"https:\/\/smania.store\/cz\/wp-json\/wp\/v2\/media\/90306"}],"wp:attachment":[{"href":"https:\/\/smania.store\/cz\/wp-json\/wp\/v2\/media?parent=61292"}],"wp:term":[{"taxonomy":"product_cat","embeddable":true,"href":"https:\/\/smania.store\/cz\/wp-json\/wp\/v2\/product_cat?post=61292"},{"taxonomy":"product_tag","embeddable":true,"href":"https:\/\/smania.store\/cz\/wp-json\/wp\/v2\/product_tag?post=61292"}],"curies":[{"name":"wp","href":"https:\/\/api.w.org\/{rel}","templated":true}]}}