{"id":61280,"date":"2024-09-04T12:31:23","date_gmt":"2024-09-04T10:31:23","guid":{"rendered":"https:\/\/smania.store\/cz\/vyrobek\/cistic-odtoku-a-umyvadel-easyclean\/"},"modified":"2026-04-03T16:10:34","modified_gmt":"2026-04-03T14:10:34","slug":"cistic-odtoku-a-umyvadel-easyclean","status":"publish","type":"product","link":"https:\/\/smania.store\/cz\/vyrobek\/cistic-odtoku-a-umyvadel-easyclean\/","title":{"rendered":"\u010cisti\u010d odtok\u016f a umyvadel EasyClean"},"content":{"rendered":"<div class=\"smania_landing_description_title\">NOVINKA! EasyClean \u2013 Perfektn\u00ed \u0159e\u0161en\u00ed pro odblokov\u00e1n\u00ed odtok\u016f<\/div>\n<div class=\"smania_landing_description_txt\">Rychle a efektivn\u011b uvoln\u011bte sv\u016fj vodovodn\u00ed syst\u00e9m.<\/div>\n<div class=\"smania_landing_description_subtitle\">M\u00e1te probl\u00e9my se zanesen\u00fdmi odtoky, kter\u00e9 v\u00e1m zp\u016fsobuj\u00ed pot\u00ed\u017ee? EasyClean je siln\u00fd \u010distic\u00ed prost\u0159edek, kter\u00fd rychle a snadno vy\u0159e\u0161\u00ed va\u0161e probl\u00e9my s odtoky. Speci\u00e1ln\u00ed formule tohoto \u010distic\u00edho prost\u0159edku \u00fa\u010dinn\u011b rozpou\u0161t\u00ed organick\u00e9 l\u00e1tky, jako jsou tuky, vlasy, pap\u00edr, zbytky m\u00fddla a oleje, kter\u00e9 \u010dasto zp\u016fsobuj\u00ed ucp\u00e1n\u00ed. A\u0165 u\u017e se jedn\u00e1 o kuchy\u0148sk\u00fd odtok, toaletu nebo umyvadlo, EasyClean zajist\u00ed bezchybn\u00fd provoz va\u0161eho vodovodn\u00edho syst\u00e9mu.<\/div>\n<div class=\"smania_landing_description_list\">\n<ul>\n<li>\u00da\u010dinn\u011b odstra\u0148uje ucp\u00e1vky: Rozpou\u0161t\u00ed odoln\u00e9 organick\u00e9 l\u00e1tky a rychle obnovuje pr\u016ftok va\u0161imi odtoky<\/li>\n<li>Bezpe\u010dn\u00fd pro va\u0161e potrub\u00ed: NEpo\u0161kozuje potrub\u00ed ani septiky<\/li>\n<li>Snadn\u00e9 pou\u017eit\u00ed: Sta\u010d\u00ed nal\u00edt, po\u010dkat p\u00e1r minut a opl\u00e1chnout vodou \u2013 rychle a bez n\u00e1mahy<\/li>\n<li>Ekologicky \u0161etrn\u00e9: Formule, kter\u00e1 ne\u0161kod\u00ed \u017eivotn\u00edmu prost\u0159ed\u00ed a nekontaminuje podzemn\u00ed vody<\/li>\n<li>\u0160et\u0159\u00ed \u010das a pen\u00edze: Vyhnete se drah\u00fdm a \u010dasov\u011b n\u00e1ro\u010dn\u00fdm slu\u017eb\u00e1m instalat\u00e9r\u016f<\/li>\n<\/ul><\/div>\n","protected":false},"excerpt":{"rendered":"<p>Rychl\u00fd a efektivn\u00ed: Rozpou\u0161t\u00ed tuky, vlasy, pap\u00edr a dal\u0161\u00ed ucp\u00e1vky za p\u00e1r minut|Bezpe\u010dn\u00fd na pou\u017eit\u00ed: Nepo\u0161kozuje potrub\u00ed, odtoky ani septiky|Praktick\u00e9 balen\u00ed: Kompaktn\u00ed balen\u00ed 100 g, kter\u00e9 lze snadno skladovat|Dlouhodob\u00e1 \u00fa\u010dinnost: Udr\u017euje v\u00e1\u0161 vodovodn\u00ed syst\u00e9m ve vynikaj\u00edc\u00edm stavu p\u0159i pravideln\u00e9m pou\u017e\u00edv\u00e1n\u00ed|Slo\u017een\u00ed: Nekorozivn\u00ed materi\u00e1ly, kter\u00e9 jsou bezpe\u010dn\u00e9 pro v\u0161echny typy potrub\u00ed|Pou\u017eit\u00ed: Vhodn\u00fd pro kuchy\u0148sk\u00e9 odtoky, umyvadla, vany, toalety a dal\u0161\u00ed hlavn\u00ed odtoky|Rychl\u00e1 akce: \u00da\u010dinn\u011b rozpou\u0161t\u00ed ucp\u00e1vky za p\u00e1r minut|Ekologicky \u0161etrn\u00e9: Formule, kter\u00e1 ne\u0161kod\u00ed \u017eivotn\u00edmu prost\u0159ed\u00ed a udr\u017euje p\u0159\u00edrodn\u00ed zdroje \u010dist\u00e9<\/p>\n","protected":false},"featured_media":90318,"template":"","meta":[],"product_cat":[16,2715,223],"product_tag":[2716,2460,1535],"acf":[],"_links":{"self":[{"href":"https:\/\/smania.store\/cz\/wp-json\/wp\/v2\/product\/61280"}],"collection":[{"href":"https:\/\/smania.store\/cz\/wp-json\/wp\/v2\/product"}],"about":[{"href":"https:\/\/smania.store\/cz\/wp-json\/wp\/v2\/types\/product"}],"wp:featuredmedia":[{"embeddable":true,"href":"https:\/\/smania.store\/cz\/wp-json\/wp\/v2\/media\/90318"}],"wp:attachment":[{"href":"https:\/\/smania.store\/cz\/wp-json\/wp\/v2\/media?parent=61280"}],"wp:term":[{"taxonomy":"product_cat","embeddable":true,"href":"https:\/\/smania.store\/cz\/wp-json\/wp\/v2\/product_cat?post=61280"},{"taxonomy":"product_tag","embeddable":true,"href":"https:\/\/smania.store\/cz\/wp-json\/wp\/v2\/product_tag?post=61280"}],"curies":[{"name":"wp","href":"https:\/\/api.w.org\/{rel}","templated":true}]}}