{"id":37298,"date":"2022-11-25T13:49:31","date_gmt":"2022-11-25T12:49:31","guid":{"rendered":"https:\/\/smania.store\/cz\/vyrobek\/tancujici-vanocni-stromecek-jollytree\/"},"modified":"2026-03-20T15:57:59","modified_gmt":"2026-03-20T14:57:59","slug":"tancujici-vanocni-stromecek-jollytree","status":"publish","type":"product","link":"https:\/\/smania.store\/cz\/vyrobek\/tancujici-vanocni-stromecek-jollytree\/","title":{"rendered":"Tancuj\u00edc\u00ed v\u00e1no\u010dn\u00ed strome\u010dek JollyTree"},"content":{"rendered":"<div class=\"smania_landing_description_title\">Sv\u00e1te\u010dn\u00ed! Tancuj\u00edc\u00ed v\u00e1no\u010dn\u00ed strome\u010dek JollyTree<\/div>\n<div class=\"smania_landing_description_txt\">Vykouzli doma slavnostn\u00ed n\u00e1ladu!<\/div>\n<div class=\"smania_landing_description_subtitle\">Vyzdob si domov neuv\u011b\u0159iteln\u00fdm tancuj\u00edc\u00edm strome\u010dkem JollyTree a p\u0159\u00edv\u00edtej pod svou st\u0159echou v\u00e1no\u010dn\u00ed sv\u00e1tky!<\/div>\n<div class=\"smania_landing_description_list\">\n<ul>\n<li>Tancuje na zn\u00e1mou v\u00e1no\u010dn\u00ed melodii<\/li>\n<li>\u00da\u017easn\u00e9 pohyby na tak mal\u00fd strome\u010dek<\/li>\n<li>T\u0159e\u0161inka na dortu v\u00e1no\u010dn\u00ed v\u00fdzdoby<\/li>\n<li>Legra\u010dn\u00ed tv\u00e1\u0159 a roztomil\u00e9 pohybliv\u00e9 pa\u017ee<\/li>\n<\/ul><\/div>\n","protected":false},"excerpt":{"rendered":"<p>Zp\u00edv\u00e1 &#8222;Jingle Bells&#8220;|\u00da\u017easn\u00e9 tane\u010dn\u00ed pohyby|Skv\u011bl\u00fd d\u00e1rek pro d\u011bti i celou rodinu|Nap\u00e1jen\u00ed: 3 AA baterie (nejsou sou\u010d\u00e1st\u00ed zbo\u017e\u00ed)|Materi\u00e1l: plast, flanel|Velikost S: 7 \u00d7 16 cm|Velikost M: 8 \u00d7 20 cm|Velikost L: 10 \u00d7 24 cm<\/p>\n","protected":false},"featured_media":37545,"template":"","meta":[],"product_cat":[23,2151,2588],"product_tag":[2089],"acf":[],"_links":{"self":[{"href":"https:\/\/smania.store\/cz\/wp-json\/wp\/v2\/product\/37298"}],"collection":[{"href":"https:\/\/smania.store\/cz\/wp-json\/wp\/v2\/product"}],"about":[{"href":"https:\/\/smania.store\/cz\/wp-json\/wp\/v2\/types\/product"}],"wp:featuredmedia":[{"embeddable":true,"href":"https:\/\/smania.store\/cz\/wp-json\/wp\/v2\/media\/37545"}],"wp:attachment":[{"href":"https:\/\/smania.store\/cz\/wp-json\/wp\/v2\/media?parent=37298"}],"wp:term":[{"taxonomy":"product_cat","embeddable":true,"href":"https:\/\/smania.store\/cz\/wp-json\/wp\/v2\/product_cat?post=37298"},{"taxonomy":"product_tag","embeddable":true,"href":"https:\/\/smania.store\/cz\/wp-json\/wp\/v2\/product_tag?post=37298"}],"curies":[{"name":"wp","href":"https:\/\/api.w.org\/{rel}","templated":true}]}}