{"id":34935,"date":"2022-10-11T13:25:01","date_gmt":"2022-10-11T11:25:01","guid":{"rendered":"https:\/\/smania.store\/cz\/vyrobek\/kufrik-na-dokumenty-docsafe\/"},"modified":"2026-03-19T21:16:05","modified_gmt":"2026-03-19T20:16:05","slug":"kufrik-na-dokumenty-docsafe","status":"publish","type":"product","link":"https:\/\/smania.store\/cz\/vyrobek\/kufrik-na-dokumenty-docsafe\/","title":{"rendered":"Kuf\u0159\u00edk na dokumenty DocSafe"},"content":{"rendered":"<div class=\"smania_landing_description_title\">Novinka! Kuf\u0159\u00edk na dokumenty DocSafe<\/div>\n<div class=\"smania_landing_description_txt\">Ulo\u017e doklady bezpe\u010dn\u011b!<\/div>\n<div class=\"smania_landing_description_subtitle\">V n\u011bkter\u00fdch oblastech na\u0161eho obchodn\u00edho i osobn\u00edho \u017eivota st\u00e1le hraj\u00ed d\u016fle\u017eitou roli pap\u00edrov\u00e9 doklady. Kuf\u0159\u00edk DocSafe je udr\u017e\u00ed p\u0159ehledn\u011b zorganizovan\u00e9 a bezpe\u010dn\u011b ulo\u017een\u00e9.<\/div>\n<div class=\"smania_landing_description_list\">\n<ul>\n<li>V\u00edce neodd\u011bliteln\u00fdch vrstev<\/li>\n<li>R\u016fzn\u00e9 p\u0159ihr\u00e1dky na pap\u00edry v\u0161eho druhu<\/li>\n<li>Vysoce kvalitn\u00ed, hou\u017eevnat\u00fd a vod\u011bodoln\u00fd materi\u00e1l<\/li>\n<li>Extra ochrana 3m\u00edstn\u00fdm bezpe\u010dnostn\u00edm z\u00e1mkem<\/li>\n<li>Ide\u00e1ln\u00ed na karty, pasy, pap\u00edry A4, fotografie apod.<\/li>\n<li>Pozor: v\u00e1zac\u00ed dr\u00e1t nen\u00ed sou\u010d\u00e1st\u00ed balen\u00ed a vrstvy jsou neodn\u00edmateln\u00e9!<\/li>\n<\/ul><\/div>\n","protected":false},"excerpt":{"rendered":"<p>3\u010d\u00edseln\u00e9 bezpe\u010dnostn\u00ed zamyk\u00e1n\u00ed|P\u00e1sek na p\u0159ipevn\u011bn\u00ed ke kufru|Praktick\u00e1 rukoje\u0165|Zip se lehce zap\u00edn\u00e1|4 nerozeb\u00edrateln\u00e9 vrstvy|Na v\u00fdb\u011br n\u011bkolik barev|Rozm\u011bry: 37 \u00d7 27 \u00d7 20 cm|Materi\u00e1l: oxfordsk\u00e1 l\u00e1tka<\/p>\n","protected":false},"featured_media":89716,"template":"","meta":[],"product_cat":[16],"product_tag":[1517],"acf":[],"_links":{"self":[{"href":"https:\/\/smania.store\/cz\/wp-json\/wp\/v2\/product\/34935"}],"collection":[{"href":"https:\/\/smania.store\/cz\/wp-json\/wp\/v2\/product"}],"about":[{"href":"https:\/\/smania.store\/cz\/wp-json\/wp\/v2\/types\/product"}],"wp:featuredmedia":[{"embeddable":true,"href":"https:\/\/smania.store\/cz\/wp-json\/wp\/v2\/media\/89716"}],"wp:attachment":[{"href":"https:\/\/smania.store\/cz\/wp-json\/wp\/v2\/media?parent=34935"}],"wp:term":[{"taxonomy":"product_cat","embeddable":true,"href":"https:\/\/smania.store\/cz\/wp-json\/wp\/v2\/product_cat?post=34935"},{"taxonomy":"product_tag","embeddable":true,"href":"https:\/\/smania.store\/cz\/wp-json\/wp\/v2\/product_tag?post=34935"}],"curies":[{"name":"wp","href":"https:\/\/api.w.org\/{rel}","templated":true}]}}