{"id":34327,"date":"2022-09-23T13:57:20","date_gmt":"2022-09-23T11:57:20","guid":{"rendered":"https:\/\/smania.store\/cz\/vyrobek\/kulova-rasple-concawood-do-uhlove-brusky\/"},"modified":"2024-10-03T10:40:11","modified_gmt":"2024-10-03T08:40:11","slug":"kulova-rasple-concawood-do-uhlove-brusky","status":"publish","type":"product","link":"https:\/\/smania.store\/cz\/vyrobek\/kulova-rasple-concawood-do-uhlove-brusky\/","title":{"rendered":"Kulov\u00e1 ra\u0161ple ConcaWood do \u00fahlov\u00e9 brusky"},"content":{"rendered":"<div class=\"smania_landing_description_title\">Novinka! Kulov\u00e1 ra\u0161ple ConcaWood do \u00fahlov\u00e9 brusky<\/div>\n<div class=\"smania_landing_description_txt\">Jedine\u010dn\u00fd n\u00e1stavec na jedine\u010dn\u00e9 d\u0159ev\u011bn\u00e9 sochy!<\/div>\n<div class=\"smania_landing_description_subtitle\">Kulov\u00e1 ra\u0161ple ConcaWood je ur\u010dena na rychl\u00e9 a efektivn\u00ed konk\u00e1vn\u00ed opracov\u00e1n\u00ed povrchu d\u0159eva. Umo\u017e\u0148uje maxim\u00e1ln\u00ed kontrolu, vyv\u00e1\u017eenost a v\u00fdkon.<\/div>\n<div class=\"smania_landing_description_list\">\n<ul>\n<li>Dokonal\u00fd n\u00e1stavec na tvarov\u00e1n\u00ed a hlouben\u00ed hladk\u00fdch jamek<\/li>\n<li>Povrch d\u0159eva opracuje p\u011bkn\u011b dohladka<\/li>\n<li>Extr\u00e9mn\u011b ostr\u00e9 zoubky, \u00fa\u010dinn\u00e1 pr\u00e1ce<\/li>\n<li>Mimo\u0159\u00e1dn\u00fd v\u00fdkon, skv\u011bl\u00e1 kontrola p\u0159i provozu<\/li>\n<li>Do \u00fahlov\u00fdch brusek s pr\u016fm\u011brem z\u00e1vitu 10 nebo 14 mm<\/li>\n<\/ul><\/div>\n","protected":false},"excerpt":{"rendered":"<p>Ide\u00e1ln\u00ed na fr\u00e9zov\u00e1n\u00ed libovoln\u00fdch tvar\u016f|Vyhlad\u00ed povrch|Na snadnou a pohodlnou pr\u00e1ci|Rychl\u00e9 a precizn\u00ed opracov\u00e1n\u00ed d\u0159eva, kter\u00e9 udr\u017e\u00ed\u0161 pod kontrolou|Do \u00fahlov\u00fdch brusek s pr\u016fm\u011brem z\u00e1vitu 10 nebo 14 mm|Pr\u016fm\u011br hlavice: 40 mm|D\u00e9lka: 108 mm|Materi\u00e1l: karbonov\u00e1 ocel<\/p>\n","protected":false},"featured_media":34320,"template":"","meta":[],"product_cat":[222,2359,2232],"product_tag":[1768],"acf":[],"_links":{"self":[{"href":"https:\/\/smania.store\/cz\/wp-json\/wp\/v2\/product\/34327"}],"collection":[{"href":"https:\/\/smania.store\/cz\/wp-json\/wp\/v2\/product"}],"about":[{"href":"https:\/\/smania.store\/cz\/wp-json\/wp\/v2\/types\/product"}],"wp:featuredmedia":[{"embeddable":true,"href":"https:\/\/smania.store\/cz\/wp-json\/wp\/v2\/media\/34320"}],"wp:attachment":[{"href":"https:\/\/smania.store\/cz\/wp-json\/wp\/v2\/media?parent=34327"}],"wp:term":[{"taxonomy":"product_cat","embeddable":true,"href":"https:\/\/smania.store\/cz\/wp-json\/wp\/v2\/product_cat?post=34327"},{"taxonomy":"product_tag","embeddable":true,"href":"https:\/\/smania.store\/cz\/wp-json\/wp\/v2\/product_tag?post=34327"}],"curies":[{"name":"wp","href":"https:\/\/api.w.org\/{rel}","templated":true}]}}