{"id":31880,"date":"2022-06-08T07:11:56","date_gmt":"2022-06-08T05:11:56","guid":{"rendered":"https:\/\/smania.store\/cz\/vyrobek\/prenosna-piknikova-podlozka-relaxnow\/"},"modified":"2025-11-26T09:33:04","modified_gmt":"2025-11-26T08:33:04","slug":"prenosna-piknikova-podlozka-relaxnow","status":"publish","type":"product","link":"https:\/\/smania.store\/cz\/vyrobek\/prenosna-piknikova-podlozka-relaxnow\/","title":{"rendered":"P\u0159enosn\u00e1 pl\u00e1\u017eov\u00e1 podlo\u017eka RelaxNow"},"content":{"rendered":"<div class=\"smania_landing_description_title\">Novinka! P\u0159enosn\u00e1 pl\u00e1\u017eov\u00e1 podlo\u017eka RelaxNow<\/div>\n<div class=\"smania_landing_description_txt\">Komfort a pohodl\u00ed\u010dko na pl\u00e1\u017ei!<\/div>\n<div class=\"smania_landing_description_subtitle\">Vychutnej si pot\u011b\u0161en\u00ed z povalov\u00e1n\u00ed na pl\u00e1\u017ei bez otravn\u00e9ho p\u00edsku nebo vody na dece. Vyber si mezi proveden\u00edm odoln\u00fdm v\u016f\u010di p\u00edsku \u010di vod\u011b a letn\u00ed pohoda m\u016f\u017ee za\u010d\u00edt!<\/div>\n<div class=\"smania_landing_description_list\">\n<ul>\n<li>Kompaktn\u00ed p\u0159enosn\u00fd design, snadn\u00e9 skladov\u00e1n\u00ed<\/li>\n<li>Z mimo\u0159\u00e1dn\u011b hou\u017eevnat\u00e9ho TPU a polyesteru na ka\u017edodenn\u00ed pou\u017eit\u00ed<\/li>\n<li>4 kol\u00ed\u010dky na spolehliv\u00e9 p\u0159ichycen\u00ed na m\u00edst\u011b<\/li>\n<li>Dokonal\u00e1 v\u011bci\u010dka na kempov\u00e1n\u00ed, le\u017een\u00ed na pl\u00e1\u017ei \u010di jako skv\u011bl\u00e1 hrac\u00ed podlo\u017eka<\/li>\n<li>Zbavit se otravn\u00e9ho p\u00edsku je lehk\u00e9 jako facka!<\/li>\n<\/ul><\/div>\n","protected":false},"excerpt":{"rendered":"<p>Velikost pro celou rodinu|Na le\u017een\u00ed bez otravn\u00e9ho p\u00edsku|Vodoodpudiv\u00fd povrch|Lehk\u00e9 a hou\u017eevnat\u00e9 proveden\u00ed|Na pou\u017eit\u00ed venku i uvnit\u0159|L\u00e1tka odoln\u00e1 v\u016f\u010di po\u0161kr\u00e1b\u00e1n\u00ed|Skl\u00e1dac\u00ed, lze vz\u00edt kamkoli|4 kol\u00ed\u010dky|Snadn\u00e1 \u00fadr\u017eba|Materi\u00e1l: polyester, TPU<\/p>\n","protected":false},"featured_media":51865,"template":"","meta":[],"product_cat":[2290,2359,21,2234],"product_tag":[1526],"acf":[],"_links":{"self":[{"href":"https:\/\/smania.store\/cz\/wp-json\/wp\/v2\/product\/31880"}],"collection":[{"href":"https:\/\/smania.store\/cz\/wp-json\/wp\/v2\/product"}],"about":[{"href":"https:\/\/smania.store\/cz\/wp-json\/wp\/v2\/types\/product"}],"wp:featuredmedia":[{"embeddable":true,"href":"https:\/\/smania.store\/cz\/wp-json\/wp\/v2\/media\/51865"}],"wp:attachment":[{"href":"https:\/\/smania.store\/cz\/wp-json\/wp\/v2\/media?parent=31880"}],"wp:term":[{"taxonomy":"product_cat","embeddable":true,"href":"https:\/\/smania.store\/cz\/wp-json\/wp\/v2\/product_cat?post=31880"},{"taxonomy":"product_tag","embeddable":true,"href":"https:\/\/smania.store\/cz\/wp-json\/wp\/v2\/product_tag?post=31880"}],"curies":[{"name":"wp","href":"https:\/\/api.w.org\/{rel}","templated":true}]}}