{"id":31454,"date":"2022-05-11T13:37:33","date_gmt":"2022-05-11T11:37:33","guid":{"rendered":"https:\/\/smania.store\/cz\/vyrobek\/spartansky-nahrdelnik-leonidas\/"},"modified":"2024-07-17T22:26:35","modified_gmt":"2024-07-17T20:26:35","slug":"spartansky-nahrdelnik-leonidas","status":"publish","type":"product","link":"https:\/\/smania.store\/cz\/vyrobek\/spartansky-nahrdelnik-leonidas\/","title":{"rendered":"Spar\u0165ansk\u00fd n\u00e1hrdeln\u00edk Leonidas"},"content":{"rendered":"<div class=\"smania_landing_description_title\">Novinka! Spar\u0165ansk\u00fd n\u00e1hrdeln\u00edk Leonidas<\/div>\n<div class=\"smania_landing_description_txt\">Stylov\u011b, o krok nap\u0159ed p\u0159ed sou\u010dasn\u00fdmi trendy!<\/div>\n<div class=\"smania_landing_description_subtitle\">Chce\u0161-li poc\u00edtit ducha a bojovnou kur\u00e1\u017e p\u0159\u00edmo na vlastn\u00ed k\u016f\u017ei, spar\u0165ansk\u00fd n\u00e1hrdeln\u00edk Leonidas je p\u0159esn\u011b pro tebe! Vem si tento jedine\u010dn\u00fd symbolick\u00fd kousek a bude\u0161 chr\u00e1n\u011bn p\u0159ed n\u00e1porem na city a tvrdost\u00ed ka\u017edodenn\u00edho \u017eivota!<\/div>\n<div class=\"smania_landing_description_list\">\n<ul>\n<li>Symbolizuje s\u00edlu, discipl\u00ednu a kur\u00e1\u017e<\/li>\n<li>P\u0159\u00edv\u011bsek s antickou p\u0159ilbou s chocholem kr\u00e1le Leonida<\/li>\n<li>Skv\u011bl\u00fd zp\u016fsob uct\u011bn\u00ed elitn\u00edch v\u00e1le\u010dn\u00edk\u016f Sparty<\/li>\n<li>Dokonal\u00fd m\u00f3dn\u00ed dopln\u011bk<\/li>\n<li>Ze zinkov\u00e9 slitiny, proveden tv\u016fr\u010d\u00edm duchem a v\u00e1\u0161n\u00ed<\/li>\n<\/ul><\/div>\n","protected":false},"excerpt":{"rendered":"<p>Symbolizuje neomezenou s\u00edlu a v\u00fddr\u017e|Inspirov\u00e1n Spartou|Odkazuje na d\u00e1vn\u00e9 \u010dasy a hrdinsk\u00e9 \u010diny|Jedine\u010dn\u00fd d\u00e1rek|Zap\u00edn\u00e1n\u00ed na karabinku|D\u00e9lka \u0159et\u00edzku: 60 cm|Rozm\u011bry p\u0159\u00edv\u011bsku: 3,1 \u00d7 3,1 cm|Materi\u00e1l: zinkov\u00e1 slitina<\/p>\n","protected":false},"featured_media":31450,"template":"","meta":[],"product_cat":[22],"product_tag":[1528,1889],"acf":[],"_links":{"self":[{"href":"https:\/\/smania.store\/cz\/wp-json\/wp\/v2\/product\/31454"}],"collection":[{"href":"https:\/\/smania.store\/cz\/wp-json\/wp\/v2\/product"}],"about":[{"href":"https:\/\/smania.store\/cz\/wp-json\/wp\/v2\/types\/product"}],"wp:featuredmedia":[{"embeddable":true,"href":"https:\/\/smania.store\/cz\/wp-json\/wp\/v2\/media\/31450"}],"wp:attachment":[{"href":"https:\/\/smania.store\/cz\/wp-json\/wp\/v2\/media?parent=31454"}],"wp:term":[{"taxonomy":"product_cat","embeddable":true,"href":"https:\/\/smania.store\/cz\/wp-json\/wp\/v2\/product_cat?post=31454"},{"taxonomy":"product_tag","embeddable":true,"href":"https:\/\/smania.store\/cz\/wp-json\/wp\/v2\/product_tag?post=31454"}],"curies":[{"name":"wp","href":"https:\/\/api.w.org\/{rel}","templated":true}]}}