{"id":27270,"date":"2021-10-29T08:20:49","date_gmt":"2021-10-29T06:20:49","guid":{"rendered":"https:\/\/smania.store\/cz\/vyrobek\/flisova-deka-s-rukavy-snughug\/"},"modified":"2026-02-24T08:38:48","modified_gmt":"2026-02-24T07:38:48","slug":"flisova-deka-s-rukavy-snughug","status":"publish","type":"product","link":"https:\/\/smania.store\/cz\/vyrobek\/flisova-deka-s-rukavy-snughug\/","title":{"rendered":"Fl\u00edsov\u00e1 deka s ruk\u00e1vy SnugHug"},"content":{"rendered":"<div class=\"smania_landing_description_title\">NOVINKA V ONLINE OBCHOD\u011a! FL\u00cdSOV\u00c1 DEKA S RUK\u00c1VY SnugHug<\/div>\n<div class=\"smania_landing_description_txt\">Vychutnej si tepl\u00e9 objet\u00ed deky SnugHug!<\/div>\n<div class=\"smania_landing_description_subtitle\">Zahal se do deky SnugHug a najdi pot\u011b\u0161en\u00ed i v nejchladn\u011bj\u0161\u00edch dnech. Vysoce kvalitn\u00ed a atraktivn\u00ed proveden\u00ed poskytne komfort doma i pod \u0161ir\u00fdm nebem.<\/div>\n<div class=\"smania_landing_description_list\">\n<ul>\n<li>Z vysoce kvalitn\u00edho fl\u00edsu, kter\u00fd zah\u0159eje<\/li>\n<li>M\u011bkk\u00e1 a pohodln\u00e1<\/li>\n<li>Kapuce a ruk\u00e1vy proti chladnu<\/li>\n<li>V r\u016fzn\u00fdh barv\u00e1ch<\/li>\n<li>K pou\u017eit\u00ed uvnit\u0159 i venku<\/li>\n<\/ul><\/div>\n","protected":false},"excerpt":{"rendered":"<p>Obdivuhodn\u00fd design|Neuv\u011b\u0159iteln\u011b tepl\u00e1|Kvalitn\u00ed proveden\u00ed|N\u011bkter\u00e9 vzory sv\u00edt\u00ed ve tm\u011b|Materi\u00e1l: 100 % polyester|Mimo\u0159\u00e1dn\u011b pohodln\u00e1|Univerz\u00e1ln\u00ed velikost|Dokonal\u00fd d\u00e1rek na zimu<\/p>\n","protected":false},"featured_media":93338,"template":"","meta":[],"product_cat":[2455,21],"product_tag":[1527],"acf":[],"_links":{"self":[{"href":"https:\/\/smania.store\/cz\/wp-json\/wp\/v2\/product\/27270"}],"collection":[{"href":"https:\/\/smania.store\/cz\/wp-json\/wp\/v2\/product"}],"about":[{"href":"https:\/\/smania.store\/cz\/wp-json\/wp\/v2\/types\/product"}],"wp:featuredmedia":[{"embeddable":true,"href":"https:\/\/smania.store\/cz\/wp-json\/wp\/v2\/media\/93338"}],"wp:attachment":[{"href":"https:\/\/smania.store\/cz\/wp-json\/wp\/v2\/media?parent=27270"}],"wp:term":[{"taxonomy":"product_cat","embeddable":true,"href":"https:\/\/smania.store\/cz\/wp-json\/wp\/v2\/product_cat?post=27270"},{"taxonomy":"product_tag","embeddable":true,"href":"https:\/\/smania.store\/cz\/wp-json\/wp\/v2\/product_tag?post=27270"}],"curies":[{"name":"wp","href":"https:\/\/api.w.org\/{rel}","templated":true}]}}