{"id":25250,"date":"2021-10-14T13:52:31","date_gmt":"2021-10-14T11:52:31","guid":{"rendered":"https:\/\/smania.store\/cz\/vyrobek\/sweatler-pas-na-podporu-poceni\/"},"modified":"2024-07-24T16:50:21","modified_gmt":"2024-07-24T14:50:21","slug":"sweatler-pas-na-podporu-poceni","status":"publish","type":"product","link":"https:\/\/smania.store\/cz\/vyrobek\/sweatler-pas-na-podporu-poceni\/","title":{"rendered":"Sweatler, p\u00e1s na podporu pocen\u00ed"},"content":{"rendered":"<div class=\"smania_landing_description_title\">Novinka! Sweatler, p\u00e1s na podporu pocen\u00ed<\/div>\n<div class=\"smania_landing_description_txt\">Vypo\u0165 to!<\/div>\n<div class=\"smania_landing_description_subtitle\">Pomoc\u00ed p\u00e1su Sweatler, spr\u00e1vn\u00e9ho cvi\u010den\u00ed a v\u00fd\u017eivy snadno dos\u00e1hne\u0161 sv\u00fdch vysn\u011bn\u00fdch #fitnesc\u00edl\u016f! P\u00e1s zvy\u0161uje pocen\u00ed v oblasti b\u0159icha a podporuje, tedy urychluje formov\u00e1n\u00ed postavy.<\/div>\n<div class=\"smania_landing_description_list\">\n<ul>\n<li>Zefektivn\u00ed pokrok k vyty\u010den\u00fdm cvi\u010debn\u00edm c\u00edl\u016fm<\/li>\n<li>Z pohodln\u00e9ho pru\u017en\u00e9ho materi\u00e1lu<\/li>\n<li>Unisex proveden\u00ed vhodn\u00e9 na postavy v\u0161ech velikost\u00ed<\/li>\n<li>Nejl\u00e9pe funguje v kombinaci se cvi\u010den\u00edm a zdravou stravou<\/li>\n<li>Pod oble\u010den\u00edm diskr\u00e9tn\u00ed<\/li>\n<\/ul><\/div>\n","protected":false},"excerpt":{"rendered":"<p>Unisex proveden\u00ed|Urychluje dosa\u017een\u00ed tr\u00e9ninkov\u00fdch c\u00edl\u016f|Poskytuje oporu zad b\u011bhem cvi\u010den\u00ed|Pru\u017en\u00fd a pohodln\u00fd|Materi\u00e1l: nylon, polyester|Rozm\u011bry: 107,5 \u00d7 20,5 cm<\/p>\n","protected":false},"featured_media":33768,"template":"","meta":[],"product_cat":[2359,21,2208],"product_tag":[1999],"acf":[],"_links":{"self":[{"href":"https:\/\/smania.store\/cz\/wp-json\/wp\/v2\/product\/25250"}],"collection":[{"href":"https:\/\/smania.store\/cz\/wp-json\/wp\/v2\/product"}],"about":[{"href":"https:\/\/smania.store\/cz\/wp-json\/wp\/v2\/types\/product"}],"wp:featuredmedia":[{"embeddable":true,"href":"https:\/\/smania.store\/cz\/wp-json\/wp\/v2\/media\/33768"}],"wp:attachment":[{"href":"https:\/\/smania.store\/cz\/wp-json\/wp\/v2\/media?parent=25250"}],"wp:term":[{"taxonomy":"product_cat","embeddable":true,"href":"https:\/\/smania.store\/cz\/wp-json\/wp\/v2\/product_cat?post=25250"},{"taxonomy":"product_tag","embeddable":true,"href":"https:\/\/smania.store\/cz\/wp-json\/wp\/v2\/product_tag?post=25250"}],"curies":[{"name":"wp","href":"https:\/\/api.w.org\/{rel}","templated":true}]}}