{"id":24709,"date":"2021-10-14T13:13:31","date_gmt":"2021-10-14T11:13:31","guid":{"rendered":"https:\/\/smania.store\/cz\/vyrobek\/nausnice-nezzy\/"},"modified":"2025-09-30T17:19:33","modified_gmt":"2025-09-30T15:19:33","slug":"nausnice-nezzy","status":"publish","type":"product","link":"https:\/\/smania.store\/cz\/vyrobek\/nausnice-nezzy\/","title":{"rendered":"N\u00e1u\u0161nice Nezzy"},"content":{"rendered":"<div class=\"smania_landing_description_title\">Novinka! N\u00e1u\u0161nice Nezzy<\/div>\n<div class=\"smania_landing_description_txt\">Inspiruj se eleganc\u00ed!<\/div>\n<div class=\"smania_landing_description_subtitle\">N\u00e1u\u0161nice Nezzy, speci\u00e1ln\u00ed kousek ve tv\u00e9 \u0161perkovnici, zv\u00fdrazn\u00ed kr\u00e1sn\u00e9 rysy tv\u00e1\u0159e. Na obchodn\u00edch sch\u016fzk\u00e1ch, galave\u010derech, plesech, z\u00e1bav\u00e1ch \u010di romantick\u00fdch ve\u010de\u0159\u00edch bude\u0161 jednodu\u0161e neodolateln\u00e1!<\/div>\n<div class=\"smania_landing_description_list\">\n<ul>\n<li>Z\u00e1\u0159iv\u00e9 a mimo\u0159\u00e1dn\u011b atraktivn\u00ed proveden\u00ed<\/li>\n<li>N\u00e1dhern\u011b dopln\u00ed ka\u017ed\u00e9 oble\u010den\u00ed a zv\u00fdrazn\u00ed tv\u00e1\u0159<\/li>\n<li>Spolehliv\u00e9 zap\u00edn\u00e1n\u00ed s pru\u017einkou<\/li>\n<li>Z velmi kvalitn\u00edch a odoln\u00fdch materi\u00e1l\u016f<\/li>\n<li>Ud\u011blej radost sama sob\u011b nebo n\u011bkomu bl\u00edzk\u00e9mu<\/li>\n<\/ul><\/div>\n","protected":false},"excerpt":{"rendered":"<p>Elegantn\u00ed diskr\u00e9tn\u00ed design|Dokonal\u00fd \u0161perk na ka\u017edou p\u0159\u00edle\u017eitost|Materi\u00e1ly si udr\u017e\u00ed svou kr\u00e1su|z\u00e1\u0159iv\u00fd kam\u00ednek vzbud\u00ed pozornost|Kam\u00ednek ve 4 barv\u00e1ch|Materi\u00e1l kam\u00ednku: zirkon|Materi\u00e1l: mosaz|Dokonal\u00fd d\u00e1rek pro milovanou osobu<\/p>\n","protected":false},"featured_media":36453,"template":"","meta":[],"product_cat":[2148,22,2204,2417],"product_tag":[1908,1521],"acf":[],"_links":{"self":[{"href":"https:\/\/smania.store\/cz\/wp-json\/wp\/v2\/product\/24709"}],"collection":[{"href":"https:\/\/smania.store\/cz\/wp-json\/wp\/v2\/product"}],"about":[{"href":"https:\/\/smania.store\/cz\/wp-json\/wp\/v2\/types\/product"}],"wp:featuredmedia":[{"embeddable":true,"href":"https:\/\/smania.store\/cz\/wp-json\/wp\/v2\/media\/36453"}],"wp:attachment":[{"href":"https:\/\/smania.store\/cz\/wp-json\/wp\/v2\/media?parent=24709"}],"wp:term":[{"taxonomy":"product_cat","embeddable":true,"href":"https:\/\/smania.store\/cz\/wp-json\/wp\/v2\/product_cat?post=24709"},{"taxonomy":"product_tag","embeddable":true,"href":"https:\/\/smania.store\/cz\/wp-json\/wp\/v2\/product_tag?post=24709"}],"curies":[{"name":"wp","href":"https:\/\/api.w.org\/{rel}","templated":true}]}}