{"id":23514,"date":"2021-10-14T11:19:13","date_gmt":"2021-10-14T09:19:13","guid":{"rendered":"https:\/\/smania.store\/cz\/vyrobek\/profesionalni-sada-burnwell-na-gravirovani-dreva-a-pajeni\/"},"modified":"2024-02-03T17:41:26","modified_gmt":"2024-02-03T16:41:26","slug":"profesionalni-sada-burnwell-na-gravirovani-dreva-a-pajeni","status":"publish","type":"product","link":"https:\/\/smania.store\/cz\/vyrobek\/profesionalni-sada-burnwell-na-gravirovani-dreva-a-pajeni\/","title":{"rendered":"Profesion\u00e1ln\u00ed sada Burnwell na grav\u00edrov\u00e1n\u00ed d\u0159eva a p\u00e1jen\u00ed"},"content":{"rendered":"<div class=\"smania_landing_description_title\">NOVINKA! Profesion\u00e1ln\u00ed sada Burnwell na grav\u00edrov\u00e1n\u00ed d\u0159eva a p\u00e1jen\u00ed<\/div>\n<div class=\"smania_landing_description_txt\">Vyzdob si obytn\u00fd prostor vlastn\u00edmi osobit\u00fdmi v\u00fdrobky!<\/div>\n<div class=\"smania_landing_description_subtitle\">V\u00edce\u00fa\u010delov\u00e1 sada Burnwell  s r\u016fzn\u00fdmi hroty na grav\u00edrov\u00e1n\u00ed d\u0159eva a p\u00e1jen\u00ed nab\u00edz\u00ed \u0161irokou \u0161k\u00e1lu vyu\u017eit\u00ed, s n\u00ed si m\u016f\u017ee\u0161 vyrobit cokoli, co si vymysl\u00ed\u0161! Skv\u011ble se hod\u00ed na pr\u00e1ci se d\u0159evem, k\u016f\u017e\u00ed, voskem \u010di korkem. Slou\u017e\u00ed tak\u00e9 k velmi p\u0159esn\u00e9mu p\u00e1jen\u00ed.<\/div>\n<div class=\"smania_landing_description_list\">\n<ul>\n<li>45d\u00edln\u00e1 sada<\/li>\n<li>P\u0159esn\u00e9 vyp\u00e1len\u00ed r\u016fzn\u00fdch motiv\u016f i p\u00edsmen<\/li>\n<li>Nastaviteln\u00e1 teplota<\/li>\n<li>Pohodln\u00e1 rukoje\u0165<\/li>\n<li>R\u016fzn\u00e9 hroty<\/li>\n<\/ul><\/div>\n","protected":false},"excerpt":{"rendered":"<p>Profesion\u00e1ln\u00ed sada na pyrografii a p\u00e1jen\u00ed|R\u016fzn\u00e9 hroty na p\u0159esn\u00e9 grav\u00edrov\u00e1n\u00ed|Nastaviteln\u00e1 teplota|Ochrana proti teplu, praktick\u00e1 rukoje\u0165 na pr\u00e1ci pod r\u016fzn\u00fdmi \u00fahly|Pro profesion\u00e1ly i za\u010d\u00e1te\u010dn\u00edky|Provozn\u00ed nap\u011bt\u00ed: 220 V|V\u00fdkon: 60 W|Rozsah teploty: 200\u2013450 \u00b0C|Perfektn\u00ed d\u00e1rek pro profesion\u00e1ln\u00ed a hobby um\u011blce<\/p>\n","protected":false},"featured_media":38198,"template":"","meta":[],"product_cat":[222,2205],"product_tag":[1769],"acf":[],"_links":{"self":[{"href":"https:\/\/smania.store\/cz\/wp-json\/wp\/v2\/product\/23514"}],"collection":[{"href":"https:\/\/smania.store\/cz\/wp-json\/wp\/v2\/product"}],"about":[{"href":"https:\/\/smania.store\/cz\/wp-json\/wp\/v2\/types\/product"}],"wp:featuredmedia":[{"embeddable":true,"href":"https:\/\/smania.store\/cz\/wp-json\/wp\/v2\/media\/38198"}],"wp:attachment":[{"href":"https:\/\/smania.store\/cz\/wp-json\/wp\/v2\/media?parent=23514"}],"wp:term":[{"taxonomy":"product_cat","embeddable":true,"href":"https:\/\/smania.store\/cz\/wp-json\/wp\/v2\/product_cat?post=23514"},{"taxonomy":"product_tag","embeddable":true,"href":"https:\/\/smania.store\/cz\/wp-json\/wp\/v2\/product_tag?post=23514"}],"curies":[{"name":"wp","href":"https:\/\/api.w.org\/{rel}","templated":true}]}}