{"id":42551,"date":"2023-02-02T09:24:11","date_gmt":"2023-02-02T08:24:11","guid":{"rendered":"https:\/\/smania.store\/cz\/?page_id=42551"},"modified":"2023-02-02T09:24:11","modified_gmt":"2023-02-02T08:24:11","slug":"zasady-ochrany-osobnich-udaju","status":"publish","type":"page","link":"https:\/\/smania.store\/cz\/zasady-ochrany-osobnich-udaju\/","title":{"rendered":"Z\u00e1sady ochrany osobn\u00edch \u00fadaj\u016f"},"content":{"rendered":"\t\r\n\t<script>\r\n\r\n\t\t$(document).ready(function(){\r\n\r\n\t\t\tif($('.dfvu_docs')[0]) {\r\n\r\n\t\t\t\tlet url = 'https:\/\/s-mania.com\/landings-v1\/modules\/documents\/privacy_policy\/get_data.php?country=CZ&source=store';\r\n\t\t\t\t$('.dfvu_docs').load(url).hide().fadeIn();\r\n\r\n\t\t\t}\r\n\r\n\t\t});\r\n\r\n\t<\/script>\r\n\r\n\t<div class=\"dfvu_docs dfvu_docs_privacy\"><\/div>\n","protected":false},"excerpt":{"rendered":"","protected":false},"author":6,"featured_media":0,"parent":0,"menu_order":0,"comment_status":"closed","ping_status":"closed","template":"","meta":[],"acf":[],"_links":{"self":[{"href":"https:\/\/smania.store\/cz\/wp-json\/wp\/v2\/pages\/42551"}],"collection":[{"href":"https:\/\/smania.store\/cz\/wp-json\/wp\/v2\/pages"}],"about":[{"href":"https:\/\/smania.store\/cz\/wp-json\/wp\/v2\/types\/page"}],"author":[{"embeddable":true,"href":"https:\/\/smania.store\/cz\/wp-json\/wp\/v2\/users\/6"}],"replies":[{"embeddable":true,"href":"https:\/\/smania.store\/cz\/wp-json\/wp\/v2\/comments?post=42551"}],"version-history":[{"count":1,"href":"https:\/\/smania.store\/cz\/wp-json\/wp\/v2\/pages\/42551\/revisions"}],"predecessor-version":[{"id":42552,"href":"https:\/\/smania.store\/cz\/wp-json\/wp\/v2\/pages\/42551\/revisions\/42552"}],"wp:attachment":[{"href":"https:\/\/smania.store\/cz\/wp-json\/wp\/v2\/media?parent=42551"}],"curies":[{"name":"wp","href":"https:\/\/api.w.org\/{rel}","templated":true}]}}