{"id":35907,"date":"2022-11-02T08:30:40","date_gmt":"2022-11-02T07:30:40","guid":{"rendered":"https:\/\/smania.store\/cz\/?page_id=35907"},"modified":"2024-05-21T09:27:21","modified_gmt":"2024-05-21T07:27:21","slug":"outlet","status":"publish","type":"page","link":"https:\/\/smania.store\/cz\/outlet\/","title":{"rendered":"V\u00fdprodej"},"content":{"rendered":"<div style=\"margin-top:-40px;\" class=\"term-description term-description_smania\">V outletu Smania na tebe \u010dek\u00e1 ohromn\u00e9 mno\u017estv\u00ed zaj\u00edmav\u00e9ho a praktick\u00e9ho zbo\u017e\u00ed zlevn\u011bn\u00e9ho a\u017e o <b style=\"color:#fff;background:#09c3b2;padding:2px 4px;border-radius:4px;\">15%<\/b>! Vyu\u017eij p\u0159\u00edle\u017eitost, z\u00e1soby jsou omezeny! P\u0159\u00edjemn\u00e9 nakupov\u00e1n\u00ed!<\/div>\n\n\n<div class=\"wp-block-image smania_category_image_topper smania_category_image_topper-desktop\">\n<figure class=\"aligncenter size-large\" id=\"smania_category_page_img_main\"><img decoding=\"async\" src=\"https:\/\/s-mania.si\/wp-content\/uploads\/OUTLET-desktop-banner-1024x287.png\" alt=\"\" class=\"wp-image-35282\"\/><\/figure><\/div>\n\n<div class=\"wp-block-image smania_category_image_topper smania_category_image_topper-mobile\">\n<figure class=\"aligncenter size-full\" id=\"smania_category_page_img_main\"><img decoding=\"async\" src=\"https:\/\/s-mania.si\/wp-content\/uploads\/OUTLET-mobile-banner.png\" alt=\"\" class=\"wp-image-35291\"\/><\/figure><\/div>\n\n\n<br>\n<div class=\"smania_home_title\" style=\"text-align: left\">\n<span style=\"color:#C20114;font-weight:bold;font-size:42px\">V\u0161echno zbo\u017e\u00ed<\/span>\n<\/div>\n","protected":false},"excerpt":{"rendered":"","protected":false},"author":1,"featured_media":0,"parent":0,"menu_order":0,"comment_status":"closed","ping_status":"closed","template":"","meta":[],"acf":[],"_links":{"self":[{"href":"https:\/\/smania.store\/cz\/wp-json\/wp\/v2\/pages\/35907"}],"collection":[{"href":"https:\/\/smania.store\/cz\/wp-json\/wp\/v2\/pages"}],"about":[{"href":"https:\/\/smania.store\/cz\/wp-json\/wp\/v2\/types\/page"}],"author":[{"embeddable":true,"href":"https:\/\/smania.store\/cz\/wp-json\/wp\/v2\/users\/1"}],"replies":[{"embeddable":true,"href":"https:\/\/smania.store\/cz\/wp-json\/wp\/v2\/comments?post=35907"}],"version-history":[{"count":3,"href":"https:\/\/smania.store\/cz\/wp-json\/wp\/v2\/pages\/35907\/revisions"}],"predecessor-version":[{"id":58651,"href":"https:\/\/smania.store\/cz\/wp-json\/wp\/v2\/pages\/35907\/revisions\/58651"}],"wp:attachment":[{"href":"https:\/\/smania.store\/cz\/wp-json\/wp\/v2\/media?parent=35907"}],"curies":[{"name":"wp","href":"https:\/\/api.w.org\/{rel}","templated":true}]}}