{"id":21396,"date":"2021-10-11T10:55:57","date_gmt":"2021-10-11T08:55:57","guid":{"rendered":"https:\/\/smania.store\/cz\/?page_id=21396"},"modified":"2021-10-11T10:55:57","modified_gmt":"2021-10-11T08:55:57","slug":"zasady-pouzivani-souboru-cookies","status":"publish","type":"page","link":"https:\/\/smania.store\/cz\/zasady-pouzivani-souboru-cookies\/","title":{"rendered":"Z\u00e1sady pou\u017e\u00edv\u00e1n\u00ed soubor\u016f cookies"},"content":{"rendered":"<div class=\"cli_pg_page_contaner\">\n<h3>O z\u00e1sad\u00e1ch pou\u017e\u00edv\u00e1n\u00ed soubor\u016f cookies<\/h3>\n<div>V z\u00e1sad\u00e1ch pou\u017e\u00edv\u00e1n\u00ed soubor\u016f cookies je vysv\u011btleno, co jsou soubory cookies a jak\u00fdm zp\u016fsobem je pou\u017e\u00edv\u00e1me. D\u00e1le je zde objasn\u011bno, kter\u00e9 druhy soubor\u016f cookies pou\u017e\u00edv\u00e1me, tzn. \u00fadaje, kter\u00e9 shroma\u017e\u010fujeme prost\u0159ednictv\u00edm soubor\u016f cookies a jak s t\u011bmito \u00fadaji nakl\u00e1d\u00e1me, a jak\u00fdm zp\u016fsobem lze soubory cookies spravovat. Dal\u0161\u00ed informace o pou\u017e\u00edv\u00e1n\u00ed, ulo\u017een\u00ed a zabezpe\u010den\u00ed va\u0161ich osobn\u00edch \u00fadaj\u016f jsou uvedeny v na\u0161ich z\u00e1sad\u00e1ch ochrany osobn\u00edch \u00fadaj\u016f. Sv\u016fj souhlas na prohl\u00e1\u0161en\u00ed o souborech cookies na na\u0161em webu m\u016f\u017eete kdykoli zm\u011bnit \u010di zru\u0161it. V\u00edce informac\u00ed o n\u00e1s, jak n\u00e1s m\u016f\u017eete kontaktovat a jak\u00fdm zp\u016fsobem va\u0161e osobn\u00ed \u00fadaje zpracov\u00e1v\u00e1me, naleznete v na\u0161ich z\u00e1sad\u00e1ch ochrany osobn\u00edch \u00fadaj\u016f. V\u00e1\u0161 souhlas plat\u00ed na n\u00e1sleduj\u00edc\u00edch dom\u00e9n\u00e1ch:\u00a0 smania.store <div class=\"cli_user_consent_state\">V\u00e1\u0161 aktu\u00e1ln\u00ed stav: \u017d\u00e1dn\u00fd souhlas nebyl ud\u011blen. <a class=\"cli_manage_current_consent\" style=\"cursor:pointer;text-decoration:underline;\">Spravujte sv\u016fj souhlas.<\/a> <\/div><\/div>\n<h3><\/h3>\n<h3>Co jsou soubory cookies?<\/h3>\n<div>Soubory cookies jsou mal\u00e9 textov\u00e9 soubory, je\u017e se pou\u017e\u00edvaj\u00ed za \u00fa\u010delem ulo\u017een\u00ed mal\u00fdch \u010d\u00e1st\u00ed informac\u00ed. Ukl\u00e1daj\u00ed se do va\u0161eho za\u0159\u00edzen\u00ed po na\u010dten\u00ed webu do prohl\u00ed\u017ee\u010de. Soubory cookies n\u00e1m pom\u00e1haj\u00ed se spr\u00e1vn\u00fdm a bezpe\u010dn\u011bj\u0161\u00edm fungov\u00e1n\u00edm webu. Jejich prost\u0159ednictv\u00edm v\u00e1m zaji\u0161\u0165ujeme lep\u0161\u00ed u\u017eivatelskou zku\u0161enost, l\u00e9pe rozum\u00edme a analyzujeme provoz webu a v\u00edme, co funguje a co je t\u0159eba vylep\u0161it.<\/div>\n<h3><\/h3>\n<h3>Jak\u00fdm zp\u016fsobem pou\u017e\u00edv\u00e1me soubory cookies?<\/h3>\n<div>Jako v\u011bt\u0161ina ostatn\u00edch tak\u00e9 n\u00e1\u0161 web pou\u017e\u00edv\u00e1 soubory cookies prvn\u00ed a t\u0159et\u00edch stran za v\u00edce \u00fa\u010dely. Vlastn\u00ed soubory cookies jsou v\u011bt\u0161inou pot\u0159eba ke spr\u00e1vn\u00e9mu provozu webu a neshroma\u017e\u010fuj\u00ed \u017e\u00e1dn\u00e9 osobn\u00ed \u00fadaje. Soubory cookies t\u0159et\u00edch stran, je\u017e pou\u017e\u00edv\u00e1me na na\u0161em webu, slou\u017e\u00ed p\u0159edev\u0161\u00edm k porozum\u011bn\u00ed provozu na\u0161eho webu, interakci s na\u0161\u00edm webem, ochran\u011b na\u0161ich slu\u017eeb, zprost\u0159edkov\u00e1n\u00ed pro v\u00e1s d\u016fle\u017eit\u00fdch reklam, celkov\u011b zlep\u0161uj\u00ed u\u017eivatelskou zku\u0161enost a pom\u00e1haj\u00ed urychlit va\u0161\u00ed budouc\u00ed interakci s na\u0161\u00edm webem.<\/div>\n<h3><\/h3>\n<h3>Kter\u00e9 druhy soubor\u016f cookies pou\u017e\u00edv\u00e1me?<\/h3>\n<div>Nezbytn\u00e9: N\u011bkter\u00e9 soubory cookies jsou nepostradateln\u00e9, chcete-li pln\u011b vyu\u017e\u00edvat fungov\u00e1n\u00ed na\u0161eho webu. Umo\u017e\u0148uj\u00ed n\u00e1m udr\u017eet u\u017eivatelsk\u00e9 relace a p\u0159edch\u00e1zet bezpe\u010dnostn\u00edm hrozb\u00e1m. Neshroma\u017e\u010fuj\u00ed ani neukl\u00e1daj\u00ed \u017e\u00e1dn\u00e9 osobn\u00ed \u00fadaje, ale nap\u0159. umo\u017e\u0148uj\u00ed p\u0159ihl\u00e1\u0161en\u00ed k \u00fa\u010dtu, p\u0159id\u00e1v\u00e1n\u00ed zbo\u017e\u00ed do ko\u0161\u00edku a bezpe\u010dn\u00e9 odhl\u00e1\u0161en\u00ed.<\/div>\n<div><\/div>\n<div>Statistick\u00e9: Ukl\u00e1daj\u00ed informace jako po\u010det n\u00e1v\u0161t\u011bvn\u00edk\u016f webu, po\u010det jedine\u010dn\u00fdch n\u00e1v\u0161t\u011bvn\u00edk\u016f, kter\u00e9 str\u00e1nky webu byly nav\u0161t\u00edveny, zdroj n\u00e1v\u0161t\u011bv atd. Tyto \u00fadaje n\u00e1m pom\u00e1haj\u00ed porozum\u011bt a analyzovat, jak se web zobrazuje, kde pot\u0159ebuje vylep\u0161it.<\/div>\n<div><\/div>\n<div>Marketingov\u00e9: Na na\u0161em webu se zobrazuj\u00ed reklamy. Tyto soubory cookies se pou\u017e\u00edvaj\u00ed ke p\u0159izp\u016fsoben\u00ed reklamy, aby byla pro v\u00e1s relevantn\u00ed. Prost\u0159ednictv\u00edm t\u011bchto cookies tak\u00e9 sledujeme efektivitu reklamn\u00edch akc\u00ed. Informace ulo\u017een\u00e9 t\u011bmito soubory cookies mohou pou\u017e\u00edvat poskytoval\u00e9 reklam t\u0159et\u00edch stran ke zobrazen\u00ed reklamy na jin\u00fdch webech v prohl\u00ed\u017ee\u010di.<\/div>\n<div><\/div>\n<div>Funk\u010dn\u00ed: Tyto soubory cookies pom\u00e1haj\u00ed n\u011bkter\u00fdm nepodstatn\u00fdm funkc\u00edm webu. Mezi tyto funkci pat\u0159\u00ed vkl\u00e1d\u00e1n\u00ed obsahu, jako jsou videa nebo sd\u00edlen\u00ed obsahu webu na soci\u00e1ln\u00edch s\u00edt\u00edch.<\/div>\n<div><\/div>\n<div>Preferen\u010dn\u00ed: Pom\u00e1haj\u00ed ulo\u017eit va\u0161e nastaven\u00ed a preference prohl\u00ed\u017een\u00ed, jako je jazyk, va\u0161e budouc\u00ed n\u00e1v\u0161t\u011bva bude t\u00edmto lep\u0161\u00ed a efektivn\u011bj\u0161\u00ed. <\/div>\n<h3><\/h3>\n<h3>Jak\u00fdm zp\u016fsobem mohu spravovat soubory cookies?<\/h3>\n<div>Rozhodnete-li se pozd\u011bji b\u011bhem va\u0161eho prohl\u00ed\u017een\u00ed zm\u011bnit sv\u00e9 preference, klikn\u011bte na z\u00e1lo\u017eku \u00bbZ\u00e1sady ochrany osobn\u00edch \u00fadaj\u016f &amp; soubor\u016f cookies\u00ab. Op\u011bt se zobraz\u00ed prohl\u00e1\u0161en\u00ed o souhlasu, kde m\u016f\u017eete sv\u00e9 preference zm\u011bnit nebo souhlas zcela zru\u0161it. Krom\u011b toho r\u016fzn\u00e9 prohl\u00ed\u017ee\u010de nab\u00edz\u00ed r\u016fzn\u00e9 metody blokov\u00e1n\u00ed a vymaz\u00e1n\u00ed soubor\u016f cookies pou\u017e\u00edvan\u00fdch webem. Blokov\u00e1n\u00ed \u010di maz\u00e1n\u00ed soubor\u016f cookies m\u016f\u017eete prov\u00e9st v nastaven\u00ed prohl\u00ed\u017ee\u010de. V\u00edce informac\u00ed o spravov\u00e1n\u00ed a maz\u00e1n\u00ed soubor\u016f cookies naleznete na\u00a0 wikipedia.org, www.allaboutcookies.org.<\/div>\n<\/div>\n","protected":false},"excerpt":{"rendered":"<p>O z\u00e1sad\u00e1ch pou\u017e\u00edv\u00e1n\u00ed soubor\u016f cookies V z\u00e1sad\u00e1ch pou\u017e\u00edv\u00e1n\u00ed soubor\u016f cookies je vysv\u011btleno, co jsou soubory cookies a jak\u00fdm zp\u016fsobem je pou\u017e\u00edv\u00e1me. D\u00e1le je zde objasn\u011bno, kter\u00e9 druhy soubor\u016f cookies pou\u017e\u00edv\u00e1me, tzn. \u00fadaje, kter\u00e9 shroma\u017e\u010fujeme prost\u0159ednictv\u00edm soubor\u016f cookies a jak s t\u011bmito \u00fadaji nakl\u00e1d\u00e1me, a jak\u00fdm zp\u016fsobem lze soubory cookies spravovat. Dal\u0161\u00ed informace o pou\u017e\u00edv\u00e1n\u00ed, ulo\u017een\u00ed [&hellip;]<\/p>\n","protected":false},"author":1,"featured_media":0,"parent":0,"menu_order":0,"comment_status":"closed","ping_status":"closed","template":"","meta":[],"acf":[],"_links":{"self":[{"href":"https:\/\/smania.store\/cz\/wp-json\/wp\/v2\/pages\/21396"}],"collection":[{"href":"https:\/\/smania.store\/cz\/wp-json\/wp\/v2\/pages"}],"about":[{"href":"https:\/\/smania.store\/cz\/wp-json\/wp\/v2\/types\/page"}],"author":[{"embeddable":true,"href":"https:\/\/smania.store\/cz\/wp-json\/wp\/v2\/users\/1"}],"replies":[{"embeddable":true,"href":"https:\/\/smania.store\/cz\/wp-json\/wp\/v2\/comments?post=21396"}],"version-history":[{"count":1,"href":"https:\/\/smania.store\/cz\/wp-json\/wp\/v2\/pages\/21396\/revisions"}],"predecessor-version":[{"id":21397,"href":"https:\/\/smania.store\/cz\/wp-json\/wp\/v2\/pages\/21396\/revisions\/21397"}],"wp:attachment":[{"href":"https:\/\/smania.store\/cz\/wp-json\/wp\/v2\/media?parent=21396"}],"curies":[{"name":"wp","href":"https:\/\/api.w.org\/{rel}","templated":true}]}}