{"id":1725,"date":"2021-05-19T05:40:43","date_gmt":"2021-05-19T03:40:43","guid":{"rendered":"https:\/\/s-mania.si\/?page_id=1725"},"modified":"2023-12-12T09:46:35","modified_gmt":"2023-12-12T08:46:35","slug":"o-nas","status":"publish","type":"page","link":"https:\/\/smania.store\/cz\/o-nas\/","title":{"rendered":"O n\u00e1s"},"content":{"rendered":"\n<div class=\"smania_static_side\">\n\n    <div class=\"smania_static_side_left\">\n        <h4>Adresa<\/h4>\n        DFVU d.o.o.\n        <br>\n        Liparjeva cesta 6a\n        <br>\n        1234 Menge\u0161\n        <br>\n\tSlovinsko\n        <br><br>\n        <h4>E-mail<\/h4>\n        <a href=\"mailto:cz@s-mania.com\">cz@s-mania.com<\/a>\n        \n        <br><br>\n        <h4>Telefonn\u00ed \u010d\u00edslo<\/h4>\n        <a href=\"tel:00420225850240\">225 850 240<\/a>\n        \n        <br><br>\n        <h4>Provozn\u00ed doba<\/h4>\n        Od pond\u011bl\u00ed do p\u00e1tku: 9.00\u201317.00\n        \n        <br><br>\n        <h4>Informace o zalo\u017een\u00ed<\/h4>\n        Registrace: AJPES, Ljubljana\n        <br>\n        Datum registrace: 13. 12. 2016\n        \n        <br><br>\n        <h4>Identifika\u010dn\u00ed \u00fadaje<\/h4>\n        VAT identifika\u010dn\u00ed \u010d\u00edslo: SI35983175\n        <br>\n        VAT-pl\u00e1tce DPH: YES\n        <br>\n        Registra\u010dn\u00ed \u010d\u00edslo: 7193548000\n        <br>\n        Bankovn\u00ed \u00fa\u010det: SI56 6100 0001 5525 391 (DELAVSKA HRANILNICA d.d)\n        <br>\n        BIC: HDELSI22\n    \n    <\/div>\n    \n    <div class=\"smania_static_side_right\">\n    \n        <h3>UPOZORN\u011aN\u00cd<\/h3>\n        <span style=\"color: #808080;\">29.03.2021<\/span>\n        <br>\n        <strong>Upozorn\u011bn\u00ed o nepou\u017e\u00edv\u00e1n\u00ed raz\u00edtka k ov\u011b\u0159ov\u00e1n\u00ed dokument\u016f<\/strong>\n        <br>\n        <a target=\"_blank\" href=\"https:\/\/s-mania.si\/wp-content\/uploads\/doc\/Sklep-o-neuporabi-%C5%BEiga-2021.pdf\" rel=\"noopener\">Zobrazit dokument<\/a>\n    \n    <\/div>\n    \n<\/div>\n    \n    <style>\n    \n    #main a {\n        color: #0087DE;\n        text-decoration: none!important;\n        }\n    \n    .smania_static_side {\n    \n        display: flex;\n        flex-direction: row;\n    \n    }\n    \n    .smania_static_side_left {\n    \n        padding-right: 40px;\n        margin-right: 40px;\n        border-right: 1px solid #dcdcdc;\n    \n    }\n    \n    @media only screen and (max-width: 800px) {\n    \n        .smania_static_side {\n    \n            flex-direction: column;\n    \n        }\n    \n        .smania_static_side > div {\n    \n            width: 100%;\n    \n        }\n    \n        .smania_static_side_left {\n    \n            padding-right: 0;\n            margin-right: 0;\n            border-right: none;\n    \n            padding-bottom: 40px;\n            margin-bottom: 40px;\n            border-bottom: 1px solid #dcdcdc;\n    \n        }\n    \n    }\n    \n    <\/style>\n\n\n\n<p><\/p>\n","protected":false},"excerpt":{"rendered":"<p>Adresa DFVU d.o.o. Liparjeva cesta 6a 1234 Menge\u0161 Slovinsko E-mail cz@s-mania.com Telefonn\u00ed \u010d\u00edslo 225 850 240 Provozn\u00ed doba Od pond\u011bl\u00ed do p\u00e1tku: 9.00\u201317.00 Informace o zalo\u017een\u00ed Registrace: AJPES, Ljubljana Datum registrace: 13. 12. 2016 Identifika\u010dn\u00ed \u00fadaje VAT identifika\u010dn\u00ed \u010d\u00edslo: SI35983175 VAT-pl\u00e1tce DPH: YES Registra\u010dn\u00ed \u010d\u00edslo: 7193548000 Bankovn\u00ed \u00fa\u010det: SI56 6100 0001 5525 391 (DELAVSKA HRANILNICA [&hellip;]<\/p>\n","protected":false},"author":1,"featured_media":0,"parent":0,"menu_order":0,"comment_status":"closed","ping_status":"closed","template":"","meta":[],"acf":[],"_links":{"self":[{"href":"https:\/\/smania.store\/cz\/wp-json\/wp\/v2\/pages\/1725"}],"collection":[{"href":"https:\/\/smania.store\/cz\/wp-json\/wp\/v2\/pages"}],"about":[{"href":"https:\/\/smania.store\/cz\/wp-json\/wp\/v2\/types\/page"}],"author":[{"embeddable":true,"href":"https:\/\/smania.store\/cz\/wp-json\/wp\/v2\/users\/1"}],"replies":[{"embeddable":true,"href":"https:\/\/smania.store\/cz\/wp-json\/wp\/v2\/comments?post=1725"}],"version-history":[{"count":34,"href":"https:\/\/smania.store\/cz\/wp-json\/wp\/v2\/pages\/1725\/revisions"}],"predecessor-version":[{"id":55706,"href":"https:\/\/smania.store\/cz\/wp-json\/wp\/v2\/pages\/1725\/revisions\/55706"}],"wp:attachment":[{"href":"https:\/\/smania.store\/cz\/wp-json\/wp\/v2\/media?parent=1725"}],"curies":[{"name":"wp","href":"https:\/\/api.w.org\/{rel}","templated":true}]}}