{"id":40307,"date":"2026-05-08T09:30:42","date_gmt":"2026-05-08T07:30:42","guid":{"rendered":"https:\/\/smania.store\/at\/produkt\/pflanzenduenger-floravita\/"},"modified":"2026-05-08T09:30:42","modified_gmt":"2026-05-08T07:30:42","slug":"pflanzenduenger-floravita","status":"publish","type":"product","link":"https:\/\/smania.store\/at\/produkt\/pflanzenduenger-floravita\/","title":{"rendered":"Pflanzend\u00fcnger Floravita"},"content":{"rendered":"<div class=\"smania_landing_description_title\">NEU! Floravita \u2013 Bringen Sie Leben in Ihre Pflanzen<\/div>\n<div class=\"smania_landing_description_txt\">Ein revolution\u00e4rer D\u00fcnger f\u00fcr st\u00e4rkere und ges\u00fcndere Pflanzen<\/div>\n<div class=\"smania_landing_description_subtitle\">M\u00f6chten Sie, dass Ihre Pflanzen schneller wachsen, ges\u00fcnder sind und bl\u00fchen wie nie zuvor? Floravita ist ein innovativer D\u00fcnger, der von Top-Experten entwickelt wurde, um Ihren Pflanzen eine hervorragende Pflege zu bieten und ein schnelleres Wachstum zu f\u00f6rdern.<\/div>\n<div class=\"smania_landing_description_list\">\n<ul>\n<li>Beschleunigtes Wachstum: Floravita erm\u00f6glicht Pflanzen ein bis zu 2-mal schnelleres Wachstum als mit anderen D\u00fcngemitteln auf dem Markt<\/li>\n<li>Verbesserte Aufnahme: F\u00f6rdert die bessere Aufnahme von Wasser und N\u00e4hrstoffen durch die Wurzeln und steigert so die Wachstumseffizienz<\/li>\n<li>Sch\u00e4dlingsschutz: Erzeugt eine nat\u00fcrliche Barriere, die Sch\u00e4dlinge abwehrt und Pflanzen ungest\u00f6rt wachsen l\u00e4sst<\/li>\n<li>Einfache Anwendung: Mischen Sie einfach die empfohlene Dosis mit Wasser und wenden Sie sie rund um die Pflanzen an \u2013 kein Aufwand<\/li>\n<li>Umweltfreundlich: Enth\u00e4lt keine sch\u00e4dlichen Chemikalien oder synthetischen Zusatzstoffe, die der Umwelt schaden k\u00f6nnten<\/li>\n<\/ul><\/div>\n","protected":false},"excerpt":{"rendered":"<p>Schnelles und gesundes Wachstum: Ihre Pflanzen wachsen schneller, st\u00e4rker und widerstandsf\u00e4higer|Lang anhaltender Schutz: Weist Sch\u00e4dlinge effektiv ab und sch\u00fctzt Ihre Pflanzen|Geeignet f\u00fcr alle Pflanzen: N\u00fctzlich f\u00fcr Zimmer- und Gartenpflanzen und Blumen|Umweltfreundlich: Formel frei von sch\u00e4dlichen Chemikalien, sicher f\u00fcr die Umwelt und Ihr Zuhause|Volumen: 200 ml Konzentrat f\u00fcr mehrere Anwendungen|Einfache Anwendung: Mischen Sie es mit Wasser und wenden Sie es auf den Boden rund um die Pflanzen an|Geeignet f\u00fcr Zimmer- und Gartenpflanzen: Ideal f\u00fcr jedes Gartenprojekt|Hervorragende Pflege: Ein Formel, die daf\u00fcr sorgt, dass Ihre Pflanzen in voller Pracht erstrahlen<\/p>\n","protected":false},"featured_media":40298,"template":"","meta":[],"product_cat":[16],"product_tag":[1495],"acf":[],"_links":{"self":[{"href":"https:\/\/smania.store\/at\/wp-json\/wp\/v2\/product\/40307"}],"collection":[{"href":"https:\/\/smania.store\/at\/wp-json\/wp\/v2\/product"}],"about":[{"href":"https:\/\/smania.store\/at\/wp-json\/wp\/v2\/types\/product"}],"wp:featuredmedia":[{"embeddable":true,"href":"https:\/\/smania.store\/at\/wp-json\/wp\/v2\/media\/40298"}],"wp:attachment":[{"href":"https:\/\/smania.store\/at\/wp-json\/wp\/v2\/media?parent=40307"}],"wp:term":[{"taxonomy":"product_cat","embeddable":true,"href":"https:\/\/smania.store\/at\/wp-json\/wp\/v2\/product_cat?post=40307"},{"taxonomy":"product_tag","embeddable":true,"href":"https:\/\/smania.store\/at\/wp-json\/wp\/v2\/product_tag?post=40307"}],"curies":[{"name":"wp","href":"https:\/\/api.w.org\/{rel}","templated":true}]}}