{"id":39942,"date":"2025-09-03T09:28:23","date_gmt":"2025-09-03T07:28:23","guid":{"rendered":"https:\/\/smania.store\/at\/produkt\/drivewaypro-asphaltsanierer-1-l-2-m%c2%b2\/"},"modified":"2025-09-17T11:59:58","modified_gmt":"2025-09-17T09:59:58","slug":"drivewaypro-asphaltsanierer-1-l-2-m%c2%b2","status":"publish","type":"product","link":"https:\/\/smania.store\/at\/produkt\/drivewaypro-asphaltsanierer-1-l-2-m%c2%b2\/","title":{"rendered":"DrivewayPRO\u2122 Asphaltsanierer &#8211; 1 L \/ 4-6 m\u00b2"},"content":{"rendered":"<div class=\"smania_landing_description_title\">NEU: DrivewayPRO\u2122 Asphaltrestaurator<\/div>\n<div class=\"smania_landing_description_txt\">Erneuern Sie Ihre Einfahrt im Handumdrehen<\/div>\n<div class=\"smania_landing_description_subtitle\">Sieht Ihre Auffahrt abgenutzt aus? DrivewayPRO\u2122 ist die ultimative L\u00f6sung f\u00fcr die Restaurierung und den Schutz von Asphalt- und Betonfl\u00e4chen. DrivewayPRO\u2122 ist witterungsbest\u00e4ndig, resistent gegen Temperaturschwankungen, Risse und UV-Sch\u00e4den und verbessert nicht nur das Aussehen Ihrer Einfahrt, sondern bietet auch lang anhaltende Wasserdichtigkeit und Schutz.<\/div>\n<div class=\"smania_landing_description_list\">\n<ul>\n<li>Versiegelt und st\u00e4rkt die Oberfl\u00e4che<\/li>\n<li>Widersteht Regen, Hitze und Frost<\/li>\n<li>Erneuert Einfahrten &#8211; urspr\u00fcngliches Aussehen von Asphalt und Beton<\/li>\n<li>UV-Schutz &#8211; verhindert Ausbleichen und Sch\u00e4den<\/li>\n<li>Wasserabweisend &#8211; verhindert das Eindringen von Feuchtigkeit<\/li>\n<li>Verl\u00e4ngerte Lebensdauer &#8211; bewahrt und st\u00e4rkt die Oberfl\u00e4che<\/li>\n<\/ul><\/div>\n","protected":false},"excerpt":{"rendered":"<p>HOHE LEISTUNGSF\u00c4HIGKEIT &#8211; Speziell f\u00fcr Asphaltstra\u00dfen formuliert|LANGLEBIG &#8211; Langlebige, niedriggl\u00e4nzende schwarze Schicht|SCH\u00dcTZEND &#8211; Sch\u00fctzt vor Witterungseinfl\u00fcssen, Auslaufen und Unkrautwuchs|EINFACH ZU VERWENDEN &#8211; Einfache Anwendung f\u00fcr problemlose Ergebnisse|SCHNELL TROCKNEND &#8211; In nur 4 Stunden einsatzbereit|Farbe &#8211; Schwarz|Fl\u00fcssigkeitsvolumen &#8211; 1 L|Ergiebigkeit &#8211; bis zu 6 m\u00b2|Trocknungszeit &#8211; 4 Stunden f\u00fcr die Anwendung|Anwendung &#8211; Pinsel, Rolle oder Spray<\/p>\n","protected":false},"featured_media":39993,"template":"","meta":[],"product_cat":[2573],"product_tag":[2574,2576],"acf":[],"_links":{"self":[{"href":"https:\/\/smania.store\/at\/wp-json\/wp\/v2\/product\/39942"}],"collection":[{"href":"https:\/\/smania.store\/at\/wp-json\/wp\/v2\/product"}],"about":[{"href":"https:\/\/smania.store\/at\/wp-json\/wp\/v2\/types\/product"}],"wp:featuredmedia":[{"embeddable":true,"href":"https:\/\/smania.store\/at\/wp-json\/wp\/v2\/media\/39993"}],"wp:attachment":[{"href":"https:\/\/smania.store\/at\/wp-json\/wp\/v2\/media?parent=39942"}],"wp:term":[{"taxonomy":"product_cat","embeddable":true,"href":"https:\/\/smania.store\/at\/wp-json\/wp\/v2\/product_cat?post=39942"},{"taxonomy":"product_tag","embeddable":true,"href":"https:\/\/smania.store\/at\/wp-json\/wp\/v2\/product_tag?post=39942"}],"curies":[{"name":"wp","href":"https:\/\/api.w.org\/{rel}","templated":true}]}}