{"id":39749,"date":"2025-08-19T10:58:50","date_gmt":"2025-08-19T08:58:50","guid":{"rendered":"https:\/\/smania.store\/at\/produkt\/cozymama-aufblasbares-schwangerschaftskissen\/"},"modified":"2025-08-19T10:58:50","modified_gmt":"2025-08-19T08:58:50","slug":"cozymama-aufblasbares-schwangerschaftskissen","status":"publish","type":"product","link":"https:\/\/smania.store\/at\/produkt\/cozymama-aufblasbares-schwangerschaftskissen\/","title":{"rendered":"CozyMama\u2122 aufblasbares Schwangerschaftskissen"},"content":{"rendered":"<div class=\"smania_landing_description_title\">NEU: Komfort f\u00fcr werdende M\u00fctter<\/div>\n<div class=\"smania_landing_description_txt\">Erleben Sie unvergleichlichen Komfort und eine Entlastung des Bauches!<\/div>\n<div class=\"smania_landing_description_subtitle\">Verabschieden Sie sich von unruhigen N\u00e4chten und R\u00fcckenschmerzen, liebe werdende M\u00fctter!<\/div>\n<div class=\"smania_landing_description_list\">\n<ul>\n<li>Unterst\u00fctzt die optimale Positionierung des F\u00f6tus<\/li>\n<li>Sofortige Linderung von Schmerzen im unteren R\u00fccken<\/li>\n<li>F\u00f6rdert eine bessere Lungenkapazit\u00e4t<\/li>\n<li>Reduziert Kaiserschnitte und Wehenschmerzen<\/li>\n<li>Perfekte Gr\u00f6\u00dfe f\u00fcr maximale Unterst\u00fctzung<\/li>\n<\/ul><\/div>\n","protected":false},"excerpt":{"rendered":"<p>Verbessert die Schlafqualit\u00e4t|F\u00f6rdert die m\u00fctterliche und f\u00f6tale Gesundheit|F\u00f6rdert entspannte Ruhepositionen|Leicht zu reinigen und zu pflegen|Farbe: rosa|Material: PVC, Baumwolle|Abmessungen: 170 x 65 x 22 cm|Tragf\u00e4higkeit: 125 kg<\/p>\n","protected":false},"featured_media":39736,"template":"","meta":[],"product_cat":[16,17],"product_tag":[1484],"acf":[],"_links":{"self":[{"href":"https:\/\/smania.store\/at\/wp-json\/wp\/v2\/product\/39749"}],"collection":[{"href":"https:\/\/smania.store\/at\/wp-json\/wp\/v2\/product"}],"about":[{"href":"https:\/\/smania.store\/at\/wp-json\/wp\/v2\/types\/product"}],"wp:featuredmedia":[{"embeddable":true,"href":"https:\/\/smania.store\/at\/wp-json\/wp\/v2\/media\/39736"}],"wp:attachment":[{"href":"https:\/\/smania.store\/at\/wp-json\/wp\/v2\/media?parent=39749"}],"wp:term":[{"taxonomy":"product_cat","embeddable":true,"href":"https:\/\/smania.store\/at\/wp-json\/wp\/v2\/product_cat?post=39749"},{"taxonomy":"product_tag","embeddable":true,"href":"https:\/\/smania.store\/at\/wp-json\/wp\/v2\/product_tag?post=39749"}],"curies":[{"name":"wp","href":"https:\/\/api.w.org\/{rel}","templated":true}]}}