{"id":39609,"date":"2025-08-01T15:04:23","date_gmt":"2025-08-01T13:04:23","guid":{"rendered":"https:\/\/smania.store\/at\/produkt\/solidmax-entkalker\/"},"modified":"2025-08-01T15:04:23","modified_gmt":"2025-08-01T13:04:23","slug":"solidmax-entkalker","status":"publish","type":"product","link":"https:\/\/smania.store\/at\/produkt\/solidmax-entkalker\/","title":{"rendered":"SolidMax &#8211; Entkalker"},"content":{"rendered":"<div class=\"smania_landing_description_title\">NEU! Der Feind der sturen Waage!<\/div>\n<div class=\"smania_landing_description_txt\">Unglaubliche Sauberkeit in 3 Schritten<\/div>\n<div class=\"smania_landing_description_subtitle\">Haben Sie genug vom stundenlangen Schrubben? Mit SolidMax wird die Reinigung zum Vergn\u00fcgen! Diese innovative Formel l\u00f6st m\u00fchelos Kalk, Kalzium und andere harte Wasserflecken auf und bildet sogar eine Schutzschicht, die zuk\u00fcnftige Ablagerungen verhindert! Einfach auftragen, einwirken lassen und die Flecken m\u00fchelos wegwischen. Machen Sie die Reinigung einfach und angenehm mit SolidMax!<\/div>\n<div class=\"smania_landing_description_list\">\n<ul>\n<li>L\u00f6st m\u00fchelos Kalkablagerungen auf<\/li>\n<li>Entfernt Kalzium und Flecken von hartem Wasser<\/li>\n<li>Schutzschicht gegen nachfolgende Ablagerungen<\/li>\n<li>Einfache Anwendung, kein Schrubben erforderlich<\/li>\n<li>Schnelle und effektive Ergebnisse<\/li>\n<li>Reinigt Badewannen, Wasserh\u00e4hne, Waschbecken und Bidets<\/li>\n<\/ul><\/div>\n","protected":false},"excerpt":{"rendered":"<p>Sofortige Wirkung in wenigen Minuten|Schonend f\u00fcr Oberfl\u00e4chen|Lang anhaltende Sauberkeit|Einfache Anwendung|Professionelle Reinigung zu Hause|Keine hartn\u00e4ckigen Flecken mehr|Mehr Schutz, weniger Arbeit|Entfernt die hartn\u00e4ckigsten Wassersteine<\/p>\n","protected":false},"featured_media":39598,"template":"","meta":[],"product_cat":[2573],"product_tag":[2575],"acf":[],"_links":{"self":[{"href":"https:\/\/smania.store\/at\/wp-json\/wp\/v2\/product\/39609"}],"collection":[{"href":"https:\/\/smania.store\/at\/wp-json\/wp\/v2\/product"}],"about":[{"href":"https:\/\/smania.store\/at\/wp-json\/wp\/v2\/types\/product"}],"wp:featuredmedia":[{"embeddable":true,"href":"https:\/\/smania.store\/at\/wp-json\/wp\/v2\/media\/39598"}],"wp:attachment":[{"href":"https:\/\/smania.store\/at\/wp-json\/wp\/v2\/media?parent=39609"}],"wp:term":[{"taxonomy":"product_cat","embeddable":true,"href":"https:\/\/smania.store\/at\/wp-json\/wp\/v2\/product_cat?post=39609"},{"taxonomy":"product_tag","embeddable":true,"href":"https:\/\/smania.store\/at\/wp-json\/wp\/v2\/product_tag?post=39609"}],"curies":[{"name":"wp","href":"https:\/\/api.w.org\/{rel}","templated":true}]}}