{"id":39480,"date":"2025-07-08T11:36:04","date_gmt":"2025-07-08T09:36:04","guid":{"rendered":"https:\/\/smania.store\/at\/produkt\/campmate-klappbarer-campingtisch-aus-aluminium-mit-4-stuehlen\/"},"modified":"2025-07-08T11:36:04","modified_gmt":"2025-07-08T09:36:04","slug":"campmate-klappbarer-campingtisch-aus-aluminium-mit-4-stuehlen","status":"publish","type":"product","link":"https:\/\/smania.store\/at\/produkt\/campmate-klappbarer-campingtisch-aus-aluminium-mit-4-stuehlen\/","title":{"rendered":"CampMate\u2122 Klappbarer Campingtisch aus Aluminium mit 4 St\u00fchlen"},"content":{"rendered":"<div class=\"smania_landing_description_title\">NEW, Ultrastabiler Klappstuhl<\/div>\n<div class=\"smania_landing_description_txt\">Campen wo und wann auch immer!<\/div>\n<div class=\"smania_landing_description_subtitle\">Mit CampMate\u2122 k\u00f6nnen Sie Ihr eigenes Abenteuer schaffen, w\u00e4hrend Sie im Urlaub sind!<\/div>\n<div class=\"smania_landing_description_list\">\n<ul>\n<li>Ideal f\u00fcr Camping, Picknick, Garten oder Zuhause<\/li>\n<li>Zusammenklappbares Design, Einzelstation f\u00fcr unterwegs<\/li>\n<li>Kompaktes Design, mit gro\u00dfem Fassungsverm\u00f6gen<\/li>\n<li>Ideal f\u00fcr 4 Personen<\/li>\n<\/ul><\/div>\n","protected":false},"excerpt":{"rendered":"<p>Der Lack ist in wenigen Sekunden aufgetragen|Hergestellt aus langlebiger Aluminiumlegierung|Zusammenklappbares Design f\u00fcr einfachen Transport|Wasserdicht f\u00fcr den Einsatz w\u00e4hrend des ganzen Jahres|Geeignet f\u00fcr den Innen- und Au\u00dfeneinsatz|Material: Aluminium|Abmessungen des aufgestellten Tisches: 120 x 60 cm|Verstellbare Tischh\u00f6he: 55 cm, 62 cm, 70 cm|Zusammengeklappte Abmessungen: 60 x 60 x 8 cm|Belastbarkeit des Tisches: 50 kg|Tragf\u00e4higkeit des Stuhls: 100 kg|Gewicht des Produkts: 6,7 kg<\/p>\n","protected":false},"featured_media":39468,"template":"","meta":[],"product_cat":[16,21],"product_tag":[],"acf":[],"_links":{"self":[{"href":"https:\/\/smania.store\/at\/wp-json\/wp\/v2\/product\/39480"}],"collection":[{"href":"https:\/\/smania.store\/at\/wp-json\/wp\/v2\/product"}],"about":[{"href":"https:\/\/smania.store\/at\/wp-json\/wp\/v2\/types\/product"}],"wp:featuredmedia":[{"embeddable":true,"href":"https:\/\/smania.store\/at\/wp-json\/wp\/v2\/media\/39468"}],"wp:attachment":[{"href":"https:\/\/smania.store\/at\/wp-json\/wp\/v2\/media?parent=39480"}],"wp:term":[{"taxonomy":"product_cat","embeddable":true,"href":"https:\/\/smania.store\/at\/wp-json\/wp\/v2\/product_cat?post=39480"},{"taxonomy":"product_tag","embeddable":true,"href":"https:\/\/smania.store\/at\/wp-json\/wp\/v2\/product_tag?post=39480"}],"curies":[{"name":"wp","href":"https:\/\/api.w.org\/{rel}","templated":true}]}}