{"id":38992,"date":"2025-04-10T13:06:38","date_gmt":"2025-04-10T11:06:38","guid":{"rendered":"https:\/\/smania.store\/at\/produkt\/keramik-reparaturpaste-ultra-paste\/"},"modified":"2025-04-10T13:06:38","modified_gmt":"2025-04-10T11:06:38","slug":"keramik-reparaturpaste-ultra-paste","status":"publish","type":"product","link":"https:\/\/smania.store\/at\/produkt\/keramik-reparaturpaste-ultra-paste\/","title":{"rendered":"Keramik-Reparaturpaste Ultra Paste"},"content":{"rendered":"<div class=\"smania_landing_description_title\">NEU! Ultra Paste \u2013 Die einfache L\u00f6sung f\u00fcr Keramikreparaturen<\/div>\n<div class=\"smania_landing_description_txt\">Reparieren Sie besch\u00e4digte Keramik im Handumdrehen!<\/div>\n<div class=\"smania_landing_description_subtitle\">Haben Sie es satt, mit Rissen und Besch\u00e4digungen an Ihren Lieblingskeramikgegenst\u00e4nden zu leben? Mit Ultra Paste ist Ihr Problem schneller gel\u00f6st, als Sie denken. Diese hochwirksame Paste ist f\u00fcr die Reparatur abgeplatzter Fliesen, gebrochener Kanten und gerissener Keramik konzipiert und liefert mit nur einer Anwendung ein perfektes Ergebnis.<\/div>\n<div class=\"smania_landing_description_list\">\n<ul>\n<li>Schnelle und einfache Reparatur: Stellen Sie besch\u00e4digte Keramik in nur wenigen Minuten mit einer einfachen Anwendung wieder her<\/li>\n<li>Perfekte \u00dcbereinstimmung: Die Paste verschmilzt nahtlos mit der Farbe und Textur Ihrer Keramik und macht Reparaturen unsichtbar<\/li>\n<li>Universell einsetzbar: Ideal f\u00fcr alle Arten von Keramikoberfl\u00e4chen \u2013 von Fliesen bis hin zu Tassen und Vasen<\/li>\n<li>Spart Zeit und Geld: Vermeiden Sie teuren Ersatz und langwierige Reparaturen mit der einfachen und effektiven Ultra Paste<\/li>\n<li>Langlebige L\u00f6sung: Nach dem Trocknen ist die Reparatur fest und widerstandsf\u00e4hig gegen den t\u00e4glichen Gebrauch<\/li>\n<\/ul><\/div>\n","protected":false},"excerpt":{"rendered":"<p>Perfekte F\u00fcllung: Die Paste f\u00fcllt effektiv alle Risse, abgesplitterten Kanten und L\u00f6cher|Schnelles Trocknen: Reparaturen sind in nur 10 Minuten fest|Wasserfest: Nach der Reparatur ist die Oberfl\u00e4che best\u00e4ndig gegen Wasser und andere Fl\u00fcssigkeiten|Unsichtbare Reparaturen: Die Paste verschmilzt perfekt mit Ihrer Keramik und hinterl\u00e4sst keine sichtbaren Spuren|Volumen: 100 g, ausreichend f\u00fcr mehrere Reparaturen|Hochwertige Formel: Entwickelt f\u00fcr Haltbarkeit und Festigkeit|Einfache Anwendung: Einfach mischen, auftragen und gl\u00e4tten|Universell: Geeignet f\u00fcr Fliesen, Porzellan, Glasgegenst\u00e4nde und mehr|HINWEIS: Das Produkt ist nur f\u00fcr wei\u00dfe Keramik geeignet<\/p>\n","protected":false},"featured_media":38982,"template":"","meta":[],"product_cat":[16,2573],"product_tag":[1556,2574,2419],"acf":[],"_links":{"self":[{"href":"https:\/\/smania.store\/at\/wp-json\/wp\/v2\/product\/38992"}],"collection":[{"href":"https:\/\/smania.store\/at\/wp-json\/wp\/v2\/product"}],"about":[{"href":"https:\/\/smania.store\/at\/wp-json\/wp\/v2\/types\/product"}],"wp:featuredmedia":[{"embeddable":true,"href":"https:\/\/smania.store\/at\/wp-json\/wp\/v2\/media\/38982"}],"wp:attachment":[{"href":"https:\/\/smania.store\/at\/wp-json\/wp\/v2\/media?parent=38992"}],"wp:term":[{"taxonomy":"product_cat","embeddable":true,"href":"https:\/\/smania.store\/at\/wp-json\/wp\/v2\/product_cat?post=38992"},{"taxonomy":"product_tag","embeddable":true,"href":"https:\/\/smania.store\/at\/wp-json\/wp\/v2\/product_tag?post=38992"}],"curies":[{"name":"wp","href":"https:\/\/api.w.org\/{rel}","templated":true}]}}