{"id":38980,"date":"2025-04-10T13:04:52","date_gmt":"2025-04-10T11:04:52","guid":{"rendered":"https:\/\/smania.store\/at\/produkt\/bienenwachs-fuer-holz-bee-wax\/"},"modified":"2025-04-10T13:04:52","modified_gmt":"2025-04-10T11:04:52","slug":"bienenwachs-fuer-holz-bee-wax","status":"publish","type":"product","link":"https:\/\/smania.store\/at\/produkt\/bienenwachs-fuer-holz-bee-wax\/","title":{"rendered":"Bienenwachs f\u00fcr Holz Bee Wax"},"content":{"rendered":"<div class=\"smania_landing_description_title\">NEU! Bee Wax &#8211; Stellen Sie den Glanz Ihrer Holzm\u00f6bel wieder her<\/div>\n<div class=\"smania_landing_description_txt\">Erwecken Sie Ihre Holzm\u00f6bel wieder zum Leben!<\/div>\n<div class=\"smania_landing_description_subtitle\">Sind Sie es leid, dass Ihre alten Holzm\u00f6bel stumpf und abgenutzt aussehen? Bienenwachs ist ein wunderbares Poliermittel, das Ihren M\u00f6beln ihren Glanz und ihre nat\u00fcrliche Sch\u00f6nheit zur\u00fcckgibt. Sie brauchen sich nicht von Ihren alten M\u00f6beln zu trennen &#8211; mit diesem Wachs sehen sie wieder wie neu aus. Die Menge von 150 ml reicht f\u00fcr bis zu 8 m\u00b2 Holzoberfl\u00e4chen und ist somit perfekt, um Ihre Lieblingsst\u00fccke wieder aufzufrischen.<\/div>\n<div class=\"smania_landing_description_list\">\n<ul>\n<li>Stellt den Glanz wieder her: belebt Holzoberfl\u00e4chen und gibt ihnen ihren nat\u00fcrlichen Glanz zur\u00fcck, so dass die M\u00f6bel wie neu aussehen<\/li>\n<li>Einfache Anwendung: schnelle und einfache Anwendung, die Ihren M\u00f6beln lang anhaltenden Glanz und Schutz verleiht<\/li>\n<li>Kratzschutz: sch\u00fctzt das Holz vor Besch\u00e4digungen und verhindert Kratzer<\/li>\n<li>Wasserfester Schutz: schafft eine wasserfeste Barriere, die Ihre M\u00f6bel vor Feuchtigkeit sch\u00fctzt<\/li>\n<li>Ungiftig und sicher: enth\u00e4lt Bienenwachs, das sicher in der Anwendung, ungiftig und sanft zur Haut ist<\/li>\n<\/ul><\/div>\n","protected":false},"excerpt":{"rendered":"<p>Holzrestaurierung: Bringt Holzm\u00f6bel wieder in ihren nat\u00fcrlichen Zustand mit Glanz und Schutz|Langanhaltender Schutz: Beugt Sch\u00e4den vor und sch\u00fctzt Holzoberfl\u00e4chen vor Feuchtigkeit und Kratzern|Vielseitig einsetzbar: Ideal f\u00fcr Holzb\u00f6den, Tische, St\u00fchle, T\u00fcren und andere Holzm\u00f6bel|Sicher in der Anwendung: Ungiftige Formel mit Bienenwachs, geeignet f\u00fcr Haushalte mit Kindern und Haustieren|Inhalt: 150 ml, ausreichend f\u00fcr bis zu 8 m\u00b2 Holzoberfl\u00e4chen|Bienenwachsformel: nat\u00fcrliche Zusammensetzung, die das Holz n\u00e4hrt und sch\u00fctzt|Einfache Anwendung: einfach mit einem weichen Tuch auftragen und den neuen Glanz genie\u00dfen|Ungiftig: das Wachs ist sicher f\u00fcr den Innenbereich und frei von sch\u00e4dlichen Chemikalien<\/p>\n","protected":false},"featured_media":38970,"template":"","meta":[],"product_cat":[16,2573],"product_tag":[2419],"acf":[],"_links":{"self":[{"href":"https:\/\/smania.store\/at\/wp-json\/wp\/v2\/product\/38980"}],"collection":[{"href":"https:\/\/smania.store\/at\/wp-json\/wp\/v2\/product"}],"about":[{"href":"https:\/\/smania.store\/at\/wp-json\/wp\/v2\/types\/product"}],"wp:featuredmedia":[{"embeddable":true,"href":"https:\/\/smania.store\/at\/wp-json\/wp\/v2\/media\/38970"}],"wp:attachment":[{"href":"https:\/\/smania.store\/at\/wp-json\/wp\/v2\/media?parent=38980"}],"wp:term":[{"taxonomy":"product_cat","embeddable":true,"href":"https:\/\/smania.store\/at\/wp-json\/wp\/v2\/product_cat?post=38980"},{"taxonomy":"product_tag","embeddable":true,"href":"https:\/\/smania.store\/at\/wp-json\/wp\/v2\/product_tag?post=38980"}],"curies":[{"name":"wp","href":"https:\/\/api.w.org\/{rel}","templated":true}]}}