{"id":38705,"date":"2025-04-10T11:47:47","date_gmt":"2025-04-10T09:47:47","guid":{"rendered":"https:\/\/smania.store\/at\/produkt\/wasserdichte-acryl-polyurethan-beschichtung-aquacoatz-1-kg\/"},"modified":"2025-10-30T10:19:14","modified_gmt":"2025-10-30T09:19:14","slug":"wasserdichte-acryl-polyurethan-beschichtung-aquacoatz-1-kg","status":"publish","type":"product","link":"https:\/\/smania.store\/at\/produkt\/wasserdichte-acryl-polyurethan-beschichtung-aquacoatz-1-kg\/","title":{"rendered":"Wasserdichte Acryl-Polyurethan-Beschichtung AquaCoatz\u2122 (1 kg)"},"content":{"rendered":"<div class=\"smania_landing_description_title\">NEU! Versiegelt und sch\u00fctzt<\/div>\n<div class=\"smania_landing_description_txt\">Sch\u00fctzen Sie Ihre D\u00e4cher, W\u00e4nde und B\u00f6den jahrzehntelang vor eindringendem Wasser!<\/div>\n<div class=\"smania_landing_description_subtitle\">AquaCoatz\u2122, die fl\u00fcssige, wasserdichte Polyurethan-Beschichtung, gew\u00e4hrleistet die Sicherheit Ihres Daches zu jeder Jahreszeit, bei verschiedenen Wetterbedingungen und extremen Temperaturen. Vergessen Sie das Sickern von Wasser und genie\u00dfen Sie den Seelenfrieden eines wasserdichten Schutzes.<\/div>\n<div class=\"smania_landing_description_list\">\n<ul>\n<li>Zertifizierter wasserdichter Schutz f\u00fcr D\u00e4cher, B\u00f6den und W\u00e4nde<\/li>\n<li>Kann mit Pinsel, Farbrolle oder Spr\u00fchger\u00e4t aufgetragen werden<\/li>\n<li>Hervorragende Flexibilit\u00e4t f\u00fcr alle Temperaturen geeignet<\/li>\n<li>Anti-Aging-Formel sorgt f\u00fcr au\u00dfergew\u00f6hnliche Haltbarkeit<\/li>\n<li>Kompatibel mit Metall-, Beton- und Asphaltoberfl\u00e4chen<\/li>\n<li>Sichere und umweltfreundliche Formel<\/li>\n<li>1 kg deckt bis zu 2 m2<\/li>\n<\/ul><\/div>\n","protected":false},"excerpt":{"rendered":"<p>Lang anhaltende Wasserbest\u00e4ndigkeit|Leicht aufzutragende, selbstnivellierende, wasserdichte Beschichtung|Extreme Temperaturbest\u00e4ndigkeit von -40 bis +80\u00b0C|Hervorragende UV- und Wetterbest\u00e4ndigkeit|Dauerhafte und starke Adh\u00e4sion auf festen Oberfl\u00e4chen|Hohe Elastizit\u00e4t, rei\u00dft nicht und verformt sich nicht|Ergiebigkeit: 2 m2 pro 1 kg des Produkts|Auftragsverfahren: Pinsel, Farbrolle, Spr\u00fchger\u00e4t|Anwendbare Materialien: Metall, Beton, Asphalt|Farbe: grau|Inhalt: 1 kg|Haltbarkeitsdauer: 12 Monate<\/p>\n","protected":false},"featured_media":38728,"template":"","meta":[],"product_cat":[16,2573],"product_tag":[2574,1495,2419],"acf":[],"_links":{"self":[{"href":"https:\/\/smania.store\/at\/wp-json\/wp\/v2\/product\/38705"}],"collection":[{"href":"https:\/\/smania.store\/at\/wp-json\/wp\/v2\/product"}],"about":[{"href":"https:\/\/smania.store\/at\/wp-json\/wp\/v2\/types\/product"}],"wp:featuredmedia":[{"embeddable":true,"href":"https:\/\/smania.store\/at\/wp-json\/wp\/v2\/media\/38728"}],"wp:attachment":[{"href":"https:\/\/smania.store\/at\/wp-json\/wp\/v2\/media?parent=38705"}],"wp:term":[{"taxonomy":"product_cat","embeddable":true,"href":"https:\/\/smania.store\/at\/wp-json\/wp\/v2\/product_cat?post=38705"},{"taxonomy":"product_tag","embeddable":true,"href":"https:\/\/smania.store\/at\/wp-json\/wp\/v2\/product_tag?post=38705"}],"curies":[{"name":"wp","href":"https:\/\/api.w.org\/{rel}","templated":true}]}}