{"id":38242,"date":"2024-11-07T11:55:33","date_gmt":"2024-11-07T10:55:33","guid":{"rendered":"https:\/\/smania.store\/at\/produkt\/aquarienreiniger-algacure\/"},"modified":"2025-10-23T06:33:53","modified_gmt":"2025-10-23T04:33:53","slug":"aquarienreiniger-algacure","status":"publish","type":"product","link":"https:\/\/smania.store\/at\/produkt\/aquarienreiniger-algacure\/","title":{"rendered":"Aquarienreiniger AlgaCure (70 g)"},"content":{"rendered":"<div class=\"smania_landing_description_title\">Neu! AlgaCure &#8211; Wirksame L\u00f6sung gegen Algen und Verschmutzung<\/div>\n<div class=\"smania_landing_description_txt\">Halten Sie Ihr Aquarium gl\u00e4nzend, frisch und geruchsneutral!<\/div>\n<div class=\"smania_landing_description_subtitle\">Haben Sie genug von tr\u00fcbem Wasser, hartn\u00e4ckigen Algen und unangenehmen Ger\u00fcchen in Ihrem Aquarium? Mit AlgaCure k\u00f6nnen Sie ein blitzsauberes, gesundes und ausgeglichenes Aquarium genie\u00dfen &#8211; ohne endloses Schrubben oder Wasserwechsel.<\/div>\n<div class=\"smania_landing_description_list\">\n<ul>\n<li>Beseitigt Algen und organische Ablagerungen &#8211; baut \u00fcbersch\u00fcssige Algen, abgestorbene Pflanzen und Ablagerungen auf nat\u00fcrliche Weise ab<\/li>\n<li>Neutralisiert schlechte Ger\u00fcche &#8211; hinterl\u00e4sst Ihr Aquarium frisch, sauber und kristallklar<\/li>\n<li>Erh\u00e4lt ein gesundes Gleichgewicht &#8211; unterst\u00fctzt die nat\u00fcrliche mikrobielle Harmonie, um Ihr Aquarium stabil und wartungsarm zu halten<\/li>\n<li>Keine manuelle Reinigung mehr &#8211; geben Sie es einfach ins Wasser und lassen Sie die Formel die Arbeit machen<\/li>\n<li>F\u00f6rdert die Gesundheit der Fische &#8211; sauberes Wasser bedeutet fr\u00f6hlichere, aktivere Fische<\/li>\n<\/ul><\/div>\n","protected":false},"excerpt":{"rendered":"<p>Keine manuelle Reinigung erforderlich|H\u00e4lt das gesunde Gleichgewicht im Aquarium aufrecht|Fortschrittliche biologische Formel|Hergestellt aus sicheren und ungiftigen Verbindungen|Sicher f\u00fcr Wasserorganismen und Pflanzen|Inhalt: 70 g<\/p>\n","protected":false},"featured_media":40188,"template":"","meta":[],"product_cat":[16,20],"product_tag":[2419],"acf":[],"_links":{"self":[{"href":"https:\/\/smania.store\/at\/wp-json\/wp\/v2\/product\/38242"}],"collection":[{"href":"https:\/\/smania.store\/at\/wp-json\/wp\/v2\/product"}],"about":[{"href":"https:\/\/smania.store\/at\/wp-json\/wp\/v2\/types\/product"}],"wp:featuredmedia":[{"embeddable":true,"href":"https:\/\/smania.store\/at\/wp-json\/wp\/v2\/media\/40188"}],"wp:attachment":[{"href":"https:\/\/smania.store\/at\/wp-json\/wp\/v2\/media?parent=38242"}],"wp:term":[{"taxonomy":"product_cat","embeddable":true,"href":"https:\/\/smania.store\/at\/wp-json\/wp\/v2\/product_cat?post=38242"},{"taxonomy":"product_tag","embeddable":true,"href":"https:\/\/smania.store\/at\/wp-json\/wp\/v2\/product_tag?post=38242"}],"curies":[{"name":"wp","href":"https:\/\/api.w.org\/{rel}","templated":true}]}}