{"id":36137,"date":"2023-07-19T11:16:52","date_gmt":"2023-07-19T09:16:52","guid":{"rendered":"https:\/\/smania.store\/at\/produkt\/set-von-schrank-organisatoren-tidix\/"},"modified":"2024-04-23T09:58:34","modified_gmt":"2024-04-23T07:58:34","slug":"set-von-schrank-organisatoren-tidix","status":"publish","type":"product","link":"https:\/\/smania.store\/at\/produkt\/set-von-schrank-organisatoren-tidix\/","title":{"rendered":"Set von Schrank-Organisatoren TidiX"},"content":{"rendered":"<div class=\"smania_landing_description_title\">NEU! Kleiderschrank-Organizer TidiX<\/div>\n<div class=\"smania_landing_description_txt\">Nutze den Platz in deinem Kleiderschrank optimal!<\/div>\n<div class=\"smania_landing_description_subtitle\">Ordne deine Lieblingsslips, Socken, BHs oder Accessoires mit dem vielseitigen TidiX-Kleiderschrank-Organizer. Mit seinen verstellbaren F\u00e4chern, seiner kompakten Gr\u00f6\u00dfe und der lochfreien Installation ist diese elegante und robuste Aufbewahrungsbox perfekt, um den vertikalen Platz in deinem Kleiderschrank, deiner Kommode oder an der Wand zu maximieren.<\/div>\n<div class=\"smania_landing_description_list\">\n<ul>\n<li>Elegantes, transparentes Design<\/li>\n<li>6 verstellbare F\u00e4cher<\/li>\n<li>Platz f\u00fcr mehrere H\u00f6schen, Socken oder BHs<\/li>\n<li>Lochfreie Montage f\u00fcr eine vielseitige Verwendung<\/li>\n<li>Erh\u00e4ltlich in 3 Farben als 4er-Set<\/li>\n<\/ul><\/div>\n","protected":false},"excerpt":{"rendered":"<p>6 F\u00e4cher|Herausnehmbare Trennw\u00e4nde|Leicht ausziehbares Design|Platzsparend |Geeignet f\u00fcr Kabel, Schmuck, Gew\u00fcrze und andere kleine Gegenst\u00e4nde|Montage ohne Bohren|Staub- und wasserdicht|Material: HIPS, PET|Gr\u00f6\u00dfe: 36 \u00d7 8,3 \u00d7 10,7 cm|Gewicht: 400 g\/St\u00fcck<\/p>\n","protected":false},"featured_media":36128,"template":"","meta":[],"product_cat":[16,2398,2366],"product_tag":[2419],"acf":[],"_links":{"self":[{"href":"https:\/\/smania.store\/at\/wp-json\/wp\/v2\/product\/36137"}],"collection":[{"href":"https:\/\/smania.store\/at\/wp-json\/wp\/v2\/product"}],"about":[{"href":"https:\/\/smania.store\/at\/wp-json\/wp\/v2\/types\/product"}],"wp:featuredmedia":[{"embeddable":true,"href":"https:\/\/smania.store\/at\/wp-json\/wp\/v2\/media\/36128"}],"wp:attachment":[{"href":"https:\/\/smania.store\/at\/wp-json\/wp\/v2\/media?parent=36137"}],"wp:term":[{"taxonomy":"product_cat","embeddable":true,"href":"https:\/\/smania.store\/at\/wp-json\/wp\/v2\/product_cat?post=36137"},{"taxonomy":"product_tag","embeddable":true,"href":"https:\/\/smania.store\/at\/wp-json\/wp\/v2\/product_tag?post=36137"}],"curies":[{"name":"wp","href":"https:\/\/api.w.org\/{rel}","templated":true}]}}