{"id":35103,"date":"2023-05-10T10:10:07","date_gmt":"2023-05-10T08:10:07","guid":{"rendered":"https:\/\/smania.store\/at\/produkt\/bbq-brandeisen-sizzler\/"},"modified":"2025-08-21T11:12:51","modified_gmt":"2025-08-21T09:12:51","slug":"bbq-brandeisen-sizzler","status":"publish","type":"product","link":"https:\/\/smania.store\/at\/produkt\/bbq-brandeisen-sizzler\/","title":{"rendered":"BBQ-Brandeisen Sizzler"},"content":{"rendered":"<div class=\"smania_landing_description_title\">NEU! BBQ-Brandeisen Sizzler<\/div>\n<div class=\"smania_landing_description_txt\">\u00dcberrasche deine G\u00e4ste mit personalisierten Steaks!<\/div>\n<div class=\"smania_landing_description_subtitle\">Peppe deine n\u00e4chste BBQ-Party mit unserem hochwertigen Brandeisen Sizzler auf. Mit 55 Buchstaben und 8 Leerzeichen kannst du deine Steaks, Burger, H\u00e4hnchen und sogar dein Gem\u00fcse mit einzigartigen Botschaften, Namen oder Witzen versehen. Hol dir jetzt dein Brandeisen Sizzler und werde zum Grillmeister!<\/div>\n<div class=\"smania_landing_description_list\">\n<ul>\n<li>\u00dcberrasche deine G\u00e4ste mit personalisierten Steaks!<\/li>\n<li>Einfacher Wechsel der Buchstaben<\/li>\n<li>Bringt Spa\u00df in deine BBQ-Party<\/li>\n<li>Ideal f\u00fcr Steaks, Burger, H\u00e4hnchen und sogar Gem\u00fcse<\/li>\n<li>Hergestellt aus hochwertigen, langlebigen Materialien<\/li>\n<\/ul><\/div>\n","protected":false},"excerpt":{"rendered":"<p>Hitzebest\u00e4ndiger Holzgriff|Leicht und tragbar|Tolles Geschenk f\u00fcr BBQ-Liebhaber und Grillmeister|Enth\u00e4lt 55 Buchstaben und 8 Leerzeichen|Leicht zu benutzen und zu reinigen|Robust und langlebig|Material: Aluminiumlegierung, Holz|Gr\u00f6\u00dfe des Brandeisens: 43,5 \u00d7 8,7 cm<\/p>\n","protected":false},"featured_media":35093,"template":"","meta":[],"product_cat":[2211,223,2326],"product_tag":[1498],"acf":[],"_links":{"self":[{"href":"https:\/\/smania.store\/at\/wp-json\/wp\/v2\/product\/35103"}],"collection":[{"href":"https:\/\/smania.store\/at\/wp-json\/wp\/v2\/product"}],"about":[{"href":"https:\/\/smania.store\/at\/wp-json\/wp\/v2\/types\/product"}],"wp:featuredmedia":[{"embeddable":true,"href":"https:\/\/smania.store\/at\/wp-json\/wp\/v2\/media\/35093"}],"wp:attachment":[{"href":"https:\/\/smania.store\/at\/wp-json\/wp\/v2\/media?parent=35103"}],"wp:term":[{"taxonomy":"product_cat","embeddable":true,"href":"https:\/\/smania.store\/at\/wp-json\/wp\/v2\/product_cat?post=35103"},{"taxonomy":"product_tag","embeddable":true,"href":"https:\/\/smania.store\/at\/wp-json\/wp\/v2\/product_tag?post=35103"}],"curies":[{"name":"wp","href":"https:\/\/api.w.org\/{rel}","templated":true}]}}