{"id":27960,"date":"2021-12-06T10:35:37","date_gmt":"2021-12-06T09:35:37","guid":{"rendered":"https:\/\/smania.store\/at\/produkt\/weihnachtsbaumspitze-3d-star\/"},"modified":"2023-11-30T12:15:57","modified_gmt":"2023-11-30T11:15:57","slug":"weihnachtsbaumspitze-3d-star","status":"publish","type":"product","link":"https:\/\/smania.store\/at\/produkt\/weihnachtsbaumspitze-3d-star\/","title":{"rendered":"Weihnachtsbaumspitze 3D-Star"},"content":{"rendered":"<div class=\"smania_landing_description_title\">Magisch!\ud83c\udf84\ud83c\udf87 Weihnachtsbaumspitze 3D-Star<\/div>\n<div class=\"smania_landing_description_txt\">Dein Weihnachtsbaum verdient den besten Stern!<\/div>\n<div class=\"smania_landing_description_subtitle\">Genie\u00dfe die Weihnachtsfeiertage und bewundere den besten Baum, den du je geschm\u00fcckt hast. Die Baumspitze 3D-Star wird die Atmosph\u00e4re in deinem Haus aufw\u00e4rmen und deine G\u00e4ste angenehm \u00fcberraschen.<\/div>\n<div class=\"smania_landing_description_list\">\n<ul>\n<li>Sch\u00f6ner dreidimensionaler Stern, der Magie in dein Haus bringen wird<\/li>\n<li>Hergestellt aus hochwertigen Materialien, beschichtet mit glitzerndem Pulver<\/li>\n<li>Die einstellbare innere LED-Leuchte projiziert Schneeflocken an die W\u00e4nde und die Decke<\/li>\n<li>Diese tolle Dekoration wird die Kr\u00f6nung deines Weihnachtsbaums sein und dein Herz zum Leuchten bringen<\/li>\n<\/ul>\n<\/div>\n","protected":false},"excerpt":{"rendered":"<p>Ideal f\u00fcr die Verwendung in Innenr\u00e4umen|Projektionsbereich: 2\u20135 m\u00b2|Je weiter von der Decke entfernt, desto gr\u00f6\u00dfer der Projektionsbereich|Schafft eine romantische und gem\u00fctliche Atmosph\u00e4re|Erh\u00e4ltlich in Gold und Silber|Materialien: ABS + Kunststoff|Abmessungen: 27 \u00d7 28 \u00d7 12 cm|L\u00e4nge des Kabels: 2,4 Meter<\/p>\n","protected":false},"featured_media":27954,"template":"","meta":[],"product_cat":[23,2326,2550,2123],"product_tag":[1555],"acf":[],"_links":{"self":[{"href":"https:\/\/smania.store\/at\/wp-json\/wp\/v2\/product\/27960"}],"collection":[{"href":"https:\/\/smania.store\/at\/wp-json\/wp\/v2\/product"}],"about":[{"href":"https:\/\/smania.store\/at\/wp-json\/wp\/v2\/types\/product"}],"wp:featuredmedia":[{"embeddable":true,"href":"https:\/\/smania.store\/at\/wp-json\/wp\/v2\/media\/27954"}],"wp:attachment":[{"href":"https:\/\/smania.store\/at\/wp-json\/wp\/v2\/media?parent=27960"}],"wp:term":[{"taxonomy":"product_cat","embeddable":true,"href":"https:\/\/smania.store\/at\/wp-json\/wp\/v2\/product_cat?post=27960"},{"taxonomy":"product_tag","embeddable":true,"href":"https:\/\/smania.store\/at\/wp-json\/wp\/v2\/product_tag?post=27960"}],"curies":[{"name":"wp","href":"https:\/\/api.w.org\/{rel}","templated":true}]}}