{"id":25487,"date":"2021-10-05T11:34:18","date_gmt":"2021-10-05T09:34:18","guid":{"rendered":"https:\/\/smania.store\/de\/produkt\/rundes-strandhandtuch-mandala\/"},"modified":"2025-08-21T11:12:51","modified_gmt":"2025-08-21T09:12:51","slug":"rundes-strandhandtuch-mandala","status":"publish","type":"product","link":"https:\/\/smania.store\/at\/produkt\/rundes-strandhandtuch-mandala\/","title":{"rendered":"Rundes Strandhandtuch Mandala"},"content":{"rendered":"<div class=\"smania_landing_description_title\">NEU! Rundes Strandhandtuch Mandala<\/div>\n<div class=\"smania_landing_description_txt\">F\u00fcr einen angenehmen Tag am Strand!<\/div>\n<div class=\"smania_landing_description_subtitle\">Es ist extrem weich und strapazierf\u00e4hig und kann sowohl als Handtuch als auch als Decke verwendet werden. Nimm es mit an den Strand, zum Picknick oder lege es einfach auf Deine Terrasse und genie\u00dfe den Sommer.<\/div>\n<div class=\"smania_landing_description_list\">\n<ul>\n<li>Stylischer Boh\u00e8me-Look<\/li>\n<li>Unglaublich sanft und angenehm auf der Haut<\/li>\n<li>\u00c4u\u00dferst saugf\u00e4hig und schnell trocknend<\/li>\n<li>Die perfekte Gr\u00f6\u00dfe zum Einwickeln<\/li>\n<li>Lebendige Farben, die nicht verblassen<\/li>\n<\/ul><\/div>\n","protected":false},"excerpt":{"rendered":"<p>Perfekt als Handtuch, Decke oder Dekost\u00fcck|Erstaunliche geometrische Boh\u00e8me-Muster|Schnelltrocknend und leicht zu reinigen|Sch\u00f6ne, lebendige Farben|Extra weich und bequem|\u00c4u\u00dferst saugf\u00e4hig|Abmessungen: 150 \u00d7 150 cm|Material: Mikrofaser<\/p>\n","protected":false},"featured_media":25482,"template":"","meta":[],"product_cat":[2261,2326,21],"product_tag":[1978],"acf":[],"_links":{"self":[{"href":"https:\/\/smania.store\/at\/wp-json\/wp\/v2\/product\/25487"}],"collection":[{"href":"https:\/\/smania.store\/at\/wp-json\/wp\/v2\/product"}],"about":[{"href":"https:\/\/smania.store\/at\/wp-json\/wp\/v2\/types\/product"}],"wp:featuredmedia":[{"embeddable":true,"href":"https:\/\/smania.store\/at\/wp-json\/wp\/v2\/media\/25482"}],"wp:attachment":[{"href":"https:\/\/smania.store\/at\/wp-json\/wp\/v2\/media?parent=25487"}],"wp:term":[{"taxonomy":"product_cat","embeddable":true,"href":"https:\/\/smania.store\/at\/wp-json\/wp\/v2\/product_cat?post=25487"},{"taxonomy":"product_tag","embeddable":true,"href":"https:\/\/smania.store\/at\/wp-json\/wp\/v2\/product_tag?post=25487"}],"curies":[{"name":"wp","href":"https:\/\/api.w.org\/{rel}","templated":true}]}}