{"id":24751,"date":"2021-10-05T09:36:43","date_gmt":"2021-10-05T07:36:43","guid":{"rendered":"https:\/\/smania.store\/de\/produkt\/eleganter-2-in-1-damenrucksack\/"},"modified":"2024-06-13T13:50:04","modified_gmt":"2024-06-13T11:50:04","slug":"eleganter-2-in-1-damenrucksack","status":"publish","type":"product","link":"https:\/\/smania.store\/at\/produkt\/eleganter-2-in-1-damenrucksack\/","title":{"rendered":"Eleganter 2 in 1 Damenrucksack"},"content":{"rendered":"<div class=\"smania_landing_description_title\">INNOVATIVES DESIGN! 2 in 1 Rucksack<\/div>\n<div class=\"smania_landing_description_txt\">Der Charme einer klassischen Tasche mit der Handlichkeit eines modernen Rucksacks!<\/div>\n<div class=\"smania_landing_description_subtitle\">Der weiche 2 in 1 Rucksack beeindruckt mit seiner Ger\u00e4umigkeit, die es dir erlaubt, alles, was du f\u00fcr einen aktiven Tag ben\u00f6tigst, immer griffbereit zu haben. Mit einer einfachen Riemenverstellung passt sich der Rucksack deinem Stil an, so dass du immer f\u00fcr die Abenteuer des Alltags bereit bist.<\/div>\n<div class=\"smania_landing_description_list\">\n<ul>\n<li>Vervollst\u00e4ndigt jeden Stil<\/li>\n<li>Aus weichem, sich angenehm anf\u00fchlendem Material<\/li>\n<li>Kann auf zwei Arten getragen werden<\/li>\n<li>Einfach verstellbarer Riemen<\/li>\n<li>Hat ein sehr gro\u00dfes Fach<\/li>\n<\/ul><\/div>\n","protected":false},"excerpt":{"rendered":"<p>Zwei praktische Seitentaschen|Perfekt f\u00fcr deine allt\u00e4glichen Abenteuer|Elegant und modern|Verstellbarer Riemen|Praktischer Rei\u00dfverschluss|Erh\u00e4ltlich in 2 Farben|Ma\u00dfe: 30 x 16 x 31 cm|Hergestellt aus verschlei\u00dffestem Kunstleder<\/p>\n","protected":false},"featured_media":24744,"template":"","meta":[],"product_cat":[2261,2120,22],"product_tag":[1529,1541],"acf":[],"_links":{"self":[{"href":"https:\/\/smania.store\/at\/wp-json\/wp\/v2\/product\/24751"}],"collection":[{"href":"https:\/\/smania.store\/at\/wp-json\/wp\/v2\/product"}],"about":[{"href":"https:\/\/smania.store\/at\/wp-json\/wp\/v2\/types\/product"}],"wp:featuredmedia":[{"embeddable":true,"href":"https:\/\/smania.store\/at\/wp-json\/wp\/v2\/media\/24744"}],"wp:attachment":[{"href":"https:\/\/smania.store\/at\/wp-json\/wp\/v2\/media?parent=24751"}],"wp:term":[{"taxonomy":"product_cat","embeddable":true,"href":"https:\/\/smania.store\/at\/wp-json\/wp\/v2\/product_cat?post=24751"},{"taxonomy":"product_tag","embeddable":true,"href":"https:\/\/smania.store\/at\/wp-json\/wp\/v2\/product_tag?post=24751"}],"curies":[{"name":"wp","href":"https:\/\/api.w.org\/{rel}","templated":true}]}}