{"id":23606,"date":"2021-10-05T07:29:57","date_gmt":"2021-10-05T05:29:57","guid":{"rendered":"https:\/\/smania.store\/de\/produkt\/fliesen-nivelliersystem-protiler\/"},"modified":"2024-04-04T10:16:00","modified_gmt":"2024-04-04T08:16:00","slug":"fliesen-nivelliersystem-protiler","status":"publish","type":"product","link":"https:\/\/smania.store\/at\/produkt\/fliesen-nivelliersystem-protiler\/","title":{"rendered":"Fliesen-Nivelliersystem ProTiler"},"content":{"rendered":"<div class=\"smania_landing_description_title\">NEU! Fliesen-Nivelliersystem ProTiler<\/div>\n<div class=\"smania_landing_description_txt\">Verlege Fliesen schnell und pr\u00e4zise in deinem Haus!<\/div>\n<div class=\"smania_landing_description_subtitle\">Das unentbehrliche Werkzeug der Profis bringt die Fliesen in eine perfekte Ebene und beschleunigt und erleichtert die Verlegearbeit. Zudem reduziert es den Bedarf an Schleifen und Polieren nach getaner Arbeit erheblich.<\/div>\n<div class=\"smania_landing_description_list\">\n<ul>\n<li>Bew\u00e4hrtes effektives Fliesen-Verlegesystem<\/li>\n<li>Gleichm\u00e4\u00dfig verlegte Fliesen in k\u00fcrzerer Zeit und mit weniger Aufwand<\/li>\n<li>Ideal zum Verlegen gr\u00f6\u00dferer Fliesen auf dem Boden und an den W\u00e4nden<\/li>\n<li>Einfache Entfernung von wiederverwendbaren Fliesenabstandshaltern<\/li>\n<\/ul><\/div>\n","protected":false},"excerpt":{"rendered":"<p>Ein effizientes Fliesen-Verlegesystem|Satz enth\u00e4lt: 100 Fliesenabstandshalter, Schraubenschl\u00fcssel|Fliesenabstand: 2\u20136 mm|F\u00fcr Fliesenh\u00f6he: 3\u201315 mm|Dimensionen des Fliesenabstandshalters: 73 \u00d7 36 \u00d7 36 mm|Gewicht des Fliesenabstandshalters: 13 g|Material: ABS + rostfreier Stahl|100% gleichm\u00e4\u00dfig verlegte Fliesen<\/p>\n","protected":false},"featured_media":38011,"template":"","meta":[],"product_cat":[2181,2366,2326,222],"product_tag":[1510],"acf":[],"_links":{"self":[{"href":"https:\/\/smania.store\/at\/wp-json\/wp\/v2\/product\/23606"}],"collection":[{"href":"https:\/\/smania.store\/at\/wp-json\/wp\/v2\/product"}],"about":[{"href":"https:\/\/smania.store\/at\/wp-json\/wp\/v2\/types\/product"}],"wp:featuredmedia":[{"embeddable":true,"href":"https:\/\/smania.store\/at\/wp-json\/wp\/v2\/media\/38011"}],"wp:attachment":[{"href":"https:\/\/smania.store\/at\/wp-json\/wp\/v2\/media?parent=23606"}],"wp:term":[{"taxonomy":"product_cat","embeddable":true,"href":"https:\/\/smania.store\/at\/wp-json\/wp\/v2\/product_cat?post=23606"},{"taxonomy":"product_tag","embeddable":true,"href":"https:\/\/smania.store\/at\/wp-json\/wp\/v2\/product_tag?post=23606"}],"curies":[{"name":"wp","href":"https:\/\/api.w.org\/{rel}","templated":true}]}}