{"id":22552,"date":"2021-10-04T13:59:07","date_gmt":"2021-10-04T11:59:07","guid":{"rendered":"https:\/\/smania.store\/de\/articolo\/brettspiel-pinguice\/"},"modified":"2023-11-30T12:11:49","modified_gmt":"2023-11-30T11:11:49","slug":"brettspiel-pinguice","status":"publish","type":"product","link":"https:\/\/smania.store\/at\/produkt\/brettspiel-pinguice\/","title":{"rendered":"Brettspiel PinguIce"},"content":{"rendered":"<div class=\"smania_landing_description_title\">Cool! Brettspiel PinguIce<\/div>\n<div class=\"smania_landing_description_txt\">Das erfrischendste Brettspiel f\u00fcr die ganze Familie!<\/div>\n<div class=\"smania_landing_description_subtitle\">Brich das Eis der Eint\u00f6nigkeit! Am\u00fcsiere dich mit deiner Familie beim Versuch, den niedlichen Pinguin zu retten. Aber Vorsicht, wenn er ins kalte Wasser f\u00e4llt, w\u00e4hrend Du auf das Eis klopfst, dann hast Du verloren!<\/div>\n<div class=\"smania_landing_description_list\">\n<ul>\n<li>Bietet endlose Stunden voller Spa\u00df f\u00fcr Kinder und Erwachsene<\/li>\n<li>Durch das Spielen st\u00e4rkst Du die Familienbande<\/li>\n<li>F\u00f6rdert die Entwicklung des strategischen Denkens von Kindern<\/li>\n<li>Das Klopfen auf die W\u00fcrfel f\u00f6rdert die manuelle Geschicklichkeit<\/li>\n<li>Das Spiel ist von hoher Qualit\u00e4t und leicht zu transportieren<\/li>\n<\/ul>\n<\/div>\n","protected":false},"excerpt":{"rendered":"<p>F\u00fcr stundenlangen Spa\u00df|F\u00f6rdert die Entwicklung von strategischem Denken|F\u00f6rdert die manuelle Geschicklichkeit|St\u00e4rkt die Bindungen zwischen den Spielern|Leicht zu reinigen und zu lagern|Leicht und tragbar|Dimensionen: 22,5 x 19,5 x 7,5 cm|Material: ABS<\/p>\n","protected":false},"featured_media":26691,"template":"","meta":[],"product_cat":[17,2550,2122],"product_tag":[1476,1490,1478],"acf":[],"_links":{"self":[{"href":"https:\/\/smania.store\/at\/wp-json\/wp\/v2\/product\/22552"}],"collection":[{"href":"https:\/\/smania.store\/at\/wp-json\/wp\/v2\/product"}],"about":[{"href":"https:\/\/smania.store\/at\/wp-json\/wp\/v2\/types\/product"}],"wp:featuredmedia":[{"embeddable":true,"href":"https:\/\/smania.store\/at\/wp-json\/wp\/v2\/media\/26691"}],"wp:attachment":[{"href":"https:\/\/smania.store\/at\/wp-json\/wp\/v2\/media?parent=22552"}],"wp:term":[{"taxonomy":"product_cat","embeddable":true,"href":"https:\/\/smania.store\/at\/wp-json\/wp\/v2\/product_cat?post=22552"},{"taxonomy":"product_tag","embeddable":true,"href":"https:\/\/smania.store\/at\/wp-json\/wp\/v2\/product_tag?post=22552"}],"curies":[{"name":"wp","href":"https:\/\/api.w.org\/{rel}","templated":true}]}}