{"id":21526,"date":"2021-10-04T11:07:17","date_gmt":"2021-10-04T09:07:17","guid":{"rendered":"https:\/\/smania.store\/de\/articolo\/hohlraumduebel-bolt-in\/"},"modified":"2023-05-14T13:13:08","modified_gmt":"2023-05-14T11:13:08","slug":"hohlraumduebel-bolt-in","status":"publish","type":"product","link":"https:\/\/smania.store\/at\/produkt\/hohlraumduebel-bolt-in\/","title":{"rendered":"Hohlraumd\u00fcbel Bolt-In"},"content":{"rendered":"<div class=\"smania_landing_description_title\">NEU! Hohlraumd\u00fcbel Bolt-In<\/div>\n<div class=\"smania_landing_description_txt\">Der st\u00e4rkste D\u00fcbel der Welt f\u00fcr Hohlw\u00e4nde!<\/div>\n<div class=\"smania_landing_description_subtitle\">Drehe die Schraube ein, damit sich der D\u00fcbel spreizt und an der Bohrlochwandung h\u00e4lt. Das erh\u00f6ht die Befestigungskraft und sorgt f\u00fcr eine bessere Stabilit\u00e4t! Perfekt f\u00fcr hohle Grundmaterialien wie Gipskartonplatten, Putz und Fliesen.<\/div>\n<div class=\"smania_landing_description_list\">\n<ul>\n<li>Spreizt stark in allen Hohlr\u00e4umen auf<\/li>\n<li>Korrosionsbest\u00e4ndig, rostfrei, robust und praktisch<\/li>\n<li>Mit Anti-Rotations-Technologie f\u00fcr leichteres Eindrehen<\/li>\n<li>Hergestellt aus hochwertigen und strapazierf\u00e4higen Materialien f\u00fcr eine lange Lebensdauer<\/li>\n<li>Geeignet f\u00fcr Gipskartonplatten, Benzolplatten, Dekorplatten und mehr<\/li>\n<\/ul><\/div>\n","protected":false},"excerpt":{"rendered":"<p>Langlebig und verschlei\u00dffest|Breites Anwendungsspektrum|Anti-Rotations-Technologie|Korrosionsbest\u00e4ndig|L\u00e4sst sich in wenigen Minuten montieren|Satz mit 100 St\u00fcck|D\u00fcbel in Schmetterlingsform|Material: PP und rostfreier Stahl<\/p>\n","protected":false},"featured_media":21520,"template":"","meta":[],"product_cat":[2181,2326,222],"product_tag":[1510,1477,1479],"acf":[],"_links":{"self":[{"href":"https:\/\/smania.store\/at\/wp-json\/wp\/v2\/product\/21526"}],"collection":[{"href":"https:\/\/smania.store\/at\/wp-json\/wp\/v2\/product"}],"about":[{"href":"https:\/\/smania.store\/at\/wp-json\/wp\/v2\/types\/product"}],"wp:featuredmedia":[{"embeddable":true,"href":"https:\/\/smania.store\/at\/wp-json\/wp\/v2\/media\/21520"}],"wp:attachment":[{"href":"https:\/\/smania.store\/at\/wp-json\/wp\/v2\/media?parent=21526"}],"wp:term":[{"taxonomy":"product_cat","embeddable":true,"href":"https:\/\/smania.store\/at\/wp-json\/wp\/v2\/product_cat?post=21526"},{"taxonomy":"product_tag","embeddable":true,"href":"https:\/\/smania.store\/at\/wp-json\/wp\/v2\/product_tag?post=21526"}],"curies":[{"name":"wp","href":"https:\/\/api.w.org\/{rel}","templated":true}]}}