{"id":1725,"date":"2021-05-19T05:40:43","date_gmt":"2021-05-19T03:40:43","guid":{"rendered":"https:\/\/s-mania.si\/?page_id=1725"},"modified":"2023-11-17T08:24:27","modified_gmt":"2023-11-17T07:24:27","slug":"uber-uns","status":"publish","type":"page","link":"https:\/\/smania.store\/at\/uber-uns\/","title":{"rendered":"Impressum"},"content":{"rendered":"\n<div class=\"smania_static_side\">\n\n    <div class=\"smania_static_side_left\">\n        <h4>Adresse<\/h4>\n        DFVU d.o.o.\n        <br>\n        Liparjeva cesta 6a\n        <br>\n        1234 Menge\u0161\n        <br>\n        Slowenien\n        <br><br>\n        <h4>E-Mail:<\/h4>\n        <a href=\"mailto:info@s-mania.at\">info@s-mania.at<\/a>\n        \n        <br><br>\n        <h4>Telefon<\/h4>\n        <a href=\"tel:0043720778819\">72 0778819<\/a>\n        \n        <br><br>\n        <h4>Betriebszeiten<\/h4>\n        Von Montag bis Freitag: 7 AM&nbsp;bis 3 PM\n        \n        <br><br>\n        <h4>Gr\u00fcndungsdaten<\/h4>\n        Handelsregister: AJPES, Zweigstelle Ljubljana\n        <br>\n        Datum der Registrierung: 13.12.2016\n        \n        <br><br>\n        <h4>Identifikationsdaten<\/h4>\n        Umsatzsteuer-Identifikationsnummer: SI35983175\n        <br>\n        F\u00fcr MwSt-Zwecke registriertes Unternehmen: JA\n        <br>\n        Registernummer: 7193548000\n        <br>\n        Bankkonto: SI56 6100 0001 5525 391 (DELAVSKA HRANILNICA d.d)\n        <br>\n        BIC: HDELSI22\n    \n    <\/div>\n    \n    <div class=\"smania_static_side_right\">\n    \n        <h3>NACHRICHTEN<\/h3>\n        <span style=\"color: #808080;\">29.03.2021<\/span>\n        <br>\n        <strong>Benachrichtigung \u00fcber die Nichtverwendung des Stempels zur \u00dcberpr\u00fcfung von Dokumenten<\/strong>\n        <br>\n        <a target=\"_blank\" href=\"https:\/\/s-mania.si\/wp-content\/uploads\/doc\/Sklep-o-neuporabi-%C5%BEiga-2021.pdf\" rel=\"noopener\">Dokument ansehen<\/a>\n    \n    <\/div>\n    \n<\/div>\n    \n    <style>\n    \n    #main a {\n        color: #0087DE;\n        text-decoration: none!important;\n        }\n    \n    .smania_static_side {\n    \n        display: flex;\n        flex-direction: row;\n    \n    }\n    \n    .smania_static_side_left {\n    \n        padding-right: 40px;\n        margin-right: 40px;\n        border-right: 1px solid #dcdcdc;\n    \n    }\n    \n    @media only screen and (max-width: 800px) {\n    \n        .smania_static_side {\n    \n            flex-direction: column;\n    \n        }\n    \n        .smania_static_side > div {\n    \n            width: 100%;\n    \n        }\n    \n        .smania_static_side_left {\n    \n            padding-right: 0;\n            margin-right: 0;\n            border-right: none;\n    \n            padding-bottom: 40px;\n            margin-bottom: 40px;\n            border-bottom: 1px solid #dcdcdc;\n    \n        }\n    \n    }\n    \n    <\/style>\n\n\n\n<p><\/p>\n","protected":false},"excerpt":{"rendered":"<p>Adresse DFVU d.o.o. Liparjeva cesta 6a 1234 Menge\u0161 Slowenien E-Mail: info@s-mania.at Telefon 72 0778819 Betriebszeiten Von Montag bis Freitag: 7 AM&nbsp;bis 3 PM Gr\u00fcndungsdaten Handelsregister: AJPES, Zweigstelle Ljubljana Datum der Registrierung: 13.12.2016 Identifikationsdaten Umsatzsteuer-Identifikationsnummer: SI35983175 F\u00fcr MwSt-Zwecke registriertes Unternehmen: JA Registernummer: 7193548000 Bankkonto: SI56 6100 0001 5525 391 (DELAVSKA HRANILNICA d.d) BIC: HDELSI22 NACHRICHTEN 29.03.2021 [&hellip;]<\/p>\n","protected":false},"author":1,"featured_media":0,"parent":0,"menu_order":0,"comment_status":"closed","ping_status":"closed","template":"","meta":[],"acf":[],"_links":{"self":[{"href":"https:\/\/smania.store\/at\/wp-json\/wp\/v2\/pages\/1725"}],"collection":[{"href":"https:\/\/smania.store\/at\/wp-json\/wp\/v2\/pages"}],"about":[{"href":"https:\/\/smania.store\/at\/wp-json\/wp\/v2\/types\/page"}],"author":[{"embeddable":true,"href":"https:\/\/smania.store\/at\/wp-json\/wp\/v2\/users\/1"}],"replies":[{"embeddable":true,"href":"https:\/\/smania.store\/at\/wp-json\/wp\/v2\/comments?post=1725"}],"version-history":[{"count":31,"href":"https:\/\/smania.store\/at\/wp-json\/wp\/v2\/pages\/1725\/revisions"}],"predecessor-version":[{"id":37530,"href":"https:\/\/smania.store\/at\/wp-json\/wp\/v2\/pages\/1725\/revisions\/37530"}],"wp:attachment":[{"href":"https:\/\/smania.store\/at\/wp-json\/wp\/v2\/media?parent=1725"}],"curies":[{"name":"wp","href":"https:\/\/api.w.org\/{rel}","templated":true}]}}